{"id":8176,"date":"2022-08-31T14:46:42","date_gmt":"2022-08-31T12:46:42","guid":{"rendered":"http:\/\/przedszkolejenin.pl\/?page_id=8176"},"modified":"2025-09-15T19:48:56","modified_gmt":"2025-09-15T17:48:56","slug":"20222023-2","status":"publish","type":"page","link":"https:\/\/przedszkolejenin.pl\/index.php\/galeria\/20222023-2\/","title":{"rendered":"2022\/2023"},"content":{"rendered":"<p><a href=\"http:\/\/przedszkolejenin.pl\/index.php\/bwg_gallery\/uroczyste-zakonczenie-roku-przedszkolnego\/\">Uroczyste zako\u0144czenie roku przedszkolnego<\/a><\/p>\n<p><a href=\"http:\/\/przedszkolejenin.pl\/index.php\/bwg_gallery\/podsumowanie-projektu-matematyka-w-codziennym-zyciu-przedszkolaka\/\">Podsumowanie projektu \u201eMatematyka w codziennym \u017cyciu przedszkolaka\u201d<\/a><\/p>\n<p><a href=\"http:\/\/przedszkolejenin.pl\/index.php\/bwg_gallery\/nocka-w-przedszkolu\/\">Nocka w przedszkolu<\/a><\/p>\n<p><a href=\"http:\/\/przedszkolejenin.pl\/index.php\/bwg_gallery\/festyn-rodzinny-2\/\">Festyn Rodzinny 2023<\/a><\/p>\n<p><a href=\"http:\/\/przedszkolejenin.pl\/index.php\/bwg_gallery\/wizyta-w-teatrze-na-spektaklu-pchla-szachrajka\/\">Wizyta w Teatrze na spektaklu \u201ePch\u0142a Szachrajka\u201d<\/a><\/p>\n<p><a href=\"http:\/\/przedszkolejenin.pl\/index.php\/bwg_gallery\/konkurs-plastyczny-niezwykly-dab\/\">Konkurs plastyczny \u201eNiezwyk\u0142y D\u0105b\u201d<\/a><\/p>\n<p><a href=\"http:\/\/przedszkolejenin.pl\/index.php\/bwg_gallery\/wizyta-w-gminnej-bibliotece-publicznej-w-bogdancu\/\">Wizyta w Gminnej Bibliotece Publicznej w Bogda\u0144cu<\/a><\/p>\n<p><a href=\"http:\/\/przedszkolejenin.pl\/index.php\/bwg_gallery\/wycieczka-do-gospodarstwa-agroturystycznego-w-jenincu\/\">Wycieczka do Gospodarstwa Agroturystycznego w Jeni\u0144cu<\/a><\/p>\n<p><a href=\"http:\/\/przedszkolejenin.pl\/index.php\/bwg_gallery\/genibot-drygentem-kodowanie-kolorowej-muzyki-z-wykorzystaniem-kart-do-kodowania\/\">GeniBot drygentem \u2013 kodowanie kolorowej muzyki z wykorzystaniem kart do kodowania<\/a><\/p>\n<p><a href=\"http:\/\/przedszkolejenin.pl\/index.php\/bwg_gallery\/tak-rozwijamy-motoryke-duza-na-placu-zabaw\/\">Tak rozwijamy motoryk\u0119 du\u017c\u0105 na placu zabaw<\/a><\/p>\n<p><a href=\"http:\/\/przedszkolejenin.pl\/index.php\/bwg_gallery\/zamek-z-kwadratow-wierszem-zakodowany-ukladanie-wzoru-na-podstawie-instrukcji-slownej\/\">Zamek z kwadrat\u00f3w wierszem zakodowany \u2013 uk\u0142adanie wzoru na podstawie instrukcji s\u0142ownej<\/a><\/p>\n<p><a href=\"http:\/\/przedszkolejenin.pl\/index.php\/bwg_gallery\/wycieczka-do-owczogrodu\/\">Wycieczka do Owczogrodu<\/a><\/p>\n<p><a href=\"http:\/\/przedszkolejenin.pl\/index.php\/bwg_gallery\/innowacja-kodowanie-na-dywanie-sztafeta-z-genibotem\/\">Innowacja \u201eKodowanie na dywanie\u201d \u2013 sztafeta z GeniBotem<\/a><\/p>\n<p><a href=\"http:\/\/przedszkolejenin.pl\/index.php\/bwg_gallery\/kolorowy-tydzien-3\/\">Kolorowy tydzie\u0144<\/a><\/p>\n<p><a href=\"http:\/\/przedszkolejenin.pl\/index.php\/bwg_gallery\/matematyka-na-placu-zabaw-mierzymy-dlugosc-i-wysokosc-elementow-sprzetu-na-placu-zabaw-oraz-odleglosci-miedzy-nimi\/\">Matematyka na placu zabaw \u2013 mierzymy d\u0142ugo\u015b\u0107 i wysoko\u015b\u0107 element\u00f3w sprz\u0119tu na placu zabaw oraz odleg\u0142o\u015bci mi\u0119dzy nimi<\/a><\/p>\n<p><a href=\"http:\/\/przedszkolejenin.pl\/index.php\/bwg_gallery\/zakwitlo-przedszkolne-pole-nadziei\/\">Zakwit\u0142o \u201ePrzedszkolne pole nadziei\u201d<\/a><\/p>\n<p><a href=\"http:\/\/przedszkolejenin.pl\/index.php\/bwg_gallery\/zabawy-matematyczne-na-podworku-przedszkolnym-8-kratek\/\">Zabawy matematyczne na podw\u00f3rku przedszkolnym \u201e8 kratek\u201d<\/a><\/p>\n<p><a href=\"http:\/\/przedszkolejenin.pl\/index.php\/bwg_gallery\/innowacja-diecko-badaczem-i-odkrywca-przyrody-malowanie-na-mleku\/\">Innowacja \u201eDziecko badaczem i odkrywc\u0105 przyrody\u201d-malowanie na mleku<\/a><\/p>\n<p><a href=\"http:\/\/przedszkolejenin.pl\/index.php\/bwg_gallery\/przeliczanie-materialu-przyrodniczego-szyszek-oraz-ukladanie-dzialan\/\">Przeliczanie materia\u0142u przyrodniczego \u2013 szyszek oraz uk\u0142adanie dzia\u0142a\u0144<\/a><\/p>\n<p><a href=\"http:\/\/przedszkolejenin.pl\/index.php\/bwg_gallery\/dzien-marchewki\/\">Dzie\u0144 Marchewki<\/a><\/p>\n<p><a href=\"http:\/\/przedszkolejenin.pl\/index.php\/bwg_gallery\/innowacja-kodowanie-na-dywanie-ukladanie-figur-wg-kodu\/\">Innowacja \u201eKodowanie na dywanie\u201d \u2013 uk\u0142adanie figur wg kodu<\/a><\/p>\n<p><a href=\"http:\/\/przedszkolejenin.pl\/index.php\/bwg_gallery\/kiermasz-wielkanocny\/\">Kiermasz Wielkanocny<\/a><\/p>\n<p><a href=\"http:\/\/przedszkolejenin.pl\/index.php\/bwg_gallery\/teatrzyk-kamishibai\/\">Teatrzyk kamishibai<\/a><\/p>\n<p><a href=\"http:\/\/przedszkolejenin.pl\/index.php\/bwg_gallery\/kartki-wielkanocne\/\">Kartki wielkanocne<\/a><\/p>\n<p><a href=\"http:\/\/przedszkolejenin.pl\/index.php\/bwg_gallery\/innowacja-kodowanie-na-dywanie-ukladanie-wiez-z-kolorowych-kubeczkow-wg-kodu\/\">Innowacja \u201eKodowanie na dywanie\u201d-uk\u0142adanie wie\u017cy z kolorowych kubeczk\u00f3w wg kodu<\/a><\/p>\n<p><a href=\"http:\/\/przedszkolejenin.pl\/index.php\/bwg_gallery\/wizyta-magika\/\">Wizyta Magika<\/a><\/p>\n<p><a href=\"http:\/\/przedszkolejenin.pl\/index.php\/bwg_gallery\/mierzymy-co-sie-da-i-czym-sie-da\/\">\u201eMierzymy co si\u0119 da i czym si\u0119 da\u201d<\/a><\/p>\n<p><a href=\"http:\/\/przedszkolejenin.pl\/index.php\/bwg_gallery\/innowacja-wiem-co-jem-prace-w-ogrodku-przedszkolnym\/\">Innowacja \u201eWiem co jem\u201d \u2013 prace w ogr\u00f3dku przedszkolnym<\/a><\/p>\n<p><a href=\"http:\/\/przedszkolejenin.pl\/index.php\/bwg_gallery\/powitanie-wiosny-2023\/\">Powitanie wiosny 2023<\/a><\/p>\n<p><a href=\"http:\/\/przedszkolejenin.pl\/index.php\/bwg_gallery\/centrum-nauki-kopernik-sowa-w-witnicy\/\">Centrum Nauki Kopernik-Sowa w Witnicy<\/a><\/p>\n<p><a href=\"http:\/\/przedszkolejenin.pl\/index.php\/bwg_gallery\/kraina-muzyki-wizyta-bylego-wychowanka-ucznia-szkoly-muzycznej\/\">Kraina muzyki \u2013 wizyta by\u0142ego wychowanka, ucznia Szko\u0142y Muzycznej<\/a><\/p>\n<p><a href=\"http:\/\/przedszkolejenin.pl\/index.php\/bwg_gallery\/czytanie-na-drugie-sniadanie-2\/\">Czytanie na drugie \u015bniadanie<\/a><\/p>\n<p><a href=\"http:\/\/przedszkolejenin.pl\/index.php\/bwg_gallery\/samodzielne-sniadanie-2\/\">Samodzielne \u015bniadanie<\/a><\/p>\n<p><a href=\"http:\/\/przedszkolejenin.pl\/index.php\/2023\/02\/17\/bal-karnawalowy-2023\/\">Bal karnawa\u0142owy 2023<\/a><\/p>\n<p><a href=\"http:\/\/przedszkolejenin.pl\/index.php\/2023\/01\/26\/zdrowe-urodzinki-w-naszym-przedszkolu\/\">Zdrowe urodzinki w naszym przedszkolu<\/a><\/p>\n<p><a href=\"http:\/\/przedszkolejenin.pl\/index.php\/2023\/01\/26\/innowacja-wiem-co-jem-owocowe-szaszlyki\/\">Innowacja &#8222;Wiem co jem&#8221;-owocowe szasz\u0142yki<\/a><\/p>\n<p><a href=\"http:\/\/przedszkolejenin.pl\/index.php\/2023\/01\/26\/9170\/\">Innowacja &#8222;Dziecko badaczem i odkrywc\u0105 przyrody&#8221;-wynalazki-zegar<\/a><\/p>\n<p><a href=\"http:\/\/przedszkolejenin.pl\/index.php\/2023\/01\/03\/wizyta-mikolaja-2022\/\">Wizyta Miko\u0142aja<\/a><\/p>\n<p><a href=\"http:\/\/przedszkolejenin.pl\/index.php\/2023\/01\/03\/stalowa-bombka\/\">Wr\u0119czenie nagr\u00f3d za udzia\u0142 w konkursie &#8222;Stalowa bombka&#8221;<\/a><\/p>\n<p><a href=\"http:\/\/przedszkolejenin.pl\/index.php\/2023\/01\/03\/9071\/\">Ubieranie choinki<\/a><\/p>\n<p><a href=\"http:\/\/przedszkolejenin.pl\/index.php\/2023\/01\/03\/pieczenie-piernikow-2022\/\">Pieczenie piernik\u00f3w<\/a><\/p>\n<p><a href=\"http:\/\/przedszkolejenin.pl\/index.php\/2022\/12\/18\/prezenty-od-mikolaja\/\">Prezenty od Miko\u0142aja<\/a><\/p>\n<p><a href=\"http:\/\/przedszkolejenin.pl\/index.php\/2022\/12\/18\/wyjazd-do-filharmonii\/\">Wyjazd do Filharmonii<\/a><\/p>\n<p><a href=\"http:\/\/przedszkolejenin.pl\/index.php\/2022\/12\/18\/przygotowania-do-kiermaszu\/\">Przygotowania do kiermaszu<\/a><\/p>\n<p><a href=\"http:\/\/przedszkolejenin.pl\/index.php\/2022\/12\/18\/udzial-w-projekcie-rodzina-jest-wazna\/\">Udzia\u0142 w projekcie &#8222;Rodzina jest wa\u017cna&#8221;<\/a><\/p>\n<p><a href=\"http:\/\/przedszkolejenin.pl\/index.php\/2022\/12\/18\/andrzejki-2022\/\">Andrzejki<\/a><\/p>\n<p><a href=\"http:\/\/przedszkolejenin.pl\/index.php\/2022\/12\/04\/zabawy-na-sniegu-2022\/\">Zabawy na \u015bniegu<\/a><\/p>\n<p><a href=\"http:\/\/przedszkolejenin.pl\/index.php\/2022\/12\/04\/dzien-pluszowego-misia-2022\/\">Dzie\u0144 Pluszowego Misia<\/a><\/p>\n<p><a href=\"http:\/\/przedszkolejenin.pl\/index.php\/2022\/12\/04\/dzien-niepodleglosci-2022\/\">Dzie\u0144 Niepodleg\u0142o\u015bci<\/a><\/p>\n<p><a href=\"http:\/\/przedszkolejenin.pl\/index.php\/2022\/12\/04\/europejski-tydzien-kodowania-2022\/\">Europejski Tydzie\u0144 Kodowania<\/a><\/p>\n<p><a href=\"http:\/\/przedszkolejenin.pl\/index.php\/2023\/01\/03\/innowacja-dziecko-badaczem-i-odkrywca-przyrody-powietrze\/\">Innowacja &#8222;Dziecko badaczem i odkrywc\u0105 przyrody&#8221;-powietrze<\/a><\/p>\n<p><a href=\"http:\/\/przedszkolejenin.pl\/index.php\/2022\/11\/20\/bal-jesieni-2022\/\">Bal Jesieni<\/a><\/p>\n<p><a href=\"http:\/\/przedszkolejenin.pl\/index.php\/2022\/11\/20\/wycieczka-do-kina-i-restauracji-pod-losiem\/\">Wycieczka do Kina i Restauracji Pod \u0141osiem<\/a><\/p>\n<p><a href=\"http:\/\/przedszkolejenin.pl\/index.php\/2022\/10\/11\/pole-nadziei-2022\/\">Przedszkolne pole nadziei<\/a><\/p>\n<p><a href=\"http:\/\/przedszkolejenin.pl\/index.php\/2022\/11\/20\/innowacja-wiem-co-jem-jak-powstaje-chleb\/\">Innowacja &#8222;Wiem co jem&#8221;-Jak powstaje chleb?<\/a><\/p>\n<p><a href=\"http:\/\/przedszkolejenin.pl\/index.php\/2022\/10\/11\/dzien-chlopaka-2022\/\">Dzie\u0144 ch\u0142opaka<\/a><\/p>\n<p><a href=\"http:\/\/przedszkolejenin.pl\/index.php\/2022\/10\/11\/tecza-na-talerzu\/\">Innowacja &#8222;Dziecko badaczem i odkrywc\u0105 przyrody&#8221; &#8211; t\u0119cza na talerzu<\/a><\/p>\n<p><a href=\"http:\/\/przedszkolejenin.pl\/index.php\/2022\/10\/11\/bomba-witaminowa-czyli-salatka-owocowa-jezyki\/\">Bomba witaminowa czyli sa\u0142atka owocowa &#8211; je\u017cyki<\/a><\/p>\n<p><a href=\"http:\/\/przedszkolejenin.pl\/index.php\/2022\/10\/11\/dzien-z-jesiennym-kwiatkiem\/\">Dzie\u0144 z jesiennym kwiatkiem<\/a><\/p>\n<p><a href=\"http:\/\/przedszkolejenin.pl\/index.php\/2022\/09\/26\/innowacja-dziecko-badaczem-i-odkrywca-przyrody-wlasciwosci-wody\/\">Innowacja &#8222;Dziecko badaczem i odkrywc\u0105 przyrody&#8221; &#8211; w\u0142a\u015bciwo\u015bci wody<\/a><\/p>\n<p><a href=\"http:\/\/przedszkolejenin.pl\/index.php\/2022\/09\/26\/sprzatanie-swiata\/\">Sprz\u0105tanie \u015bwiata<\/a><\/p>\n<p><a href=\"http:\/\/przedszkolejenin.pl\/index.php\/2022\/10\/11\/jesienne-rytmy\/\">Innowacja &#8222;Kodowanie na dywanie&#8221;- Jesienne rytmy<\/a><\/p>\n<p><a href=\"http:\/\/przedszkolejenin.pl\/index.php\/2022\/09\/26\/dzien-przedszkolaka-2022-2\/\">Dzie\u0144 przedszkolaka<\/a><\/p>\n<p><a href=\"http:\/\/przedszkolejenin.pl\/index.php\/2022\/09\/26\/innowacja-wiem-co-jem-kisimy-ogorki\/\">Innowacja &#8222;Wiem co jem&#8221; &#8211; kisimy og\u00f3rki<\/a><\/p>\n<p><a href=\"http:\/\/przedszkolejenin.pl\/index.php\/2022\/10\/11\/rytmy-z-kubeczkow\/\">Innowacja &#8222;Kodowanie na dywanie&#8217; &#8211; rytmy z kubeczk\u00f3w<\/a><\/p>\n<p><a href=\"http:\/\/przedszkolejenin.pl\/index.php\/2022\/09\/26\/dzien-kropki-2022\/\">Dzie\u0144 kropki<\/a><\/p>\n<p><a href=\"http:\/\/przedszkolejenin.pl\/index.php\/2022\/09\/14\/innowacja-wiem-co-jem-jak-powstaje-miod\/\">Innowacja &#8222;Wiem co jem&#8221;-Jak powstaje mi\u00f3d?<\/a><\/p>\n","protected":false},"excerpt":{"rendered":"<p>Uroczyste zako\u0144czenie roku przedszkolnego Podsumowanie projektu \u201eMatematyka w codziennym \u017cyciu przedszkolaka\u201d Nocka w przedszkolu Festyn Rodzinny 2023 Wizyta w Teatrze na spektaklu \u201ePch\u0142a Szachrajka\u201d Konkurs plastyczny \u201eNiezwyk\u0142y D\u0105b\u201d Wizyta w Gminnej Bibliotece Publicznej w Bogda\u0144cu Wycieczka do Gospodarstwa Agroturystycznego w Jeni\u0144cu GeniBot drygentem \u2013 kodowanie kolorowej muzyki z wykorzystaniem kart do kodowania Tak rozwijamy motoryk\u0119 &hellip; <a href=\"https:\/\/przedszkolejenin.pl\/index.php\/galeria\/20222023-2\/\" class=\"more-link\">Czytaj dalej <span class=\"screen-reader-text\">2022\/2023<\/span> <span class=\"meta-nav\">&rarr;<\/span><\/a><\/p>\n","protected":false},"author":1,"featured_media":0,"parent":41,"menu_order":3,"comment_status":"closed","ping_status":"closed","template":"","meta":[],"_links":{"self":[{"href":"https:\/\/przedszkolejenin.pl\/index.php\/wp-json\/wp\/v2\/pages\/8176"}],"collection":[{"href":"https:\/\/przedszkolejenin.pl\/index.php\/wp-json\/wp\/v2\/pages"}],"about":[{"href":"https:\/\/przedszkolejenin.pl\/index.php\/wp-json\/wp\/v2\/types\/page"}],"author":[{"embeddable":true,"href":"https:\/\/przedszkolejenin.pl\/index.php\/wp-json\/wp\/v2\/users\/1"}],"replies":[{"embeddable":true,"href":"https:\/\/przedszkolejenin.pl\/index.php\/wp-json\/wp\/v2\/comments?post=8176"}],"version-history":[{"count":81,"href":"https:\/\/przedszkolejenin.pl\/index.php\/wp-json\/wp\/v2\/pages\/8176\/revisions"}],"predecessor-version":[{"id":9998,"href":"https:\/\/przedszkolejenin.pl\/index.php\/wp-json\/wp\/v2\/pages\/8176\/revisions\/9998"}],"up":[{"embeddable":true,"href":"https:\/\/przedszkolejenin.pl\/index.php\/wp-json\/wp\/v2\/pages\/41"}],"wp:attachment":[{"href":"https:\/\/przedszkolejenin.pl\/index.php\/wp-json\/wp\/v2\/media?parent=8176"}],"curies":[{"name":"wp","href":"https:\/\/api.w.org\/{rel}","templated":true}]}}