{"id":6960,"date":"2021-11-26T10:25:59","date_gmt":"2021-11-26T09:25:59","guid":{"rendered":"http:\/\/przedszkolejenin.pl\/?page_id=6960"},"modified":"2021-12-29T12:02:22","modified_gmt":"2021-12-29T11:02:22","slug":"dzialania-w-roku-szkolnym-20212022","status":"publish","type":"page","link":"https:\/\/przedszkolejenin.pl\/index.php\/przedszkole-promujace-zdrowie\/dzialania-w-roku-szkolnym-20212022\/","title":{"rendered":"Dzia\u0142ania w roku szkolnym 2021\/2022"},"content":{"rendered":"<p style=\"text-align: center;\">Zapraszamy do zapoznania si\u0119 z naszym programem dzia\u0142a\u0144 promuj\u0105cych zdrowie\u00a0\u00a0\u00a0\u00a0\u00a0\u00a0\u00a0\u00a0\u00a0\u00a0\u00a0\u00a0\u00a0 na rok szkolny 2021\/2022<\/p>\n<p style=\"text-align: center;\"><a href=\"http:\/\/przedszkolejenin.pl\/wp-content\/uploads\/2021\/11\/Plan-pracy-Szko\u0142a-Promuj\u0105ca-Zdrowie-2021-2022.docx\">Plan pracy Szko\u0142a Promuj\u0105ca Zdrowie 2021-2022<\/a><\/p>\n<p style=\"text-align: center;\"><strong>Spotkanie z Piotrem Hojk\u0105- Olimpijczykiem, Mistrzem Polski i Europy.<\/strong><\/p>\n<p><img decoding=\"async\" loading=\"lazy\" class=\"alignnone  wp-image-7506\" src=\"http:\/\/przedszkolejenin.pl\/wp-content\/uploads\/2021\/11\/received_289568636545535-300x225.jpeg\" alt=\"\" width=\"243\" height=\"182\" srcset=\"https:\/\/przedszkolejenin.pl\/wp-content\/uploads\/2021\/11\/received_289568636545535-300x225.jpeg 300w, https:\/\/przedszkolejenin.pl\/wp-content\/uploads\/2021\/11\/received_289568636545535-768x576.jpeg 768w, https:\/\/przedszkolejenin.pl\/wp-content\/uploads\/2021\/11\/received_289568636545535.jpeg 960w\" sizes=\"(max-width: 243px) 100vw, 243px\" \/> \u00a0 \u00a0\u00a0 <img decoding=\"async\" loading=\"lazy\" class=\"alignnone  wp-image-7507\" src=\"http:\/\/przedszkolejenin.pl\/wp-content\/uploads\/2021\/11\/received_441423234128101-300x225.jpeg\" alt=\"\" width=\"243\" height=\"182\" srcset=\"https:\/\/przedszkolejenin.pl\/wp-content\/uploads\/2021\/11\/received_441423234128101-300x225.jpeg 300w, https:\/\/przedszkolejenin.pl\/wp-content\/uploads\/2021\/11\/received_441423234128101-768x576.jpeg 768w, https:\/\/przedszkolejenin.pl\/wp-content\/uploads\/2021\/11\/received_441423234128101.jpeg 960w\" sizes=\"(max-width: 243px) 100vw, 243px\" \/><\/p>\n<p style=\"text-align: center;\">S\u0142ynny wio\u015blarz &#8211; Piotr Hojka opowiedzia\u0142 nam jak rozpocz\u0119\u0142a si\u0119 Jego kariera, a przede wszystkim jaki wp\u0142yw na jego \u017cycie mia\u0142 sport.\u00a0 Podczas swojej wizyty nasz go\u015b\u0107 niejednokrotnie podkre\u015bla\u0142 pozytywny wp\u0142yw aktywno\u015bci fizycznej na zdrowie i \u017cycie cz\u0142owieka.<\/p>\n<blockquote class=\"wp-embedded-content\" data-secret=\"YC6KPcCUMg\"><p><a href=\"http:\/\/przedszkolejenin.pl\/index.php\/2021\/12\/29\/spotkanie-z-wioslarzem-piotrem-hojko\/\">Spotkanie z wio\u015blarzem Piotrem Hojko<\/a><\/p><\/blockquote>\n<p><iframe class=\"wp-embedded-content\" sandbox=\"allow-scripts\" security=\"restricted\" style=\"position: absolute; clip: rect(1px, 1px, 1px, 1px);\" src=\"http:\/\/przedszkolejenin.pl\/index.php\/2021\/12\/29\/spotkanie-z-wioslarzem-piotrem-hojko\/embed\/#?secret=YC6KPcCUMg\" data-secret=\"YC6KPcCUMg\" width=\"600\" height=\"338\" title=\"&#8222;Spotkanie z wio\u015blarzem Piotrem Hojko&#8221; &#8212; Przedszkole Jenin\" frameborder=\"0\" marginwidth=\"0\" marginheight=\"0\" scrolling=\"no\"><\/iframe><\/p>\n<p style=\"text-align: center;\"><strong>Zimowe zabawy na \u015bniegu<\/strong><\/p>\n<p><img decoding=\"async\" loading=\"lazy\" class=\"alignnone wp-image-7364\" src=\"http:\/\/przedszkolejenin.pl\/wp-content\/uploads\/2021\/12\/received_349333760332169-225x300.jpeg\" alt=\"\" width=\"154\" height=\"205\" srcset=\"https:\/\/przedszkolejenin.pl\/wp-content\/uploads\/2021\/12\/received_349333760332169-225x300.jpeg 225w, https:\/\/przedszkolejenin.pl\/wp-content\/uploads\/2021\/12\/received_349333760332169.jpeg 720w\" sizes=\"(max-width: 154px) 100vw, 154px\" \/>\u00a0\u00a0\u00a0 <img decoding=\"async\" loading=\"lazy\" class=\"alignnone wp-image-7351\" src=\"http:\/\/przedszkolejenin.pl\/wp-content\/uploads\/2021\/12\/received_599197701305160-225x300.jpeg\" alt=\"\" width=\"158\" height=\"210\" srcset=\"https:\/\/przedszkolejenin.pl\/wp-content\/uploads\/2021\/12\/received_599197701305160-225x300.jpeg 225w, https:\/\/przedszkolejenin.pl\/wp-content\/uploads\/2021\/12\/received_599197701305160.jpeg 720w\" sizes=\"(max-width: 158px) 100vw, 158px\" \/> \u00a0 <img decoding=\"async\" loading=\"lazy\" class=\"alignnone wp-image-7363\" src=\"http:\/\/przedszkolejenin.pl\/wp-content\/uploads\/2021\/12\/received_1035976487132640-300x225.jpeg\" alt=\"\" width=\"233\" height=\"175\" srcset=\"https:\/\/przedszkolejenin.pl\/wp-content\/uploads\/2021\/12\/received_1035976487132640-300x225.jpeg 300w, https:\/\/przedszkolejenin.pl\/wp-content\/uploads\/2021\/12\/received_1035976487132640-768x576.jpeg 768w, https:\/\/przedszkolejenin.pl\/wp-content\/uploads\/2021\/12\/received_1035976487132640.jpeg 960w\" sizes=\"(max-width: 233px) 100vw, 233px\" \/><\/p>\n<p style=\"text-align: center;\">&#8222;Hu, hu, ha, hu, hu, ha nasza zima z\u0142a&#8221;&#8230;. Ale my si\u0119 zimy nie boimy i na \u015bniegu wci\u0105\u017c bawimy \ud83d\ude42 Jak wida\u0107 na wspania\u0142\u0105 zabaw\u0119 na \u015bwie\u017cym powietrzu nie ma z\u0142ej pogody. Rado\u015b\u0107 przedszkolak\u00f3w z aktywno\u015bci ruchowej na \u015bniegu &#8211; nieoceniona \ud83d\ude42<\/p>\n<blockquote class=\"wp-embedded-content\" data-secret=\"OKndHv6COu\"><p><a href=\"http:\/\/przedszkolejenin.pl\/index.php\/2021\/12\/12\/zimowe-zabawy-na-sniegu-2021\/\">Zimowe zabawy na \u015bniegu 2021<\/a><\/p><\/blockquote>\n<p><iframe class=\"wp-embedded-content\" sandbox=\"allow-scripts\" security=\"restricted\" style=\"position: absolute; clip: rect(1px, 1px, 1px, 1px);\" src=\"http:\/\/przedszkolejenin.pl\/index.php\/2021\/12\/12\/zimowe-zabawy-na-sniegu-2021\/embed\/#?secret=OKndHv6COu\" data-secret=\"OKndHv6COu\" width=\"600\" height=\"338\" title=\"&#8222;Zimowe zabawy na \u015bniegu 2021&#8221; &#8212; Przedszkole Jenin\" frameborder=\"0\" marginwidth=\"0\" marginheight=\"0\" scrolling=\"no\"><\/iframe><\/p>\n<p style=\"text-align: center;\"><strong>Wizyta dietetyka<\/strong><\/p>\n<p><img decoding=\"async\" loading=\"lazy\" class=\"alignnone wp-image-7411\" src=\"http:\/\/przedszkolejenin.pl\/wp-content\/uploads\/2021\/11\/received_561698974874341-1-225x300.jpeg\" alt=\"\" width=\"164\" height=\"219\" srcset=\"https:\/\/przedszkolejenin.pl\/wp-content\/uploads\/2021\/11\/received_561698974874341-1-225x300.jpeg 225w, https:\/\/przedszkolejenin.pl\/wp-content\/uploads\/2021\/11\/received_561698974874341-1.jpeg 600w\" sizes=\"(max-width: 164px) 100vw, 164px\" \/> \u00a0 <img decoding=\"async\" loading=\"lazy\" class=\"alignnone wp-image-7412\" src=\"http:\/\/przedszkolejenin.pl\/wp-content\/uploads\/2021\/11\/received_895712734441164-1-225x300.jpeg\" alt=\"\" width=\"163\" height=\"218\" srcset=\"https:\/\/przedszkolejenin.pl\/wp-content\/uploads\/2021\/11\/received_895712734441164-1-225x300.jpeg 225w, https:\/\/przedszkolejenin.pl\/wp-content\/uploads\/2021\/11\/received_895712734441164-1.jpeg 720w\" sizes=\"(max-width: 163px) 100vw, 163px\" \/>\u00a0\u00a0 <img decoding=\"async\" loading=\"lazy\" class=\"alignnone wp-image-7413\" src=\"http:\/\/przedszkolejenin.pl\/wp-content\/uploads\/2021\/11\/received_4579741925451503-1-300x225.jpeg\" alt=\"\" width=\"238\" height=\"179\" srcset=\"https:\/\/przedszkolejenin.pl\/wp-content\/uploads\/2021\/11\/received_4579741925451503-1-300x225.jpeg 300w, https:\/\/przedszkolejenin.pl\/wp-content\/uploads\/2021\/11\/received_4579741925451503-1-768x576.jpeg 768w, https:\/\/przedszkolejenin.pl\/wp-content\/uploads\/2021\/11\/received_4579741925451503-1.jpeg 960w\" sizes=\"(max-width: 238px) 100vw, 238px\" \/><\/p>\n<p style=\"text-align: center;\">Dieta nie tylko doros\u0142ym, ale jak si\u0119 okaza\u0142o r\u00f3wnie\u017c dzieciom kojarzy si\u0119 z zakazami, &#8222;\u017ce czego\u015b nie wolno&#8221;, z &#8222;niesmacznym jedzeniem&#8221;, &#8222;\u017ce trzeba si\u0119 odchudza\u0107&#8221;. Takie skojarzenia z diet\u0105 mia\u0142y nasze przedszkolaki. Jednak po wizycie pani dietetyk z &#8222;Smaczna Dieta&#8221; w Gorzowie Wielkopolskim dzieci dowiedzia\u0142y si\u0119, a tak\u017ce same przekona\u0142y, \u017ce dietetyczne jedzenie mo\u017ce by\u0107 bardzo pyszne i jednocze\u015bnie zdrowe. Dzi\u0119kujemy &#8222;Smacznej Diecie&#8221; za zara\u017cenie nas pasj\u0105 do przygotowywania pysznych i zdrowych posi\u0142k\u00f3w.<\/p>\n<blockquote class=\"wp-embedded-content\" data-secret=\"zTYMNDzyi6\"><p><a href=\"http:\/\/przedszkolejenin.pl\/index.php\/2021\/11\/26\/wizyta-dietetyka-2021\/\">Wizyta dietetyka 2021<\/a><\/p><\/blockquote>\n<p><iframe class=\"wp-embedded-content\" sandbox=\"allow-scripts\" security=\"restricted\" style=\"position: absolute; clip: rect(1px, 1px, 1px, 1px);\" src=\"http:\/\/przedszkolejenin.pl\/index.php\/2021\/11\/26\/wizyta-dietetyka-2021\/embed\/#?secret=zTYMNDzyi6\" data-secret=\"zTYMNDzyi6\" width=\"600\" height=\"338\" title=\"&#8222;Wizyta dietetyka 2021&#8221; &#8212; Przedszkole Jenin\" frameborder=\"0\" marginwidth=\"0\" marginheight=\"0\" scrolling=\"no\"><\/iframe><\/p>\n<p style=\"text-align: center;\"><strong>Jesienny spacer &#8222;Wiewi\u00f3rek&#8221; do lasu<\/strong><\/p>\n<p><img decoding=\"async\" loading=\"lazy\" class=\"alignnone wp-image-7407\" src=\"http:\/\/przedszkolejenin.pl\/wp-content\/uploads\/2021\/11\/IMG-20211126-WA0051-1-225x300.jpg\" alt=\"\" width=\"176\" height=\"235\" srcset=\"https:\/\/przedszkolejenin.pl\/wp-content\/uploads\/2021\/11\/IMG-20211126-WA0051-1-225x300.jpg 225w, https:\/\/przedszkolejenin.pl\/wp-content\/uploads\/2021\/11\/IMG-20211126-WA0051-1-768x1024.jpg 768w, https:\/\/przedszkolejenin.pl\/wp-content\/uploads\/2021\/11\/IMG-20211126-WA0051-1.jpg 900w\" sizes=\"(max-width: 176px) 100vw, 176px\" \/> \u00a0\u00a0 <img decoding=\"async\" loading=\"lazy\" class=\"alignnone wp-image-7408\" src=\"http:\/\/przedszkolejenin.pl\/wp-content\/uploads\/2021\/11\/IMG-20211126-WA0054-1-225x300.jpg\" alt=\"\" width=\"176\" height=\"235\" srcset=\"https:\/\/przedszkolejenin.pl\/wp-content\/uploads\/2021\/11\/IMG-20211126-WA0054-1-225x300.jpg 225w, https:\/\/przedszkolejenin.pl\/wp-content\/uploads\/2021\/11\/IMG-20211126-WA0054-1-768x1024.jpg 768w, https:\/\/przedszkolejenin.pl\/wp-content\/uploads\/2021\/11\/IMG-20211126-WA0054-1.jpg 900w\" sizes=\"(max-width: 176px) 100vw, 176px\" \/> \u00a0\u00a0 <img decoding=\"async\" loading=\"lazy\" class=\"alignnone wp-image-7409\" src=\"http:\/\/przedszkolejenin.pl\/wp-content\/uploads\/2021\/11\/IMG-20211126-WA0056-1-225x300.jpg\" alt=\"\" width=\"174\" height=\"232\" srcset=\"https:\/\/przedszkolejenin.pl\/wp-content\/uploads\/2021\/11\/IMG-20211126-WA0056-1-225x300.jpg 225w, https:\/\/przedszkolejenin.pl\/wp-content\/uploads\/2021\/11\/IMG-20211126-WA0056-1-768x1024.jpg 768w, https:\/\/przedszkolejenin.pl\/wp-content\/uploads\/2021\/11\/IMG-20211126-WA0056-1.jpg 900w\" sizes=\"(max-width: 174px) 100vw, 174px\" \/><\/p>\n<p style=\"text-align: center;\">Aktywno\u015b\u0107 fizyczna w codziennym \u017cyciu jest bardzo wa\u017cna &#8211; wiedza o tym nasze przedszkolaki rozmawiaj\u0105c niejednokrotnie na ten temat podczas codziennych zaj\u0119\u0107 w przedszkolu. Naturalna potrzeba ruchu sprawia, i\u017c naszych podopiecznych wcale nie trzeba namawia\u0107 na spacery i zabawy na \u015bwie\u017cym powietrzu. Tym razem &#8222;Wiewi\u00f3rki&#8221; cieszy\u0142y si\u0119 ze wspania\u0142ego spaceru po lesie przy okazji obserwuj\u0105c zmiany zachodz\u0105ce w przyrodzie jesieni\u0105.<\/p>\n<blockquote class=\"wp-embedded-content\" data-secret=\"F4CfX2GAG8\"><p><a href=\"http:\/\/przedszkolejenin.pl\/index.php\/2021\/11\/26\/jesienna-wycieczka-wiewiorek-do-lasu\/\">Jesienna wycieczka wiewi\u00f3rek do lasu<\/a><\/p><\/blockquote>\n<p><iframe class=\"wp-embedded-content\" sandbox=\"allow-scripts\" security=\"restricted\" style=\"position: absolute; clip: rect(1px, 1px, 1px, 1px);\" src=\"http:\/\/przedszkolejenin.pl\/index.php\/2021\/11\/26\/jesienna-wycieczka-wiewiorek-do-lasu\/embed\/#?secret=F4CfX2GAG8\" data-secret=\"F4CfX2GAG8\" width=\"600\" height=\"338\" title=\"&#8222;Jesienna wycieczka wiewi\u00f3rek do lasu&#8221; &#8212; Przedszkole Jenin\" frameborder=\"0\" marginwidth=\"0\" marginheight=\"0\" scrolling=\"no\"><\/iframe><\/p>\n<p style=\"text-align: center;\"><strong>Sa\u0142atka jarzynowa &#8222;Je\u017cyk\u00f3w&#8221;<\/strong><\/p>\n<p><img decoding=\"async\" loading=\"lazy\" class=\"alignnone wp-image-7402\" src=\"http:\/\/przedszkolejenin.pl\/wp-content\/uploads\/2021\/11\/1634558117491-300x225.jpeg\" alt=\"\" width=\"187\" height=\"140\" srcset=\"https:\/\/przedszkolejenin.pl\/wp-content\/uploads\/2021\/11\/1634558117491-300x225.jpeg 300w, https:\/\/przedszkolejenin.pl\/wp-content\/uploads\/2021\/11\/1634558117491-768x576.jpeg 768w, https:\/\/przedszkolejenin.pl\/wp-content\/uploads\/2021\/11\/1634558117491.jpeg 1024w\" sizes=\"(max-width: 187px) 100vw, 187px\" \/> \u00a0 <img decoding=\"async\" loading=\"lazy\" class=\"alignnone wp-image-7403\" src=\"http:\/\/przedszkolejenin.pl\/wp-content\/uploads\/2021\/11\/1634558117505-300x225.jpeg\" alt=\"\" width=\"187\" height=\"141\" srcset=\"https:\/\/przedszkolejenin.pl\/wp-content\/uploads\/2021\/11\/1634558117505-300x225.jpeg 300w, https:\/\/przedszkolejenin.pl\/wp-content\/uploads\/2021\/11\/1634558117505-768x576.jpeg 768w, https:\/\/przedszkolejenin.pl\/wp-content\/uploads\/2021\/11\/1634558117505.jpeg 1024w\" sizes=\"(max-width: 187px) 100vw, 187px\" \/>\u00a0\u00a0 <img decoding=\"async\" loading=\"lazy\" class=\"alignnone wp-image-7404\" src=\"http:\/\/przedszkolejenin.pl\/wp-content\/uploads\/2021\/11\/1634558117566-300x225.jpeg\" alt=\"\" width=\"185\" height=\"139\" srcset=\"https:\/\/przedszkolejenin.pl\/wp-content\/uploads\/2021\/11\/1634558117566-300x225.jpeg 300w, https:\/\/przedszkolejenin.pl\/wp-content\/uploads\/2021\/11\/1634558117566-768x576.jpeg 768w, https:\/\/przedszkolejenin.pl\/wp-content\/uploads\/2021\/11\/1634558117566-1024x768.jpeg 1024w, https:\/\/przedszkolejenin.pl\/wp-content\/uploads\/2021\/11\/1634558117566.jpeg 1200w\" sizes=\"(max-width: 185px) 100vw, 185px\" \/><\/p>\n<p style=\"text-align: center;\">Przedszkolaki pozna\u0142y ju\u017c smak sa\u0142atki owocowej, nie tylko dlatego, \u017ce taki deser cz\u0119sto jedz\u0105 w przedszkolu, ale przede wszystkim, \u017ce mia\u0142y mo\u017cliwo\u015b\u0107, aby przygotowa\u0107 j\u0105 sam\u0105. Teraz nadesz\u0142a pora na sa\u0142atk\u0119 warzywn\u0105. Zdawa\u0107 by si\u0119 mog\u0142o, ze dzieci niezbyt ch\u0119tnie jedz\u0105 warzywa &#8211; nic bardziej mylnego ! \ud83d\ude42 Nasze przedszkolaki ch\u0119tnie zjada\u0142y przygotowan\u0105 przez siebie sa\u0142atk\u0119 \ud83d\ude42 Wa\u017cne te\u017c, ze podczas jej przyrz\u0105dzania dowiedzia\u0142y si\u0119 ile i jakie zdrowe sk\u0142adniki dostarczamy dla naszego organizmu jedz\u0105c warzywa.<\/p>\n<blockquote class=\"wp-embedded-content\" data-secret=\"YsKIgP0zXy\"><p><a href=\"http:\/\/przedszkolejenin.pl\/index.php\/2021\/10\/20\/salatka-warzywna-jezykow\/\">Sa\u0142atka warzywna Je\u017cyk\u00f3w<\/a><\/p><\/blockquote>\n<p><iframe class=\"wp-embedded-content\" sandbox=\"allow-scripts\" security=\"restricted\" style=\"position: absolute; clip: rect(1px, 1px, 1px, 1px);\" src=\"http:\/\/przedszkolejenin.pl\/index.php\/2021\/10\/20\/salatka-warzywna-jezykow\/embed\/#?secret=YsKIgP0zXy\" data-secret=\"YsKIgP0zXy\" width=\"600\" height=\"338\" title=\"&#8222;Sa\u0142atka warzywna Je\u017cyk\u00f3w&#8221; &#8212; Przedszkole Jenin\" frameborder=\"0\" marginwidth=\"0\" marginheight=\"0\" scrolling=\"no\"><\/iframe><\/p>\n<p style=\"text-align: center;\"><strong>Dzie\u0144 Przedszkolaka<\/strong><\/p>\n<p><img decoding=\"async\" loading=\"lazy\" class=\"alignnone wp-image-7398\" src=\"http:\/\/przedszkolejenin.pl\/wp-content\/uploads\/2021\/11\/1634557855150-300x225.jpeg\" alt=\"\" width=\"191\" height=\"143\" srcset=\"https:\/\/przedszkolejenin.pl\/wp-content\/uploads\/2021\/11\/1634557855150-300x225.jpeg 300w, https:\/\/przedszkolejenin.pl\/wp-content\/uploads\/2021\/11\/1634557855150-768x576.jpeg 768w, https:\/\/przedszkolejenin.pl\/wp-content\/uploads\/2021\/11\/1634557855150-1024x768.jpeg 1024w, https:\/\/przedszkolejenin.pl\/wp-content\/uploads\/2021\/11\/1634557855150.jpeg 1200w\" sizes=\"(max-width: 191px) 100vw, 191px\" \/>\u00a0\u00a0 <img decoding=\"async\" loading=\"lazy\" class=\"alignnone wp-image-7399\" src=\"http:\/\/przedszkolejenin.pl\/wp-content\/uploads\/2021\/11\/1634557855155-300x225.jpeg\" alt=\"\" width=\"191\" height=\"144\" srcset=\"https:\/\/przedszkolejenin.pl\/wp-content\/uploads\/2021\/11\/1634557855155-300x225.jpeg 300w, https:\/\/przedszkolejenin.pl\/wp-content\/uploads\/2021\/11\/1634557855155-768x576.jpeg 768w, https:\/\/przedszkolejenin.pl\/wp-content\/uploads\/2021\/11\/1634557855155-1024x768.jpeg 1024w, https:\/\/przedszkolejenin.pl\/wp-content\/uploads\/2021\/11\/1634557855155.jpeg 1200w\" sizes=\"(max-width: 191px) 100vw, 191px\" \/> \u00a0 <img decoding=\"async\" loading=\"lazy\" class=\"alignnone wp-image-7400\" src=\"http:\/\/przedszkolejenin.pl\/wp-content\/uploads\/2021\/11\/1634557855189-300x225.jpeg\" alt=\"\" width=\"188\" height=\"141\" srcset=\"https:\/\/przedszkolejenin.pl\/wp-content\/uploads\/2021\/11\/1634557855189-300x225.jpeg 300w, https:\/\/przedszkolejenin.pl\/wp-content\/uploads\/2021\/11\/1634557855189-768x576.jpeg 768w, https:\/\/przedszkolejenin.pl\/wp-content\/uploads\/2021\/11\/1634557855189-1024x768.jpeg 1024w, https:\/\/przedszkolejenin.pl\/wp-content\/uploads\/2021\/11\/1634557855189.jpeg 1200w\" sizes=\"(max-width: 188px) 100vw, 188px\" \/><\/p>\n<p style=\"text-align: center;\">Jak co roku nasze przedszkole aktywnie uczestniczy w &#8222;Og\u00f3lnopolskim Dniu Przedszkolaka&#8221;. To bardzo wa\u017cny dzie\u0144 dla naszych przedszkolak\u00f3w, ale i dal wszystkich przedszkolak\u00f3w nie tylko w Polsce, ale i na \u015bwiecie. W tym dniu zawsze jest bardzo weso\u0142o, dzieciom dzie\u0144 umilaj\u0105 r\u00f3\u017cnorodne atrakcje przygotowane przez pracownik\u00f3w przedszkola we wsp\u00f3\u0142pracy z Rad\u0105 Rodzic\u00f3w. Nie zapominamy jednak o zdrowym od\u017cywianiu &#8211; niezale\u017cnie od dnia zdrowe nawyki to podstawa! A nasze dzieci ch\u0119tnie jedz\u0105 owoce i warzywa, jak to wida\u0107 by\u0142o i w tym pi\u0119knym dniu.<\/p>\n<blockquote class=\"wp-embedded-content\" data-secret=\"GLFSnN1oJO\"><p><a href=\"http:\/\/przedszkolejenin.pl\/index.php\/2021\/10\/18\/dzien-przedszkolaka-2021-cz-2\/\">Dzie\u0144 przedszkolaka 2021 cz.2<\/a><\/p><\/blockquote>\n<p><iframe class=\"wp-embedded-content\" sandbox=\"allow-scripts\" security=\"restricted\" style=\"position: absolute; clip: rect(1px, 1px, 1px, 1px);\" src=\"http:\/\/przedszkolejenin.pl\/index.php\/2021\/10\/18\/dzien-przedszkolaka-2021-cz-2\/embed\/#?secret=GLFSnN1oJO\" data-secret=\"GLFSnN1oJO\" width=\"600\" height=\"338\" title=\"&#8222;Dzie\u0144 przedszkolaka 2021 cz.2&#8221; &#8212; Przedszkole Jenin\" frameborder=\"0\" marginwidth=\"0\" marginheight=\"0\" scrolling=\"no\"><\/iframe><\/p>\n<p style=\"text-align: center;\"><strong>Grupa &#8222;Je\u017cyki&#8221; przygotowywa\u0142a pyszn\u0105 owocow\u0105 sa\u0142atk\u0119.<\/strong><\/p>\n<p><img decoding=\"async\" loading=\"lazy\" class=\"alignnone wp-image-7394\" src=\"http:\/\/przedszkolejenin.pl\/wp-content\/uploads\/2021\/11\/242934712_970699773793319_5840281902881917842_n-225x300.jpg\" alt=\"\" width=\"169\" height=\"226\" srcset=\"https:\/\/przedszkolejenin.pl\/wp-content\/uploads\/2021\/11\/242934712_970699773793319_5840281902881917842_n-225x300.jpg 225w, https:\/\/przedszkolejenin.pl\/wp-content\/uploads\/2021\/11\/242934712_970699773793319_5840281902881917842_n.jpg 720w\" sizes=\"(max-width: 169px) 100vw, 169px\" \/> \u00a0\u00a0 <img decoding=\"async\" loading=\"lazy\" class=\"alignnone wp-image-7395\" src=\"http:\/\/przedszkolejenin.pl\/wp-content\/uploads\/2021\/11\/243012963_787151136019768_1893903923820281973_n-225x300.jpg\" alt=\"\" width=\"173\" height=\"231\" srcset=\"https:\/\/przedszkolejenin.pl\/wp-content\/uploads\/2021\/11\/243012963_787151136019768_1893903923820281973_n-225x300.jpg 225w, https:\/\/przedszkolejenin.pl\/wp-content\/uploads\/2021\/11\/243012963_787151136019768_1893903923820281973_n.jpg 720w\" sizes=\"(max-width: 173px) 100vw, 173px\" \/> \u00a0\u00a0 <img decoding=\"async\" loading=\"lazy\" class=\"alignnone wp-image-7396\" src=\"http:\/\/przedszkolejenin.pl\/wp-content\/uploads\/2021\/11\/243169278_447392639978107_47823273310917654_n-225x300.jpg\" alt=\"\" width=\"170\" height=\"226\" srcset=\"https:\/\/przedszkolejenin.pl\/wp-content\/uploads\/2021\/11\/243169278_447392639978107_47823273310917654_n-225x300.jpg 225w, https:\/\/przedszkolejenin.pl\/wp-content\/uploads\/2021\/11\/243169278_447392639978107_47823273310917654_n.jpg 720w\" sizes=\"(max-width: 170px) 100vw, 170px\" \/><\/p>\n<p style=\"text-align: center;\">Dzieci utrwali\u0142y nazwy znanych owoc\u00f3w, a tak\u017ce pozna\u0142y nowe. Przedszkolaki dowiedzia\u0142y si\u0119, \u017ce<span class=\"ILfuVd\"><span class=\"hgKElc\"> taka sa\u0142atka dostarcza do organizmu witamin, b\u0142onnika, przeciwutleniaczy. A do tego, cz\u0119sto ma niski indeks glikemiczny &#8211; trudno to by\u0142o zrozumie\u0107 dzieciom, jednak Wy &#8211; Przyjaciele naszego przedszkola pami\u0119tajcie o tym \ud83d\ude42 Warto spr\u00f3bowa\u0107 samemu w domu. Smacznego \ud83d\ude42<\/span><\/span><\/p>\n<blockquote class=\"wp-embedded-content\" data-secret=\"UlGl4nPB48\"><p><a href=\"http:\/\/przedszkolejenin.pl\/index.php\/2021\/09\/27\/pyszna-i-zdrowa-salatka-owocowa-jezyki\/\">Pyszna i zdrowa sa\u0142atka owocowa- Je\u017cyki<\/a><\/p><\/blockquote>\n<p><iframe class=\"wp-embedded-content\" sandbox=\"allow-scripts\" security=\"restricted\" style=\"position: absolute; clip: rect(1px, 1px, 1px, 1px);\" src=\"http:\/\/przedszkolejenin.pl\/index.php\/2021\/09\/27\/pyszna-i-zdrowa-salatka-owocowa-jezyki\/embed\/#?secret=UlGl4nPB48\" data-secret=\"UlGl4nPB48\" width=\"600\" height=\"338\" title=\"&#8222;Pyszna i zdrowa sa\u0142atka owocowa- Je\u017cyki&#8221; &#8212; Przedszkole Jenin\" frameborder=\"0\" marginwidth=\"0\" marginheight=\"0\" scrolling=\"no\"><\/iframe><\/p>\n","protected":false},"excerpt":{"rendered":"<p>Zapraszamy do zapoznania si\u0119 z naszym programem dzia\u0142a\u0144 promuj\u0105cych zdrowie\u00a0\u00a0\u00a0\u00a0\u00a0\u00a0\u00a0\u00a0\u00a0\u00a0\u00a0\u00a0\u00a0 na rok szkolny 2021\/2022 Plan pracy Szko\u0142a Promuj\u0105ca Zdrowie 2021-2022 Spotkanie z Piotrem Hojk\u0105- Olimpijczykiem, Mistrzem Polski i Europy. \u00a0 \u00a0\u00a0 S\u0142ynny wio\u015blarz &#8211; Piotr Hojka opowiedzia\u0142 nam jak rozpocz\u0119\u0142a si\u0119 Jego kariera, a przede wszystkim jaki wp\u0142yw na jego \u017cycie mia\u0142 sport.\u00a0 Podczas swojej &hellip; <a href=\"https:\/\/przedszkolejenin.pl\/index.php\/przedszkole-promujace-zdrowie\/dzialania-w-roku-szkolnym-20212022\/\" class=\"more-link\">Czytaj dalej <span class=\"screen-reader-text\">Dzia\u0142ania w roku szkolnym 2021\/2022<\/span> <span class=\"meta-nav\">&rarr;<\/span><\/a><\/p>\n","protected":false},"author":1,"featured_media":0,"parent":2521,"menu_order":4,"comment_status":"closed","ping_status":"closed","template":"","meta":[],"_links":{"self":[{"href":"https:\/\/przedszkolejenin.pl\/index.php\/wp-json\/wp\/v2\/pages\/6960"}],"collection":[{"href":"https:\/\/przedszkolejenin.pl\/index.php\/wp-json\/wp\/v2\/pages"}],"about":[{"href":"https:\/\/przedszkolejenin.pl\/index.php\/wp-json\/wp\/v2\/types\/page"}],"author":[{"embeddable":true,"href":"https:\/\/przedszkolejenin.pl\/index.php\/wp-json\/wp\/v2\/users\/1"}],"replies":[{"embeddable":true,"href":"https:\/\/przedszkolejenin.pl\/index.php\/wp-json\/wp\/v2\/comments?post=6960"}],"version-history":[{"count":12,"href":"https:\/\/przedszkolejenin.pl\/index.php\/wp-json\/wp\/v2\/pages\/6960\/revisions"}],"predecessor-version":[{"id":7509,"href":"https:\/\/przedszkolejenin.pl\/index.php\/wp-json\/wp\/v2\/pages\/6960\/revisions\/7509"}],"up":[{"embeddable":true,"href":"https:\/\/przedszkolejenin.pl\/index.php\/wp-json\/wp\/v2\/pages\/2521"}],"wp:attachment":[{"href":"https:\/\/przedszkolejenin.pl\/index.php\/wp-json\/wp\/v2\/media?parent=6960"}],"curies":[{"name":"wp","href":"https:\/\/api.w.org\/{rel}","templated":true}]}}