{"id":6956,"date":"2021-11-26T10:24:56","date_gmt":"2021-11-26T09:24:56","guid":{"rendered":"http:\/\/przedszkolejenin.pl\/?page_id=6956"},"modified":"2021-11-26T10:58:01","modified_gmt":"2021-11-26T09:58:01","slug":"dzialania-w-roku-szkolnym-20192020","status":"publish","type":"page","link":"https:\/\/przedszkolejenin.pl\/index.php\/przedszkole-promujace-zdrowie\/dzialania-w-roku-szkolnym-20192020\/","title":{"rendered":"Dzia\u0142ania w roku szkolnym 2019\/2020"},"content":{"rendered":"<p style=\"text-align: center;\">Zapraszamy do zapoznania si\u0119 z naszym programem dzia\u0142a\u0144 promuj\u0105cych zdrowie\u00a0\u00a0\u00a0\u00a0\u00a0\u00a0\u00a0\u00a0\u00a0\u00a0\u00a0\u00a0\u00a0 na rok szkolny 2019\/2020<\/p>\n<h5 style=\"text-align: center;\">\u00a0<a href=\"http:\/\/przedszkolejenin.pl\/wp-content\/uploads\/2021\/11\/Przedszkole-promuj\u0105ce-zdrowie-2019-2020.docx\">Przedszkole promuj\u0105ce zdrowie 2019-2020<\/a><\/h5>\n<h2><\/h2>\n<h2 style=\"text-align: center;\">Nasze dzia\u0142ania w roku szkolnym 2019\/2020<\/h2>\n<h6>Powiatowe Obchody Og\u00f3lnopolskiego Dnia Przedszkolaka<\/h6>\n<p>Uczyli\u015bmy si\u0119 jak pomaga\u0107 innym w razie zagro\u017cenia \u017cycia i zajadali\u015bmy zdrowe i pyszne dary Pani Jesieni.<\/p>\n<p><img decoding=\"async\" loading=\"lazy\" class=\"size-medium wp-image-2539 aligncenter\" src=\"http:\/\/przedszkolejenin.pl\/wp-content\/uploads\/2019\/10\/IMG_0705-300x200.jpg\" alt=\"\" width=\"300\" height=\"200\" srcset=\"https:\/\/przedszkolejenin.pl\/wp-content\/uploads\/2019\/10\/IMG_0705-300x200.jpg 300w, https:\/\/przedszkolejenin.pl\/wp-content\/uploads\/2019\/10\/IMG_0705-768x511.jpg 768w, https:\/\/przedszkolejenin.pl\/wp-content\/uploads\/2019\/10\/IMG_0705-1024x682.jpg 1024w\" sizes=\"(max-width: 300px) 100vw, 300px\" \/><\/p>\n<p><img decoding=\"async\" loading=\"lazy\" class=\"alignnone wp-image-2537\" src=\"http:\/\/przedszkolejenin.pl\/wp-content\/uploads\/2019\/10\/IMG_0699-300x200.jpg\" alt=\"\" width=\"290\" height=\"193\" srcset=\"https:\/\/przedszkolejenin.pl\/wp-content\/uploads\/2019\/10\/IMG_0699-300x200.jpg 300w, https:\/\/przedszkolejenin.pl\/wp-content\/uploads\/2019\/10\/IMG_0699-768x511.jpg 768w, https:\/\/przedszkolejenin.pl\/wp-content\/uploads\/2019\/10\/IMG_0699-1024x682.jpg 1024w\" sizes=\"(max-width: 290px) 100vw, 290px\" \/><img decoding=\"async\" loading=\"lazy\" class=\"wp-image-2538 alignright\" src=\"http:\/\/przedszkolejenin.pl\/wp-content\/uploads\/2019\/10\/IMG_0735-300x200.jpg\" alt=\"\" width=\"281\" height=\"187\" srcset=\"https:\/\/przedszkolejenin.pl\/wp-content\/uploads\/2019\/10\/IMG_0735-300x200.jpg 300w, https:\/\/przedszkolejenin.pl\/wp-content\/uploads\/2019\/10\/IMG_0735-768x511.jpg 768w, https:\/\/przedszkolejenin.pl\/wp-content\/uploads\/2019\/10\/IMG_0735-1024x682.jpg 1024w\" sizes=\"(max-width: 281px) 100vw, 281px\" \/><\/p>\n<h6>&#8222;Bezpieczny przedszkolak&#8221;<\/h6>\n<p>Realizacja programu &#8222;Bezpieczny\u00a0 przedszkolak&#8221; &#8211; spotkanie z policjantkami, kt\u00f3re opowiada\u0142y o bezpiecznym zachowaniu si\u0119 w r\u00f3\u017cnych sytuacjach \u017cyciowych.<\/p>\n<p><img decoding=\"async\" loading=\"lazy\" class=\"alignnone size-medium wp-image-2330\" src=\"http:\/\/przedszkolejenin.pl\/wp-content\/uploads\/2019\/09\/70477390_737450800059134_3671699990104768512_n-225x300.jpg\" alt=\"\" width=\"225\" height=\"300\" srcset=\"https:\/\/przedszkolejenin.pl\/wp-content\/uploads\/2019\/09\/70477390_737450800059134_3671699990104768512_n-225x300.jpg 225w, https:\/\/przedszkolejenin.pl\/wp-content\/uploads\/2019\/09\/70477390_737450800059134_3671699990104768512_n-768x1024.jpg 768w\" sizes=\"(max-width: 225px) 100vw, 225px\" \/><img decoding=\"async\" loading=\"lazy\" class=\"size-medium wp-image-2332 alignright\" src=\"http:\/\/przedszkolejenin.pl\/wp-content\/uploads\/2019\/09\/70578951_418080732246551_3710969765150326784_n-225x300.jpg\" alt=\"\" width=\"225\" height=\"300\" srcset=\"https:\/\/przedszkolejenin.pl\/wp-content\/uploads\/2019\/09\/70578951_418080732246551_3710969765150326784_n-225x300.jpg 225w, https:\/\/przedszkolejenin.pl\/wp-content\/uploads\/2019\/09\/70578951_418080732246551_3710969765150326784_n-768x1024.jpg 768w\" sizes=\"(max-width: 225px) 100vw, 225px\" \/><\/p>\n<h6>&#8222;Od przedszkola do seniora&#8221;<\/h6>\n<p>W miesi\u0105cu pa\u017adzierniku realizowali\u015bmy trzeci etap projektu z Urz\u0119du Marsza\u0142kowskiego &#8222;Od przedszkola do seniora&#8221;. Mamy, babcie, ciocie oraz pracownicy przedszkola podczas spotkania z fizjoterapeutk\u0105 i kosmetyczk\u0105 mia\u0142y mo\u017cliwo\u015b\u0107 dowiedzie\u0107 si\u0119 w jaki spos\u00f3b mo\u017cna dba\u0107 o swoj\u0105 cer\u0119 i zdrowie w ka\u017cdym wieku.<\/p>\n<p><img decoding=\"async\" loading=\"lazy\" class=\" wp-image-2545\" src=\"http:\/\/przedszkolejenin.pl\/wp-content\/uploads\/2019\/10\/Agnieszka-300x169.jpg\" alt=\"\" width=\"279\" height=\"157\" srcset=\"https:\/\/przedszkolejenin.pl\/wp-content\/uploads\/2019\/10\/Agnieszka-300x169.jpg 300w, https:\/\/przedszkolejenin.pl\/wp-content\/uploads\/2019\/10\/Agnieszka-768x432.jpg 768w, https:\/\/przedszkolejenin.pl\/wp-content\/uploads\/2019\/10\/Agnieszka-1024x576.jpg 1024w, https:\/\/przedszkolejenin.pl\/wp-content\/uploads\/2019\/10\/Agnieszka.jpg 1250w\" sizes=\"(max-width: 279px) 100vw, 279px\" \/><img decoding=\"async\" loading=\"lazy\" class=\"wp-image-2546 alignright\" src=\"http:\/\/przedszkolejenin.pl\/wp-content\/uploads\/2019\/10\/kosme-300x169.jpg\" alt=\"\" width=\"275\" height=\"155\" srcset=\"https:\/\/przedszkolejenin.pl\/wp-content\/uploads\/2019\/10\/kosme-300x169.jpg 300w, https:\/\/przedszkolejenin.pl\/wp-content\/uploads\/2019\/10\/kosme-768x432.jpg 768w, https:\/\/przedszkolejenin.pl\/wp-content\/uploads\/2019\/10\/kosme-1024x576.jpg 1024w, https:\/\/przedszkolejenin.pl\/wp-content\/uploads\/2019\/10\/kosme.jpg 1250w\" sizes=\"(max-width: 275px) 100vw, 275px\" \/><\/p>\n<p><img decoding=\"async\" loading=\"lazy\" class=\" wp-image-2547\" src=\"http:\/\/przedszkolejenin.pl\/wp-content\/uploads\/2019\/10\/kosmetyczka-300x169.jpg\" alt=\"\" width=\"279\" height=\"157\" srcset=\"https:\/\/przedszkolejenin.pl\/wp-content\/uploads\/2019\/10\/kosmetyczka-300x169.jpg 300w, https:\/\/przedszkolejenin.pl\/wp-content\/uploads\/2019\/10\/kosmetyczka-768x432.jpg 768w, https:\/\/przedszkolejenin.pl\/wp-content\/uploads\/2019\/10\/kosmetyczka-1024x576.jpg 1024w, https:\/\/przedszkolejenin.pl\/wp-content\/uploads\/2019\/10\/kosmetyczka.jpg 1250w\" sizes=\"(max-width: 279px) 100vw, 279px\" \/><img decoding=\"async\" loading=\"lazy\" class=\"wp-image-2548 alignright\" src=\"http:\/\/przedszkolejenin.pl\/wp-content\/uploads\/2019\/10\/pa030238-300x169.jpg\" alt=\"\" width=\"278\" height=\"156\" srcset=\"https:\/\/przedszkolejenin.pl\/wp-content\/uploads\/2019\/10\/pa030238-300x169.jpg 300w, https:\/\/przedszkolejenin.pl\/wp-content\/uploads\/2019\/10\/pa030238-768x432.jpg 768w, https:\/\/przedszkolejenin.pl\/wp-content\/uploads\/2019\/10\/pa030238-1024x576.jpg 1024w, https:\/\/przedszkolejenin.pl\/wp-content\/uploads\/2019\/10\/pa030238.jpg 1556w\" sizes=\"(max-width: 278px) 100vw, 278px\" \/><\/p>\n<h5><\/h5>\n<h5>&#8222;Jesienna spartakiada&#8221;<\/h5>\n<h5><img decoding=\"async\" loading=\"lazy\" class=\"alignnone wp-image-2983\" src=\"http:\/\/przedszkolejenin.pl\/wp-content\/uploads\/2019\/11\/received_474866846495103-300x225.jpeg\" alt=\"\" width=\"268\" height=\"201\" srcset=\"https:\/\/przedszkolejenin.pl\/wp-content\/uploads\/2019\/11\/received_474866846495103-300x225.jpeg 300w, https:\/\/przedszkolejenin.pl\/wp-content\/uploads\/2019\/11\/received_474866846495103-768x576.jpeg 768w, https:\/\/przedszkolejenin.pl\/wp-content\/uploads\/2019\/11\/received_474866846495103-1024x768.jpeg 1024w, https:\/\/przedszkolejenin.pl\/wp-content\/uploads\/2019\/11\/received_474866846495103.jpeg 2016w\" sizes=\"(max-width: 268px) 100vw, 268px\" \/>\u00a0\u00a0\u00a0\u00a0 <img decoding=\"async\" loading=\"lazy\" class=\"wp-image-2988 alignright\" src=\"http:\/\/przedszkolejenin.pl\/wp-content\/uploads\/2019\/11\/received_542310323013940-300x225.jpeg\" alt=\"\" width=\"272\" height=\"204\" srcset=\"https:\/\/przedszkolejenin.pl\/wp-content\/uploads\/2019\/11\/received_542310323013940-300x225.jpeg 300w, https:\/\/przedszkolejenin.pl\/wp-content\/uploads\/2019\/11\/received_542310323013940-768x576.jpeg 768w, https:\/\/przedszkolejenin.pl\/wp-content\/uploads\/2019\/11\/received_542310323013940-1024x768.jpeg 1024w, https:\/\/przedszkolejenin.pl\/wp-content\/uploads\/2019\/11\/received_542310323013940.jpeg 2016w\" sizes=\"(max-width: 272px) 100vw, 272px\" \/><\/h5>\n<p>W listopadzie nasze przedszkolaki bra\u0142y udzia\u0142 w jesiennej spartakiadzie, podczas kt\u00f3rej mia\u0142y mo\u017cliwo\u015b\u0107 wsp\u00f3lnej zabawy oraz sprawdzenia swoich mo\u017cliwo\u015bci w r\u00f3\u017cnorodnych konkurencjach. Oto link do ca\u0142ej fotorelacji:<\/p>\n<blockquote class=\"wp-embedded-content\" data-secret=\"ns9FE5y3fR\"><p><a href=\"http:\/\/przedszkolejenin.pl\/index.php\/2019\/11\/24\/jesienna-spartakiada\/\">Jesienna spartakiada<\/a><\/p><\/blockquote>\n<p><iframe class=\"wp-embedded-content\" sandbox=\"allow-scripts\" security=\"restricted\" style=\"position: absolute; clip: rect(1px, 1px, 1px, 1px);\" src=\"http:\/\/przedszkolejenin.pl\/index.php\/2019\/11\/24\/jesienna-spartakiada\/embed\/#?secret=ns9FE5y3fR\" data-secret=\"ns9FE5y3fR\" width=\"600\" height=\"338\" title=\"&#8222;Jesienna spartakiada&#8221; &#8212; Przedszkole Jenin\" frameborder=\"0\" marginwidth=\"0\" marginheight=\"0\" scrolling=\"no\"><\/iframe><\/p>\n<h5>&#8222;Zaj\u0119cia z ratownictwa medycznego&#8221;<\/h5>\n<p>W dniu 03.12.2019r. nasze przedszkolaki mia\u0142y mo\u017cliwo\u015b\u0107 nauki oraz utrwalenia udzielania pierwszej pomoc na misiach pluszowych.<\/p>\n<blockquote class=\"wp-embedded-content\" data-secret=\"duGaZ2gRFY\"><p><a href=\"http:\/\/przedszkolejenin.pl\/index.php\/2019\/12\/04\/ratownictwo-medyczne\/\">Ratownictwo medyczne<\/a><\/p><\/blockquote>\n<p><iframe class=\"wp-embedded-content\" sandbox=\"allow-scripts\" security=\"restricted\" style=\"position: absolute; clip: rect(1px, 1px, 1px, 1px);\" src=\"http:\/\/przedszkolejenin.pl\/index.php\/2019\/12\/04\/ratownictwo-medyczne\/embed\/#?secret=duGaZ2gRFY\" data-secret=\"duGaZ2gRFY\" width=\"600\" height=\"338\" title=\"&#8222;Ratownictwo medyczne&#8221; &#8212; Przedszkole Jenin\" frameborder=\"0\" marginwidth=\"0\" marginheight=\"0\" scrolling=\"no\"><\/iframe><\/p>\n<h5>Samodzielne przygotowywanie \u015bniadania&#8221;<\/h5>\n<p>Przedszkolaki raz w tygodniu w wyznaczonym dniu maj\u0105 mo\u017cliwo\u015b\u0107 samodzielnego przygotowywania zdrowych kanapek.<\/p>\n<p>&nbsp;<\/p>\n<blockquote class=\"wp-embedded-content\" data-secret=\"PRGTIILkYV\"><p><a href=\"http:\/\/przedszkolejenin.pl\/index.php\/2019\/12\/05\/samodzielne-sniadanie\/\">Samodzielne \u015bniadanie<\/a><\/p><\/blockquote>\n<p><iframe class=\"wp-embedded-content\" sandbox=\"allow-scripts\" security=\"restricted\" style=\"position: absolute; clip: rect(1px, 1px, 1px, 1px);\" src=\"http:\/\/przedszkolejenin.pl\/index.php\/2019\/12\/05\/samodzielne-sniadanie\/embed\/#?secret=PRGTIILkYV\" data-secret=\"PRGTIILkYV\" width=\"600\" height=\"338\" title=\"&#8222;Samodzielne \u015bniadanie&#8221; &#8212; Przedszkole Jenin\" frameborder=\"0\" marginwidth=\"0\" marginheight=\"0\" scrolling=\"no\"><\/iframe><\/p>\n<h5>Zaj\u0119cia kulinarne<\/h5>\n<blockquote class=\"wp-embedded-content\" data-secret=\"gRB96mCc0r\"><p><a href=\"http:\/\/przedszkolejenin.pl\/index.php\/2019\/12\/12\/zajecia-kulinarne\/\">Zaj\u0119cia kulinarne<\/a><\/p><\/blockquote>\n<p><iframe class=\"wp-embedded-content\" sandbox=\"allow-scripts\" security=\"restricted\" style=\"position: absolute; clip: rect(1px, 1px, 1px, 1px);\" src=\"http:\/\/przedszkolejenin.pl\/index.php\/2019\/12\/12\/zajecia-kulinarne\/embed\/#?secret=gRB96mCc0r\" data-secret=\"gRB96mCc0r\" width=\"600\" height=\"338\" title=\"&#8222;Zaj\u0119cia kulinarne&#8221; &#8212; Przedszkole Jenin\" frameborder=\"0\" marginwidth=\"0\" marginheight=\"0\" scrolling=\"no\"><\/iframe><\/p>\n<p style=\"text-align: center;\">Zapraszamy do zapoznania si\u0119 ze sprawozdaniem z dzia\u0142a\u0144 naszej plac\u00f3wki\u00a0\u00a0\u00a0\u00a0\u00a0\u00a0\u00a0\u00a0\u00a0\u00a0\u00a0\u00a0\u00a0\u00a0\u00a0\u00a0\u00a0\u00a0\u00a0\u00a0\u00a0\u00a0\u00a0\u00a0\u00a0\u00a0\u00a0\u00a0\u00a0 w roku 2019\/2020<\/p>\n<p style=\"text-align: center;\"><a href=\"http:\/\/przedszkolejenin.pl\/wp-content\/uploads\/2021\/11\/Sprawozdanie-Szko\u0142a-Promujaca-Zdrowie-2019-2020.doc\">Sprawozdanie Szko\u0142a Promuj\u0105ca Zdrowie 2019-2020<\/a><\/p>\n","protected":false},"excerpt":{"rendered":"<p>Zapraszamy do zapoznania si\u0119 z naszym programem dzia\u0142a\u0144 promuj\u0105cych zdrowie\u00a0\u00a0\u00a0\u00a0\u00a0\u00a0\u00a0\u00a0\u00a0\u00a0\u00a0\u00a0\u00a0 na rok szkolny 2019\/2020 \u00a0Przedszkole promuj\u0105ce zdrowie 2019-2020 Nasze dzia\u0142ania w roku szkolnym 2019\/2020 Powiatowe Obchody Og\u00f3lnopolskiego Dnia Przedszkolaka Uczyli\u015bmy si\u0119 jak pomaga\u0107 innym w razie zagro\u017cenia \u017cycia i zajadali\u015bmy zdrowe i pyszne dary Pani Jesieni. &#8222;Bezpieczny przedszkolak&#8221; Realizacja programu &#8222;Bezpieczny\u00a0 przedszkolak&#8221; &#8211; spotkanie z &hellip; <a href=\"https:\/\/przedszkolejenin.pl\/index.php\/przedszkole-promujace-zdrowie\/dzialania-w-roku-szkolnym-20192020\/\" class=\"more-link\">Czytaj dalej <span class=\"screen-reader-text\">Dzia\u0142ania w roku szkolnym 2019\/2020<\/span> <span class=\"meta-nav\">&rarr;<\/span><\/a><\/p>\n","protected":false},"author":1,"featured_media":0,"parent":2521,"menu_order":2,"comment_status":"closed","ping_status":"closed","template":"","meta":[],"_links":{"self":[{"href":"https:\/\/przedszkolejenin.pl\/index.php\/wp-json\/wp\/v2\/pages\/6956"}],"collection":[{"href":"https:\/\/przedszkolejenin.pl\/index.php\/wp-json\/wp\/v2\/pages"}],"about":[{"href":"https:\/\/przedszkolejenin.pl\/index.php\/wp-json\/wp\/v2\/types\/page"}],"author":[{"embeddable":true,"href":"https:\/\/przedszkolejenin.pl\/index.php\/wp-json\/wp\/v2\/users\/1"}],"replies":[{"embeddable":true,"href":"https:\/\/przedszkolejenin.pl\/index.php\/wp-json\/wp\/v2\/comments?post=6956"}],"version-history":[{"count":8,"href":"https:\/\/przedszkolejenin.pl\/index.php\/wp-json\/wp\/v2\/pages\/6956\/revisions"}],"predecessor-version":[{"id":6973,"href":"https:\/\/przedszkolejenin.pl\/index.php\/wp-json\/wp\/v2\/pages\/6956\/revisions\/6973"}],"up":[{"embeddable":true,"href":"https:\/\/przedszkolejenin.pl\/index.php\/wp-json\/wp\/v2\/pages\/2521"}],"wp:attachment":[{"href":"https:\/\/przedszkolejenin.pl\/index.php\/wp-json\/wp\/v2\/media?parent=6956"}],"curies":[{"name":"wp","href":"https:\/\/api.w.org\/{rel}","templated":true}]}}