{"id":6951,"date":"2021-11-26T10:18:18","date_gmt":"2021-11-26T09:18:18","guid":{"rendered":"http:\/\/przedszkolejenin.pl\/?page_id=6951"},"modified":"2021-11-26T10:23:20","modified_gmt":"2021-11-26T09:23:20","slug":"nasze-przedszkole-w-programie-przedszkole-promujace-zdrowie","status":"publish","type":"page","link":"https:\/\/przedszkolejenin.pl\/index.php\/przedszkole-promujace-zdrowie\/nasze-przedszkole-w-programie-przedszkole-promujace-zdrowie\/","title":{"rendered":"Nasze przedszkole w programie &#8222;Przedszkole promuj\u0105ce zdrowie&#8221;."},"content":{"rendered":"<p style=\"text-align: center;\">\u00a0\u00a0\u00a0\u00a0\u00a0\u00a0\u00a0 Od roku szkolnego <strong>2019\/2020<\/strong> nasze przedszkole ma zaszczyt nale\u017ce\u0107 do\u00a0<strong>Sieci Szk\u00f3\u0142 Promuj\u0105cych Zdrowie.<\/strong>\u00a0Realizuj\u0105c Program Promocji Zdrowia podejmujemy r\u00f3\u017cnorodne dzia\u0142ania i projekty edukacyjne kszta\u0142tuj\u0105ce \u015bwiadomo\u015b\u0107 ca\u0142ej spo\u0142eczno\u015bci przedszkolnej na temat konieczno\u015bci wsp\u00f3lnego dbania o zdrowie we wszystkich jego wymiarach.<\/p>\n<p style=\"text-align: center;\">Jeste\u015bmy w trakcie przeprowadzania dzia\u0142a\u0144 uj\u0119tych programie &#8222;Przedszkola promuj\u0105cego zdrowie&#8221; naszej plac\u00f3wki. O naszych dzia\u0142aniach i post\u0119pach b\u0119dziemy Pa\u0144stwa na bie\u017c\u0105co informowa\u0107.<\/p>\n<p style=\"text-align: center;\"><u>Przedszkole promuj\u0105ce zdrowie tworzy warunki i podejmuje dzia\u0142ania, kt\u00f3re sprzyjaj\u0105:<\/u><\/p>\n<ul style=\"text-align: center;\">\n<li>zdrowiu i dobremu samopoczuciu spo\u0142eczno\u015bci przedszkola (dzieci, pracownik\u00f3w, rodzic\u00f3w i dziadk\u00f3w dzieci);<\/li>\n<li>podejmowaniu przez cz\u0142onk\u00f3w tej spo\u0142eczno\u015bci teraz i w przysz\u0142o\u015bci dzia\u0142a\u0144 na rzecz zdrowia w\u0142asnego i innych ludzi oraz tworzenia \u015brodowiska sprzyjaj\u0105cego zdrowiu.<\/li>\n<\/ul>\n<p style=\"text-align: center;\"><b>\u00a0 \u00a0 \u00a0 \u00a0<\/b>Celem i zadaniem\u00a0przedszkola\u00a0promuj\u0105cego zdrowie jest\u00a0<b>wspieranie ka\u017cdego wychowanka\u00a0<\/b>w rozwijaniu indywidualnego potencja\u0142u\u00a0<b>zdrowia<\/b>\u00a0oraz wspomaganie \u00a0 \u00a0 \u00a0 ca\u0142ej spo\u0142eczno\u015bci przedszkolnej w tworzeniu warunk\u00f3w i perspektyw rozwoju zdrowia. Przedszkole Promuj\u0105ce Zdrowie jest warto\u015bci\u0105, do kt\u00f3rej d\u0105\u017cymy podejmuj\u0105c d\u0142ugofalowe dzia\u0142ania i s\u0142u\u017c\u0105c jej rzetelnym, owocnym wysi\u0142kiem zespo\u0142owym. Rada Pedagogiczna pod kierunkiem koordynator\u00f3w opracowuje na ka\u017cdy rok szkolny priorytety oraz doskonali si\u0119 w tym zakresie. Zapraszamy wszystkich &#8222;Przyjaci\u00f3\u0142&#8221; naszego przedszkola do wsp\u00f3\u0142pracy w dzia\u0142aniach.<\/p>\n<p style=\"text-align: center;\"><strong>Zapraszamy i zach\u0119camy!<\/strong><\/p>\n<p style=\"text-align: center;\">Dyrektor, grono pedagogiczne,<\/p>\n<p style=\"text-align: center;\">pracownicy przedszkola oraz wychowankowie<\/p>\n<p style=\"text-align: center;\">Gminnego Przedszkola Publicznego w Jeninie.<\/p>\n<p><img decoding=\"async\" loading=\"lazy\" class=\"wp-image-6855 alignleft\" src=\"http:\/\/przedszkolejenin.pl\/wp-content\/uploads\/2021\/10\/1634557855150-300x225.jpeg\" alt=\"\" width=\"206\" height=\"154\" srcset=\"https:\/\/przedszkolejenin.pl\/wp-content\/uploads\/2021\/10\/1634557855150-300x225.jpeg 300w, https:\/\/przedszkolejenin.pl\/wp-content\/uploads\/2021\/10\/1634557855150-768x576.jpeg 768w, https:\/\/przedszkolejenin.pl\/wp-content\/uploads\/2021\/10\/1634557855150-1024x768.jpeg 1024w, https:\/\/przedszkolejenin.pl\/wp-content\/uploads\/2021\/10\/1634557855150.jpeg 2048w\" sizes=\"(max-width: 206px) 100vw, 206px\" \/><img decoding=\"async\" loading=\"lazy\" class=\"wp-image-6856 alignleft\" src=\"http:\/\/przedszkolejenin.pl\/wp-content\/uploads\/2021\/10\/1634557855155-300x225.jpeg\" alt=\"\" width=\"202\" height=\"152\" srcset=\"https:\/\/przedszkolejenin.pl\/wp-content\/uploads\/2021\/10\/1634557855155-300x225.jpeg 300w, https:\/\/przedszkolejenin.pl\/wp-content\/uploads\/2021\/10\/1634557855155-768x576.jpeg 768w, https:\/\/przedszkolejenin.pl\/wp-content\/uploads\/2021\/10\/1634557855155-1024x768.jpeg 1024w, https:\/\/przedszkolejenin.pl\/wp-content\/uploads\/2021\/10\/1634557855155.jpeg 2048w\" sizes=\"(max-width: 202px) 100vw, 202px\" \/><\/p>\n","protected":false},"excerpt":{"rendered":"<p>\u00a0\u00a0\u00a0\u00a0\u00a0\u00a0\u00a0 Od roku szkolnego 2019\/2020 nasze przedszkole ma zaszczyt nale\u017ce\u0107 do\u00a0Sieci Szk\u00f3\u0142 Promuj\u0105cych Zdrowie.\u00a0Realizuj\u0105c Program Promocji Zdrowia podejmujemy r\u00f3\u017cnorodne dzia\u0142ania i projekty edukacyjne kszta\u0142tuj\u0105ce \u015bwiadomo\u015b\u0107 ca\u0142ej spo\u0142eczno\u015bci przedszkolnej na temat konieczno\u015bci wsp\u00f3lnego dbania o zdrowie we wszystkich jego wymiarach. Jeste\u015bmy w trakcie przeprowadzania dzia\u0142a\u0144 uj\u0119tych programie &#8222;Przedszkola promuj\u0105cego zdrowie&#8221; naszej plac\u00f3wki. O naszych dzia\u0142aniach i &hellip; <a href=\"https:\/\/przedszkolejenin.pl\/index.php\/przedszkole-promujace-zdrowie\/nasze-przedszkole-w-programie-przedszkole-promujace-zdrowie\/\" class=\"more-link\">Czytaj dalej <span class=\"screen-reader-text\">Nasze przedszkole w programie &#8222;Przedszkole promuj\u0105ce zdrowie&#8221;.<\/span> <span class=\"meta-nav\">&rarr;<\/span><\/a><\/p>\n","protected":false},"author":1,"featured_media":0,"parent":2521,"menu_order":1,"comment_status":"closed","ping_status":"closed","template":"","meta":[],"_links":{"self":[{"href":"https:\/\/przedszkolejenin.pl\/index.php\/wp-json\/wp\/v2\/pages\/6951"}],"collection":[{"href":"https:\/\/przedszkolejenin.pl\/index.php\/wp-json\/wp\/v2\/pages"}],"about":[{"href":"https:\/\/przedszkolejenin.pl\/index.php\/wp-json\/wp\/v2\/types\/page"}],"author":[{"embeddable":true,"href":"https:\/\/przedszkolejenin.pl\/index.php\/wp-json\/wp\/v2\/users\/1"}],"replies":[{"embeddable":true,"href":"https:\/\/przedszkolejenin.pl\/index.php\/wp-json\/wp\/v2\/comments?post=6951"}],"version-history":[{"count":4,"href":"https:\/\/przedszkolejenin.pl\/index.php\/wp-json\/wp\/v2\/pages\/6951\/revisions"}],"predecessor-version":[{"id":6955,"href":"https:\/\/przedszkolejenin.pl\/index.php\/wp-json\/wp\/v2\/pages\/6951\/revisions\/6955"}],"up":[{"embeddable":true,"href":"https:\/\/przedszkolejenin.pl\/index.php\/wp-json\/wp\/v2\/pages\/2521"}],"wp:attachment":[{"href":"https:\/\/przedszkolejenin.pl\/index.php\/wp-json\/wp\/v2\/media?parent=6951"}],"curies":[{"name":"wp","href":"https:\/\/api.w.org\/{rel}","templated":true}]}}