{"id":6628,"date":"2021-09-27T00:40:18","date_gmt":"2021-09-26T22:40:18","guid":{"rendered":"http:\/\/przedszkolejenin.pl\/?page_id=6628"},"modified":"2025-09-15T19:50:59","modified_gmt":"2025-09-15T17:50:59","slug":"20212022-2","status":"publish","type":"page","link":"https:\/\/przedszkolejenin.pl\/index.php\/galeria\/20212022-2\/","title":{"rendered":"2021\/2022"},"content":{"rendered":"<p><a href=\"http:\/\/przedszkolejenin.pl\/index.php\/2022\/05\/12\/dzien-flagi-2022\/\">Dzie\u0144 flagi <\/a><\/p>\n<p><a href=\"http:\/\/przedszkolejenin.pl\/index.php\/2022\/05\/08\/wycieczka-do-owczogrodu-2022\/\">Wycieczka do Owczogrodu 2022<\/a><\/p>\n<p><a href=\"http:\/\/przedszkolejenin.pl\/index.php\/2022\/05\/08\/samodzielne-przygotowywanie-kanapek-2022-wiewiorki\/\">Samodzielne przygotowywanie kanapek &#8211; Wiewi\u00f3rki <\/a><\/p>\n<p><a href=\"http:\/\/przedszkolejenin.pl\/index.php\/2022\/05\/08\/samodzielne-przygotowywanie-kanapek-jezyki\/\">Samodzielne przygotowywanie kanapek &#8211; Je\u017cyki<\/a><\/p>\n<p><a href=\"http:\/\/przedszkolejenin.pl\/index.php\/2022\/05\/08\/kolorowy-tydzien-2022-dzien-czerwony\/\">Kolorowy tydzie\u0144 <\/a><\/p>\n<p><a href=\"http:\/\/przedszkolejenin.pl\/index.php\/2022\/05\/08\/dzien-marchewki-2022-wiewiorki\/\">Dzie\u0144 Marchewki &#8211; Wiewi\u00f3rki<\/a><\/p>\n<p><a href=\"http:\/\/przedszkolejenin.pl\/index.php\/2022\/05\/08\/sadzenie-bratkow-wiewiorki\/\">Sadzenie bratk\u00f3w &#8211; Wiewi\u00f3rki <\/a><\/p>\n<p><a href=\"http:\/\/przedszkolejenin.pl\/index.php\/2022\/05\/08\/wiewiorki-zakladaja-hodowle-szczypiorku\/\">Wiewi\u00f3rki zak\u0142adaj\u0105 hodowl\u0119 szczypiorku<\/a><\/p>\n<p><a href=\"http:\/\/przedszkolejenin.pl\/index.php\/2022\/04\/06\/powitanie-wiosny-wiewiorki-wykonuja-zadania-i-szukaja-prezentow\/\">Powitanie wiosny &#8211; Wiewi\u00f3rki wykonuj\u0105 zadania i szukaj\u0105 prezent\u00f3w<\/a><\/p>\n<p><a href=\"http:\/\/przedszkolejenin.pl\/index.php\/2022\/04\/06\/przedszkolne-pola-nadziei\/\">Przedszkolne Pola Nadziei<\/a><\/p>\n<p><a href=\"http:\/\/przedszkolejenin.pl\/index.php\/2022\/04\/06\/wizyta-w-gorzowskim-muzeum\/\">Wizyta w gorzowskim Muzeum<\/a><\/p>\n<p><a href=\"http:\/\/przedszkolejenin.pl\/index.php\/2022\/04\/05\/wiewiorki-bawia-sie-w-teatr\/\">Wiewi\u00f3rki bawi\u0105 si\u0119 w teatr<\/a><\/p>\n<p><a href=\"http:\/\/przedszkolejenin.pl\/index.php\/2022\/04\/05\/dzien-kobiet-w-grupie-jezykow-2022\/\">Dzie\u0144 Kobiet w grupie Je\u017cyk\u00f3w 2022<\/a><\/p>\n<p><a href=\"http:\/\/przedszkolejenin.pl\/index.php\/2022\/04\/05\/dzien-kobiet-w-grupie-wiewiorek-2022\/\">Dzie\u0144 Kobiet w grupie Wiewi\u00f3rek 2022<\/a><\/p>\n<p><a href=\"http:\/\/przedszkolejenin.pl\/index.php\/2022\/04\/05\/innowacja-dziecko-badaczem-i-odkrywca-przyrody\/\">Innowacja &#8222;Dziecko badaczem i odkrywc\u0105 przyrody&#8221;<\/a><\/p>\n<p><a href=\"http:\/\/przedszkolejenin.pl\/index.php\/2022\/02\/22\/bal-karnawalowy-w-grupie-wiewiorek\/\">Bal karnawa\u0142owy w grupie Wiewi\u00f3rek<\/a><\/p>\n<p><a href=\"http:\/\/przedszkolejenin.pl\/index.php\/2022\/02\/21\/bal-karnawalowy-w-grupie-jezyki\/\">Bal karnawa\u0142owy w grupie Je\u017cyki <\/a><\/p>\n<p><a href=\"http:\/\/przedszkolejenin.pl\/index.php\/2022\/02\/21\/dzien-pizzy-w-grupie-wiewiorek\/\">Dzie\u0144 pizzy w grupie Wiewi\u00f3rek<\/a><\/p>\n<p><a href=\"http:\/\/przedszkolejenin.pl\/index.php\/2022\/02\/21\/jezyki-dzien-pizzy-2022\/\">Je\u017cyki &#8211; Dzie\u0144 pizzy<\/a><\/p>\n<p><a href=\"http:\/\/przedszkolejenin.pl\/index.php\/2022\/02\/21\/uczymy-sie-programowac-z-robotem-genibotem\/\">Uczymy si\u0119 programowa\u0107 z Robotem -GeniBotem<\/a><\/p>\n<p><a href=\"http:\/\/przedszkolejenin.pl\/index.php\/2022\/02\/21\/wiewiorki-dokarmiaja-ptaki-2\/\">Wiewi\u00f3rki dokarmiaj\u0105 ptaki<\/a><\/p>\n<p><a href=\"http:\/\/przedszkolejenin.pl\/index.php\/2022\/02\/21\/dzien-kota-w-grupie-jezyki\/\">Dzie\u0144 kota w grupie Je\u017cyk\u00f3w<\/a><\/p>\n<p><a href=\"http:\/\/przedszkolejenin.pl\/index.php\/2022\/02\/21\/dzien-listonosza-2022\/\">Dzie\u0144 listonosza<\/a><\/p>\n<p>&nbsp;<\/p>\n<p><a href=\"http:\/\/przedszkolejenin.pl\/index.php\/2021\/12\/29\/nasz-wspolny-lancuch\/\">Nasz wsp\u00f3lny \u0142a\u0144cuch <\/a><\/p>\n<p><a href=\"http:\/\/przedszkolejenin.pl\/index.php\/2021\/12\/29\/wypiekamy-pierniczki\/\">Wypiekamy i dekorujemy pierniczki<\/a><\/p>\n<p><a href=\"http:\/\/przedszkolejenin.pl\/index.php\/2022\/02\/21\/kodowanie-ukladamy-wzor-renifera\/\">Kodowanie &#8211; uk\u0142adamy wz\u00f3r renifera<\/a><\/p>\n<p><a href=\"http:\/\/przedszkolejenin.pl\/index.php\/2021\/12\/29\/wyjazd-do-kina-2021\/\">Wyjazd do kina<\/a><\/p>\n<p><a href=\"http:\/\/przedszkolejenin.pl\/index.php\/2021\/12\/29\/spotkanie-z-wioslarzem-piotrem-hojko\/\">Spotkanie z wio\u015blarzem Piotrem Hojko<\/a><\/p>\n<p><a href=\"http:\/\/przedszkolejenin.pl\/index.php\/2021\/12\/12\/zimowe-zabawy-na-sniegu-2021\/\">Zimowe zabawy na \u015bniegu 2021<\/a><\/p>\n<p><a href=\"http:\/\/przedszkolejenin.pl\/index.php\/2021\/12\/12\/mikolajki-2021\/\">Miko\u0142ajki 2021<\/a><\/p>\n<p><a href=\"http:\/\/przedszkolejenin.pl\/index.php\/2021\/12\/12\/jezyki-ubieraja-choinke\/\">Je\u017cyki ubieraj\u0105 choink\u0119<\/a><\/p>\n<p><a href=\"http:\/\/przedszkolejenin.pl\/index.php\/2021\/12\/13\/wiewiorki-ubieraja-choinke-mikolaj-u-wiewiorek\/\">Wiewi\u00f3rki ubieraj\u0105 choink\u0119, Miko\u0142aj u Wiewi\u00f3rek<\/a><\/p>\n<p><a href=\"http:\/\/przedszkolejenin.pl\/index.php\/2021\/12\/12\/konkurs-na-kartke-bozonarodzeniowa-wojewody-lubuskiego\/\">Konkurs na kartk\u0119 bo\u017conarodzeniow\u0105 Wojewody Lubuskiego<\/a><\/p>\n<p><a href=\"http:\/\/przedszkolejenin.pl\/index.php\/2021\/12\/12\/andrzejki-2021\/\">Andrzejki 2021<\/a><\/p>\n<p><a href=\"http:\/\/przedszkolejenin.pl\/index.php\/2021\/11\/26\/dzien-pluszowego-misia-w-grupie-wiewiorek-2021\/\">Dzie\u0144 Pluszowego Misia w grupie Wiewi\u00f3rek <\/a><\/p>\n<p><a href=\"http:\/\/przedszkolejenin.pl\/index.php\/2021\/11\/26\/dzien-pluszowego-misia-w-grupie-jezykow-2021\/\">Dzie\u0144 Pluszowego Misia w grupie Je\u017cyk\u00f3w <\/a><\/p>\n<p><a href=\"http:\/\/przedszkolejenin.pl\/index.php\/2021\/11\/26\/bal-jesieni-w-grupie-jezyki-2021\/\">Bal Jesieni w grupie Je\u017cyki 2021<\/a><\/p>\n<p><a href=\"http:\/\/przedszkolejenin.pl\/index.php\/2021\/12\/01\/bal-jesieni-w-grupie-wiewiorek-2021\/\">Bal jesieni w grupie Wiewi\u00f3rek 2021<\/a><\/p>\n<p><a href=\"http:\/\/przedszkolejenin.pl\/index.php\/2021\/11\/26\/innowacja-przyrodniczo-badawcza-misie\/\">Innowacja przyrodniczo &#8211; badawcza &#8222;Misie&#8221;<\/a><\/p>\n<p><a href=\"http:\/\/przedszkolejenin.pl\/index.php\/2021\/11\/26\/wizyta-dietetyka-2021\/\">Wizyta dietetyka 2021<\/a><\/p>\n<p><a href=\"http:\/\/przedszkolejenin.pl\/index.php\/2021\/11\/26\/jesienna-wycieczka-wiewiorek-do-lasu\/\">Jesienna wycieczka wiewi\u00f3rek do lasu<\/a><\/p>\n<p><a href=\"http:\/\/przedszkolejenin.pl\/index.php\/2021\/11\/26\/wiewiorki-uczestnicza-w-europejskim-tygodniu-kodowania\/\">Wiewi\u00f3rki uczestnicz\u0105 w Europejskim Tygodniu Kodowania<\/a><\/p>\n<p><a href=\"http:\/\/przedszkolejenin.pl\/index.php\/2021\/11\/26\/dzien-niepodleglosci-2021\/\">Dzie\u0144 Niepodleg\u0142o\u015bci 2021<\/a><\/p>\n<p><a href=\"http:\/\/przedszkolejenin.pl\/index.php\/2021\/11\/05\/jesienna-zabawa-jezykow\/\">Jesienna zabawa &#8222;Je\u017cyk\u00f3w<\/a><\/p>\n<p><a href=\"http:\/\/przedszkolejenin.pl\/index.php\/2021\/11\/26\/wiewiorki-sadza-drzewka-owocowe\/\">Wiewi\u00f3rki s\u0105dz\u0105 drzewka owocowe <\/a><\/p>\n<p><a href=\"http:\/\/przedszkolejenin.pl\/index.php\/2021\/11\/05\/sadzenie-drzew\/\">Sadzenie drzew<\/a><\/p>\n<p><a href=\"http:\/\/przedszkolejenin.pl\/index.php\/2021\/11\/05\/tak-pracuja-wiewiorki-w-grupach\/\">Tak pracuj\u0105 &#8222;Wiewi\u00f3rki&#8221; w grupach<\/a><\/p>\n<p><a href=\"http:\/\/przedszkolejenin.pl\/index.php\/2021\/10\/20\/salatka-warzywna-jezykow\/\">Sa\u0142atka warzywna Je\u017cyk\u00f3w<\/a><\/p>\n<p><a href=\"http:\/\/przedszkolejenin.pl\/index.php\/2021\/10\/06\/dzien-chlopaka-w-grupie-jezykow\/\">Dzie\u0144 ch\u0142opaka w grupie Je\u017cyk\u00f3w<\/a><\/p>\n<p><a href=\"http:\/\/przedszkolejenin.pl\/index.php\/2021\/10\/06\/globalne-czytanie\/\">Globalne czytanie<\/a><\/p>\n<p><a href=\"http:\/\/przedszkolejenin.pl\/index.php\/2021\/10\/18\/dzien-przedszkolaka-2021-cz-2\/\">Dzie\u0144 Przedszkolaka cz. 2<\/a><\/p>\n<p><a href=\"http:\/\/przedszkolejenin.pl\/index.php\/2021\/09\/30\/dzien-przedszkolaka-2021\/\">Dzie\u0144 przedszkolaka 2021<\/a><\/p>\n<p><a href=\"http:\/\/przedszkolejenin.pl\/index.php\/2021\/09\/30\/wiewiorki-sadza-jesienne-kwiaty\/\">Wiewi\u00f3rki sadz\u0105 jesienne kwiaty<\/a><\/p>\n<p><a href=\"http:\/\/przedszkolejenin.pl\/index.php\/2021\/09\/27\/jesienny-kwitek-jezyki\/\">Jesienny kwiatek &#8211; Je\u017cyki <\/a><\/p>\n<p><a href=\"http:\/\/przedszkolejenin.pl\/index.php\/2021\/09\/30\/wiewiorki-poznaja-zasady-poruszania-sie-po-drodze\/\">Wiewi\u00f3rki poznaj\u0105 zasady poruszania si\u0119 po drodze<\/a><\/p>\n<p><a href=\"http:\/\/przedszkolejenin.pl\/index.php\/2021\/09\/27\/bezpiecznie-na-drodze-jezyki\/\">Bezpiecznie na drodze &#8211; Je\u017cyki<\/a><\/p>\n<p><a href=\"http:\/\/przedszkolejenin.pl\/index.php\/2021\/09\/27\/dzien-kropki-w-grupie-jezykow\/\">Dzie\u0144 kropki w grupie Je\u017cyk\u00f3w<\/a><\/p>\n<p><a href=\"http:\/\/przedszkolejenin.pl\/index.php\/2021\/09\/27\/jezyki-sprzataja-swiat\/\">Je\u017cyki sprz\u0105taj\u0105 \u015bwiat<\/a><\/p>\n<p><a href=\"http:\/\/przedszkolejenin.pl\/index.php\/2021\/09\/27\/pyszna-i-zdrowa-salatka-owocowa-jezyki\/\">Pyszna i zdrowa sa\u0142atka owocowa- Je\u017cyki<\/a><\/p>\n","protected":false},"excerpt":{"rendered":"<p>Dzie\u0144 flagi Wycieczka do Owczogrodu 2022 Samodzielne przygotowywanie kanapek &#8211; Wiewi\u00f3rki Samodzielne przygotowywanie kanapek &#8211; Je\u017cyki Kolorowy tydzie\u0144 Dzie\u0144 Marchewki &#8211; Wiewi\u00f3rki Sadzenie bratk\u00f3w &#8211; Wiewi\u00f3rki Wiewi\u00f3rki zak\u0142adaj\u0105 hodowl\u0119 szczypiorku Powitanie wiosny &#8211; Wiewi\u00f3rki wykonuj\u0105 zadania i szukaj\u0105 prezent\u00f3w Przedszkolne Pola Nadziei Wizyta w gorzowskim Muzeum Wiewi\u00f3rki bawi\u0105 si\u0119 w teatr Dzie\u0144 Kobiet w grupie &hellip; <a href=\"https:\/\/przedszkolejenin.pl\/index.php\/galeria\/20212022-2\/\" class=\"more-link\">Czytaj dalej <span class=\"screen-reader-text\">2021\/2022<\/span> <span class=\"meta-nav\">&rarr;<\/span><\/a><\/p>\n","protected":false},"author":1,"featured_media":0,"parent":41,"menu_order":5,"comment_status":"closed","ping_status":"closed","template":"","meta":[],"_links":{"self":[{"href":"https:\/\/przedszkolejenin.pl\/index.php\/wp-json\/wp\/v2\/pages\/6628"}],"collection":[{"href":"https:\/\/przedszkolejenin.pl\/index.php\/wp-json\/wp\/v2\/pages"}],"about":[{"href":"https:\/\/przedszkolejenin.pl\/index.php\/wp-json\/wp\/v2\/types\/page"}],"author":[{"embeddable":true,"href":"https:\/\/przedszkolejenin.pl\/index.php\/wp-json\/wp\/v2\/users\/1"}],"replies":[{"embeddable":true,"href":"https:\/\/przedszkolejenin.pl\/index.php\/wp-json\/wp\/v2\/comments?post=6628"}],"version-history":[{"count":62,"href":"https:\/\/przedszkolejenin.pl\/index.php\/wp-json\/wp\/v2\/pages\/6628\/revisions"}],"predecessor-version":[{"id":8175,"href":"https:\/\/przedszkolejenin.pl\/index.php\/wp-json\/wp\/v2\/pages\/6628\/revisions\/8175"}],"up":[{"embeddable":true,"href":"https:\/\/przedszkolejenin.pl\/index.php\/wp-json\/wp\/v2\/pages\/41"}],"wp:attachment":[{"href":"https:\/\/przedszkolejenin.pl\/index.php\/wp-json\/wp\/v2\/media?parent=6628"}],"curies":[{"name":"wp","href":"https:\/\/api.w.org\/{rel}","templated":true}]}}