{"id":5705,"date":"2021-02-04T11:38:26","date_gmt":"2021-02-04T10:38:26","guid":{"rendered":"http:\/\/przedszkolejenin.pl\/?page_id=5705"},"modified":"2021-02-04T11:40:22","modified_gmt":"2021-02-04T10:40:22","slug":"klauzula-informacyjna-skierowana-do-osob-z-ktorymi-zawierane-sa-umowy","status":"publish","type":"page","link":"https:\/\/przedszkolejenin.pl\/index.php\/strona-glowna\/kadra\/klauzula-informacyjna-skierowana-do-osob-z-ktorymi-zawierane-sa-umowy\/","title":{"rendered":"Klauzula informacyjna skierowana do os\u00f3b z kt\u00f3rymi zawierane s\u0105 umowy"},"content":{"rendered":"<p><strong>KLAUZULA INFORMACYJNA <\/strong><\/p>\n<p>Na podstawie art. 13 ust. 1 i 2 Rozporz\u0105dzenia Parlamentu Europejskiego i Rady (UE) 2016\/679 z 27 kwietnia 2016 r. w sprawie ochrony os\u00f3b fizycznych w zwi\u0105zku z przetwarzaniem danych osobowych i w sprawie swobodnego przep\u0142ywu takich danych oraz uchylenia dyrektywy 95\/46\/WE (Dz.U.UE. L. z 2016r. Nr 119, s.1 ze zm.) &#8211; \u201edalej jako RODO\u201d informuj\u0119, \u017ce:<\/p>\n<p>&nbsp;<\/p>\n<ol>\n<li>Administratorem Pa\u0144stwa danych jest <strong>Gminne Przedszkole Publiczne w Jeninie ul. Lipowa 6 66-450 Bogdaniec, adres poczty: ppjenin@wp.pl<\/strong><\/li>\n<li>Administrator wyznaczy\u0142 Inspektora Ochrony Danych, z kt\u00f3rym mog\u0105 si\u0119 Pa\u0144stwo kontaktowa\u0107 we wszystkich sprawach dotycz\u0105cych przetwarzania danych osobowych za po\u015brednictwem adresu email: inspektor@cbi24.pl lub pisemnie na adres Administratora.<\/li>\n<li>Pa\u0144stwa dane osobowe b\u0119d\u0105 przetwarzane w celu zawarcia i realizacji umowy, kt\u00f3rej jest Pani\/Pan stron\u0105 \u00a0(art. 6 ust. 1 lit. b RODO), jak r\u00f3wnie\u017c w celu realizacji praw oraz obowi\u0105zk\u00f3w wynikaj\u0105cych z przepis\u00f3w prawa (art. 6 ust. 1 lit. c RODO) ustawy z dnia 23 kwietnia 1964 r. &#8211; Kodeks cywilny (t.j. Dz. U.\u00a0 z\u00a0 2020\u00a0 poz. 1740).<\/li>\n<li>Pa\u0144stwa dane b\u0119d\u0105 przetwarzane przez okres niezb\u0119dny do realizacji celu przetwarzania z uwzgl\u0119dnieniem okresu archiwizacji oraz dochodzenia i przedawnienia ewentualnych roszcze\u0144 a nast\u0119pnie zgodnie z przepisami ustawy z 14 lipca 1983 r. o narodowym zasobie archiwalnym i archiwach i wydanej na jej podstawie instrukcji archiwizacji jednostki .<\/li>\n<li>Pa\u0144stwa dane nie b\u0119d\u0105 przetwarzane w spos\u00f3b zautomatyzowany, w tym nie b\u0119d\u0105 podlega\u0107 profilowaniu.<\/li>\n<li>Pa\u0144stwa dane osobowych nie b\u0119d\u0105 przekazywane poza Europejski Obszar Gospodarczy (obejmuj\u0105cy Uni\u0119 Europejsk\u0105, Norwegi\u0119, Liechtenstein i Islandi\u0119).<\/li>\n<li>W zwi\u0105zku z przetwarzaniem Pa\u0144stwa danych osobowych, przys\u0142uguj\u0105 Pa\u0144stwu nast\u0119puj\u0105ce prawa:<\/li>\n<li>prawo dost\u0119pu do swoich danych oraz otrzymania ich kopii;<\/li>\n<li>prawo do sprostowania (poprawiania) swoich danych osobowych;<\/li>\n<li>prawo do ograniczenia przetwarzania danych osobowych;<\/li>\n<li>prawo do usuni\u0119cia danych o ile znajdzie zastosowanie jedna z przes\u0142anek, o kt\u00f3rych mowa w art. 17 RODO;<\/li>\n<li>prawo wniesienia skargi do Prezesa Urz\u0119du Ochrony Danych Osobowych<br \/>\n(ul. Stawki 2, 00-193 Warszawa), w\u00a0sytuacji, gdy uzna Pani\/Pan, \u017ce przetwarzanie danych osobowych narusza przepisy og\u00f3lnego rozporz\u0105dzenia o ochronie danych osobowych (RODO);<\/li>\n<li>Podanie przez Pa\u0144stwa danych osobowych jest obowi\u0105zkowe. Nieprzekazanie danych skutkowa\u0107 b\u0119dzie niemo\u017cno\u015bci\u0105 zawarcia umowy zlecenie.<\/li>\n<li>Pani\/Pana dane osobowe b\u0119d\u0105 ujawniane osobom dzia\u0142aj\u0105cym z upowa\u017cnienia administratora, maj\u0105cym dost\u0119p do danych osobowych i przetwarzaj\u0105cym je wy\u0142\u0105cznie na polecenie administratora, chyba \u017ce wymaga tego prawo UE lub prawo pa\u0144stwa cz\u0142onkowskiego. Pani\/Pana dane b\u0119d\u0105 udost\u0119pnione r\u00f3wnie\u017c podmiotom lub organom uprawnionym na podstawie przepis\u00f3w prawa lub um\u00f3w \u0142\u0105cz\u0105cych te podmioty z Administratorem.<\/li>\n<\/ol>\n","protected":false},"excerpt":{"rendered":"<p>KLAUZULA INFORMACYJNA Na podstawie art. 13 ust. 1 i 2 Rozporz\u0105dzenia Parlamentu Europejskiego i Rady (UE) 2016\/679 z 27 kwietnia 2016 r. w sprawie ochrony os\u00f3b fizycznych w zwi\u0105zku z przetwarzaniem danych osobowych i w sprawie swobodnego przep\u0142ywu takich danych oraz uchylenia dyrektywy 95\/46\/WE (Dz.U.UE. L. z 2016r. Nr 119, s.1 ze zm.) &#8211; \u201edalej &hellip; <a href=\"https:\/\/przedszkolejenin.pl\/index.php\/strona-glowna\/kadra\/klauzula-informacyjna-skierowana-do-osob-z-ktorymi-zawierane-sa-umowy\/\" class=\"more-link\">Czytaj dalej <span class=\"screen-reader-text\">Klauzula informacyjna skierowana do os\u00f3b z kt\u00f3rymi zawierane s\u0105 umowy<\/span> <span class=\"meta-nav\">&rarr;<\/span><\/a><\/p>\n","protected":false},"author":1,"featured_media":0,"parent":220,"menu_order":3,"comment_status":"closed","ping_status":"closed","template":"","meta":[],"_links":{"self":[{"href":"https:\/\/przedszkolejenin.pl\/index.php\/wp-json\/wp\/v2\/pages\/5705"}],"collection":[{"href":"https:\/\/przedszkolejenin.pl\/index.php\/wp-json\/wp\/v2\/pages"}],"about":[{"href":"https:\/\/przedszkolejenin.pl\/index.php\/wp-json\/wp\/v2\/types\/page"}],"author":[{"embeddable":true,"href":"https:\/\/przedszkolejenin.pl\/index.php\/wp-json\/wp\/v2\/users\/1"}],"replies":[{"embeddable":true,"href":"https:\/\/przedszkolejenin.pl\/index.php\/wp-json\/wp\/v2\/comments?post=5705"}],"version-history":[{"count":2,"href":"https:\/\/przedszkolejenin.pl\/index.php\/wp-json\/wp\/v2\/pages\/5705\/revisions"}],"predecessor-version":[{"id":5710,"href":"https:\/\/przedszkolejenin.pl\/index.php\/wp-json\/wp\/v2\/pages\/5705\/revisions\/5710"}],"up":[{"embeddable":true,"href":"https:\/\/przedszkolejenin.pl\/index.php\/wp-json\/wp\/v2\/pages\/220"}],"wp:attachment":[{"href":"https:\/\/przedszkolejenin.pl\/index.php\/wp-json\/wp\/v2\/media?parent=5705"}],"curies":[{"name":"wp","href":"https:\/\/api.w.org\/{rel}","templated":true}]}}