{"id":48,"date":"2017-12-21T21:56:34","date_gmt":"2017-12-21T20:56:34","guid":{"rendered":"http:\/\/przedszkolejenin.pl\/?page_id=48"},"modified":"2026-05-05T09:40:50","modified_gmt":"2026-05-05T07:40:50","slug":"jadlospis","status":"publish","type":"page","link":"https:\/\/przedszkolejenin.pl\/index.php\/dokumenty\/jadlospis\/","title":{"rendered":"Jad\u0142ospis"},"content":{"rendered":"\n<div class=\"wp-block-file\"><a id=\"wp-block-file--media-3bbb8684-44cb-4ee0-8c9c-12a8df5a1ffd\" href=\"https:\/\/przedszkolejenin.pl\/wp-content\/uploads\/2026\/05\/Jadlospis-05.-11.05.2026r-1.doc\">Jad\u0142ospis-05.-11.05.2026r-<\/a><a href=\"https:\/\/przedszkolejenin.pl\/wp-content\/uploads\/2026\/05\/Jadlospis-05.-11.05.2026r-1.doc\" class=\"wp-block-file__button wp-element-button\" download aria-describedby=\"wp-block-file--media-3bbb8684-44cb-4ee0-8c9c-12a8df5a1ffd\">Pobierz<\/a><\/div>\n\n\n\n<figure class=\"wp-block-table\"><table><tbody><tr><td><em>&nbsp;&nbsp;&nbsp;&nbsp; Wtorek &nbsp;&nbsp;&nbsp;&nbsp;&nbsp;&nbsp;&nbsp;&nbsp;05.05.2026r.<\/em><\/td><td><em>Kakao ,pieczywo mieszane<\/em> <em>(pszenno-\u017cytnie, kukurydziane) z mas\u0142em, w\u0119dlin\u0105 drob., og\u00f3rek, pomidor, ser \u017c\u00f3\u0142ty,<\/em> <em>herbata malinowa.<\/em> <strong><em>Alergeny:<\/em><\/strong> <strong><em>mleko,gluten<\/em><\/strong><\/td><td><em>Zupa pomidorowa z ry\u017cem na rosole,<\/em> <em>Kotlet drobiowy, ziemniaki, sa\u0142ata z jogurtem greckim,<\/em> <em>sok owocowy<strong> Alergeny:<\/strong><\/em> <strong><em>gluten, mleko, jaja, seler<\/em><\/strong><\/td><td><em>Biszkopty,truskawki<\/em> <strong><em>Alergeny:<\/em><\/strong> <strong><em>gluten,mleko<\/em><\/strong><\/td><\/tr><tr><td><em>&nbsp;&nbsp;&nbsp; \u015aroda&nbsp; &nbsp;&nbsp;06.05.2026r.<\/em><\/td><td><em>Kawa inka , pieczywo mieszane(pszenno-\u017cytnie) z mas\u0142em, &nbsp;past\u0105 jajeczna, pol\u0119d.drobiow\u0105, rzodkiewka,pomidor<\/em> <em>herbata z cytryn\u0105<\/em> <strong><em>Alergeny:<\/em><\/strong> <strong><em>mleko,gluten, jajka,<\/em><\/strong> <strong><em>musztarda<\/em><\/strong><\/td><td><em>Zupa borowikowa z makaronem na rosole, schab w sosie pieczeniowym,<\/em> <em>Kasza gryczana sur\u00f3wka z kap.peki\u0144skiej z marchewk\u0105 i jab\u0142kiem,<\/em> <em>sok porzeczkowy<\/em> <strong><em>Alergeny:<\/em><\/strong> <strong><em>gluten, jaja, seler<\/em><\/strong><\/td><td><em>Bakalie<\/em> <em>(orzechy: w\u0142oskie, laskowe, nerkowca; rodzynki, \u017curawina, \u015bliwka suszona)<\/em> <strong><em>Alergeny:<\/em><\/strong> <strong><em>orzechy<\/em><\/strong><\/td><\/tr><tr><td><em>&nbsp; &nbsp;&nbsp;Czwartek &nbsp;&nbsp;&nbsp;&nbsp;&nbsp;&nbsp;&nbsp;&nbsp;&nbsp;&nbsp;&nbsp;&nbsp;&nbsp;&nbsp;&nbsp;&nbsp;07.05.2026r.<\/em><\/td><td><em>Zupa mleczna zacierka, pieczywo mieszane(pszenno-\u017cytnie,kukurydziane)<\/em> <em>&nbsp;z mas\u0142em,&nbsp; szynk\u0105 wykwintn\u0105,serem \u017c\u00f3\u0142tym,&nbsp; pasztet podw\u0119dzany<\/em> <em>pap.czerwona<\/em> <em>Herbata z miodem<\/em> <strong><em>Alergeny:<\/em><\/strong> <strong><em>mleko, gluten,<\/em><\/strong><\/td><td><em>Zupa ros\u00f3\u0142 z makaronem,<\/em> <em>kotlety rybne, ziemniaki, sur\u00f3wka z kiszonej kapusty<\/em> <em>sok wieloowocowy.<\/em> <strong><em>Alergeny:<\/em><\/strong> <strong><em>seler,gluten , jaja, ryby,<\/em><\/strong><\/td><td><em>\u015aliwki, mleczna kanapka<\/em> <strong><em>Alergeny: gluten, mleko,<\/em><\/strong><\/td><\/tr><tr><td><em>&nbsp;Pi\u0105tek&nbsp;&nbsp;&nbsp;&nbsp;&nbsp;&nbsp; 08.05.2026r.<\/em><\/td><td><em>Kakao, pieczywo mieszane(pszenno-\u017cytnie) z mas\u0142em,&nbsp; serem \u017c\u00f3\u0142tym, krakowsk\u0105 such\u0105, par\u00f3wka na gor\u0105co<\/em> <em>pom.coctailowy<\/em> <em>herbata owocowa<\/em> <strong><em>Alergeny:<\/em><\/strong> <strong><em>gluten, mleko<\/em><\/strong><\/td><td><em>Zupa fasolowa na rosole, potrawka z kurczaka z ry\u017cem, og\u00f3rek ma\u0142osolny<\/em> <em>Sok owocowy.<\/em> <strong><em>Alergeny: gluten,seler,<\/em><\/strong> <strong><em>mleko,<\/em><\/strong> &nbsp;<\/td><td><em>Bu\u0142ki dro\u017cd\u017cowe<\/em> <em>z owocami, arbuz<\/em> <strong><em>Alergeny:<\/em><\/strong> <strong><em>gluten, mleko<\/em><\/strong><\/td><\/tr><\/tbody><\/table><\/figure>\n\n\n\n<figure class=\"wp-block-table\"><table><tbody><tr><td><em>Poniedzia\u0142ek<\/em> <em>11.05.2026r.<\/em> &nbsp; &nbsp; &nbsp; &nbsp; &nbsp; &nbsp; &nbsp;<\/td><td><em>Zupa mleczna p\u0142atki czekoladowe, piecz.mieszane (pszenno-\u017cytnie),<\/em> <em>szynka wykwintna,<\/em> <em>ser \u017c\u00f3\u0142ty, og\u00f3rek zielony<\/em> <em>herb.owocowa z miodem i cytryn\u0105<\/em> <strong><em>Alergeny: mleko, gluten,<\/em><\/strong><\/td><td><em>Zupa jarzynowa na rosole,<\/em> <em>filet z kurczaka w sosie pieczeniowo-&nbsp; koperkowym, kasza p\u0119czak, marchewka z groszkiem<\/em> <em>Sok&nbsp; malinowy<\/em> <strong><em>Alergeny:<\/em><\/strong> <strong><em>seler,gluten<\/em><\/strong><\/td><td><em>Wafle ry\u017cowe, gruszka<\/em> <strong><em>Brak alergen\u00f3w<\/em><\/strong><\/td><\/tr><\/tbody><\/table><figcaption class=\"wp-element-caption\"><strong><em><u>&#8211; W salach przez ca\u0142y dzie\u0144 jest dost\u0119pna woda do picia &#8211;<\/u><\/em><\/strong><\/figcaption><\/figure>\n\n\n\n<h2>Alergeny<\/h2>\n\n\n\n<figure class=\"is-layout-flex wp-block-gallery-1 wp-block-gallery has-nested-images columns-default is-cropped\">\n<figure class=\"wp-block-image size-large\"><img decoding=\"async\" loading=\"lazy\" width=\"693\" height=\"1024\" data-id=\"12814\"  src=\"http:\/\/przedszkolejenin.pl\/wp-content\/uploads\/2024\/11\/462576722_577938234738084_2054968663873444882_n-693x1024.jpg\" alt=\"\" class=\"wp-image-12814\" srcset=\"https:\/\/przedszkolejenin.pl\/wp-content\/uploads\/2024\/11\/462576722_577938234738084_2054968663873444882_n-693x1024.jpg 693w, https:\/\/przedszkolejenin.pl\/wp-content\/uploads\/2024\/11\/462576722_577938234738084_2054968663873444882_n-203x300.jpg 203w, https:\/\/przedszkolejenin.pl\/wp-content\/uploads\/2024\/11\/462576722_577938234738084_2054968663873444882_n-768x1135.jpg 768w, https:\/\/przedszkolejenin.pl\/wp-content\/uploads\/2024\/11\/462576722_577938234738084_2054968663873444882_n.jpg 826w\" sizes=\"(max-width: 693px) 100vw, 693px\" \/><\/figure>\n<\/figure>\n","protected":false},"excerpt":{"rendered":"<p>&nbsp;&nbsp;&nbsp;&nbsp; Wtorek &nbsp;&nbsp;&nbsp;&nbsp;&nbsp;&nbsp;&nbsp;&nbsp;05.05.2026r. Kakao ,pieczywo mieszane (pszenno-\u017cytnie, kukurydziane) z mas\u0142em, w\u0119dlin\u0105 drob., og\u00f3rek, pomidor, ser \u017c\u00f3\u0142ty, herbata malinowa. Alergeny: mleko,gluten Zupa pomidorowa z ry\u017cem na rosole, Kotlet drobiowy, ziemniaki, sa\u0142ata z jogurtem greckim, sok owocowy Alergeny: gluten, mleko, jaja, seler Biszkopty,truskawki Alergeny: gluten,mleko &nbsp;&nbsp;&nbsp; \u015aroda&nbsp; &nbsp;&nbsp;06.05.2026r. Kawa inka , pieczywo mieszane(pszenno-\u017cytnie) z mas\u0142em, &nbsp;past\u0105 jajeczna, &hellip; <a href=\"https:\/\/przedszkolejenin.pl\/index.php\/dokumenty\/jadlospis\/\" class=\"more-link\">Czytaj dalej <span class=\"screen-reader-text\">Jad\u0142ospis<\/span> <span class=\"meta-nav\">&rarr;<\/span><\/a><\/p>\n","protected":false},"author":1,"featured_media":0,"parent":39,"menu_order":1,"comment_status":"closed","ping_status":"closed","template":"","meta":[],"_links":{"self":[{"href":"https:\/\/przedszkolejenin.pl\/index.php\/wp-json\/wp\/v2\/pages\/48"}],"collection":[{"href":"https:\/\/przedszkolejenin.pl\/index.php\/wp-json\/wp\/v2\/pages"}],"about":[{"href":"https:\/\/przedszkolejenin.pl\/index.php\/wp-json\/wp\/v2\/types\/page"}],"author":[{"embeddable":true,"href":"https:\/\/przedszkolejenin.pl\/index.php\/wp-json\/wp\/v2\/users\/1"}],"replies":[{"embeddable":true,"href":"https:\/\/przedszkolejenin.pl\/index.php\/wp-json\/wp\/v2\/comments?post=48"}],"version-history":[{"count":195,"href":"https:\/\/przedszkolejenin.pl\/index.php\/wp-json\/wp\/v2\/pages\/48\/revisions"}],"predecessor-version":[{"id":17054,"href":"https:\/\/przedszkolejenin.pl\/index.php\/wp-json\/wp\/v2\/pages\/48\/revisions\/17054"}],"up":[{"embeddable":true,"href":"https:\/\/przedszkolejenin.pl\/index.php\/wp-json\/wp\/v2\/pages\/39"}],"wp:attachment":[{"href":"https:\/\/przedszkolejenin.pl\/index.php\/wp-json\/wp\/v2\/media?parent=48"}],"curies":[{"name":"wp","href":"https:\/\/api.w.org\/{rel}","templated":true}]}}