{"id":46,"date":"2017-12-21T21:52:23","date_gmt":"2017-12-21T20:52:23","guid":{"rendered":"http:\/\/przedszkolejenin.pl\/?page_id=46"},"modified":"2025-09-03T21:40:02","modified_gmt":"2025-09-03T19:40:02","slug":"ramowy-rozklad-dnia-grupy-wiewiorki","status":"publish","type":"page","link":"https:\/\/przedszkolejenin.pl\/index.php\/dokumenty\/ramowy-rozklad-dnia-grupy-wiewiorki\/","title":{"rendered":"Ramowy rozk\u0142ad dnia grupy &#8222;Wiewi\u00f3rki&#8221;"},"content":{"rendered":"\n<p class=\"has-text-align-center\"><strong>Ramowy rozk\u0142ad dnia Grupa &#8222;Wiewi\u00f3rki&#8221;<\/strong><\/p>\n\n\n\n<p><strong>6.30 \u2013 8.20<\/strong> \u2013 Codziennie rano przychodzimy do przedszkola. \u017begnamy si\u0119 z mam\u0105, tat\u0105<br>a witamy z paniami i zaczynamy zabaw\u0119 z kolegami i kole\u017cankami. Zgodnie bawimy si\u0119<br>w k\u0105cikach zainteresowa\u0144, rysujemy, korzystamy z zabawek dost\u0119pnych w sali.<\/p>\n\n\n\n<p><strong>8.20 \u2013 8.30<\/strong> \u2013 Wsp\u00f3lnie sprz\u0105tamy zabawki &#8211; dbamy o porz\u0105dek w sali, uczestniczymy w \u0107wiczeniach porannych i zabawach ruchowych.<\/p>\n\n\n\n<p><strong>8.30 \u2013 8.45<\/strong> \u2013 Przygotowujemy si\u0119 do \u015bniadania. Myjemy dok\u0142adnie r\u0119ce, zachowujemy czysto\u015b\u0107<br>w \u0142azience.<\/p>\n\n\n\n<p><strong>8.45 \u2013 9.15<\/strong> \u2013 Jemy \u015bniadanie. Kulturalnie spo\u017cywamy posi\u0142ek, grzecznie siedzimy \u2013 nie rozmawiamy, nie kr\u0119cimy si\u0119 na krzese\u0142kach, dbamy o estetyczne spo\u017cywanie posi\u0142ku. Po sko\u0144czonym \u015bniadaniu dzi\u0119kujemy za pyszne jedzenie i pomagamy sprz\u0105ta\u0107 naczynia.<\/p>\n\n\n\n<p><strong>9.15 \u2013 9.45<\/strong> \u2013 Bierzemy udzia\u0142 w zaj\u0119ciach zorganizowanych z ca\u0142\u0105 grup\u0105: uczymy si\u0119 wierszyk\u00f3w, s\u0142uchamy opowiada\u0144, poznajemy litery, cyfry, poznajemy i \u015bpiewamy piosenki.<\/p>\n\n\n\n<p><strong>9.45 \u2013 10.15<\/strong> \u2013 Wsp\u00f3lnie bawimy si\u0119 w k\u0105cikach tematycznych, pami\u0119tamy o dzieleniu si\u0119 zabawkami z wszystkimi dzie\u0107mi. Po sko\u0144czonej zabawie wsp\u00f3lnie porz\u0105dkujemy sal\u0119.<\/p>\n\n\n\n<p><strong>10.15 \u2013 10.45<\/strong> \u2013 Uczestniczymy w zaj\u0119ciach rytmicznych, gimnastycznych, plastycznych.<\/p>\n\n\n\n<p><strong>10.45<a><\/a> \u2013 11.00<\/strong> \u2013 Przygotowujemy si\u0119 do posi\u0142ku \u2013 kszta\u0142tujemy codzienne nawyki higieniczne &#8211;&nbsp; starannie myjemy r\u0119ce, cierpliwie oczekujemy na swoja kolej.<\/p>\n\n\n\n<p><strong>11.00 \u2013 11.30<\/strong> \u2013 Jemy zupk\u0119 \u2013 pami\u0119tamy o kulturalnym spo\u017cywaniu posi\u0142ku oraz prawid\u0142owym trzymaniu \u0142y\u017cki.<\/p>\n\n\n\n<p><strong>11.30 &#8211; 12.30 &#8211;<\/strong>&#8211; Spacerujemy &#8211; obserwujemy zmiany zachodz\u0105ce w przyrodzie, okre\u015blamy zjawiska atmosferyczne. &nbsp;Bawimy si\u0119 na placu zabaw, korzystamy ze sprz\u0119tu i dost\u0119pnych zabawek, pami\u0119tamy o bezpiecze\u0144stwie podczas korzystania ze sprz\u0119tu terenowego lub w sali &#8211; w zale\u017cno\u015bci od pogody. Uczestniczymy w zabawach konstrukcyjnych i badawczych.<\/p>\n\n\n\n<p><strong>12.45 &#8211; 13.00 <\/strong>\u2013 Porz\u0105dkujemy zabawki, wykonujemy czynno\u015bci samoobs\u0142ugowe w \u0142azience,myjemy r\u0119ce przestrzegaj\u0105c wa\u017cnych zasad.<\/p>\n\n\n\n<p><strong>13.00 &#8211; 13.30 <\/strong>\u2013 Jemy drugie danie i podwieczorek \u2013 pomagamy w rozk\u0142adaniu naczy\u0144, pami\u0119tamy<br>o zwrotach grzeczno\u015bciowych, dbamy o czysto\u015b\u0107 wok\u00f3\u0142 siebie podczas spo\u017cywania posi\u0142ku,<\/p>\n\n\n\n<p><strong>13.30 \u2013 13.45<\/strong> \u2013 Odpoczywamy s\u0142uchaj\u0105c muzyki relaksacyjnej, opowiada\u0144 i bajek czytanych przez<br>n &#8211; la, odtwarzanych z p\u0142yty CD.<\/p>\n\n\n\n<p><strong>13.45 &#8211; 14.30<\/strong> &#8211; Bawimy si\u0119 dowolnie w k\u0105cikach zainteresowa\u0144, bierzemy udzia\u0142 w grach i zabawach dydaktycznych, rozmawiamy sobie z naszymi paniami na przer\u00f3\u017cne tematy, opowiadamy<br>o wra\u017ceniach z minionego dnia w przedszkolu.<\/p>\n\n\n\n<p><strong>14.30 \u2013 16.00 &#8211; <\/strong>Uczestniczymy w zabawach dowolnych wed\u0142ug naszych zainteresowa\u0144,<br>w zaj\u0119ciach w ma\u0142ych zespo\u0142ach. Bawimy si\u0119 na placu zabaw przestrzegaj\u0105c zasad bezpiecze\u0144stwa. Idziemy do domku, \u017cegnamy si\u0119 z paniami.<\/p>\n","protected":false},"excerpt":{"rendered":"<p>Ramowy rozk\u0142ad dnia Grupa &#8222;Wiewi\u00f3rki&#8221; 6.30 \u2013 8.20 \u2013 Codziennie rano przychodzimy do przedszkola. \u017begnamy si\u0119 z mam\u0105, tat\u0105a witamy z paniami i zaczynamy zabaw\u0119 z kolegami i kole\u017cankami. Zgodnie bawimy si\u0119w k\u0105cikach zainteresowa\u0144, rysujemy, korzystamy z zabawek dost\u0119pnych w sali. 8.20 \u2013 8.30 \u2013 Wsp\u00f3lnie sprz\u0105tamy zabawki &#8211; dbamy o porz\u0105dek w sali, uczestniczymy &hellip; <a href=\"https:\/\/przedszkolejenin.pl\/index.php\/dokumenty\/ramowy-rozklad-dnia-grupy-wiewiorki\/\" class=\"more-link\">Czytaj dalej <span class=\"screen-reader-text\">Ramowy rozk\u0142ad dnia grupy &#8222;Wiewi\u00f3rki&#8221;<\/span> <span class=\"meta-nav\">&rarr;<\/span><\/a><\/p>\n","protected":false},"author":1,"featured_media":0,"parent":39,"menu_order":1,"comment_status":"closed","ping_status":"closed","template":"","meta":[],"_links":{"self":[{"href":"https:\/\/przedszkolejenin.pl\/index.php\/wp-json\/wp\/v2\/pages\/46"}],"collection":[{"href":"https:\/\/przedszkolejenin.pl\/index.php\/wp-json\/wp\/v2\/pages"}],"about":[{"href":"https:\/\/przedszkolejenin.pl\/index.php\/wp-json\/wp\/v2\/types\/page"}],"author":[{"embeddable":true,"href":"https:\/\/przedszkolejenin.pl\/index.php\/wp-json\/wp\/v2\/users\/1"}],"replies":[{"embeddable":true,"href":"https:\/\/przedszkolejenin.pl\/index.php\/wp-json\/wp\/v2\/comments?post=46"}],"version-history":[{"count":8,"href":"https:\/\/przedszkolejenin.pl\/index.php\/wp-json\/wp\/v2\/pages\/46\/revisions"}],"predecessor-version":[{"id":15085,"href":"https:\/\/przedszkolejenin.pl\/index.php\/wp-json\/wp\/v2\/pages\/46\/revisions\/15085"}],"up":[{"embeddable":true,"href":"https:\/\/przedszkolejenin.pl\/index.php\/wp-json\/wp\/v2\/pages\/39"}],"wp:attachment":[{"href":"https:\/\/przedszkolejenin.pl\/index.php\/wp-json\/wp\/v2\/media?parent=46"}],"curies":[{"name":"wp","href":"https:\/\/api.w.org\/{rel}","templated":true}]}}