{"id":39,"date":"2017-12-21T21:45:38","date_gmt":"2017-12-21T20:45:38","guid":{"rendered":"http:\/\/przedszkolejenin.pl\/?page_id=39"},"modified":"2025-10-28T20:38:24","modified_gmt":"2025-10-28T19:38:24","slug":"dokumenty","status":"publish","type":"page","link":"https:\/\/przedszkolejenin.pl\/index.php\/dokumenty\/","title":{"rendered":"Dokumenty"},"content":{"rendered":"\n<div class=\"wp-block-file\"><a id=\"wp-block-file--media-b9307b49-4c32-499d-9f40-caf40e18a4a8\" href=\"https:\/\/przedszkolejenin.pl\/wp-content\/uploads\/2025\/10\/STATUT-WLASCIWY-2025r.-1.docx\">Statut GPP w Jeninie -2025r.<\/a><a href=\"https:\/\/przedszkolejenin.pl\/wp-content\/uploads\/2025\/10\/STATUT-WLASCIWY-2025r.-1.docx\" class=\"wp-block-file__button wp-element-button\" download aria-describedby=\"wp-block-file--media-b9307b49-4c32-499d-9f40-caf40e18a4a8\">Pobierz<\/a><\/div>\n\n\n<p>\u00a0<\/p>\n<ol>\n<li><a href=\"http:\/\/przedszkolejenin.pl\/wp-content\/uploads\/2017\/12\/Koncepcja-Pracy-Przedszkola.docx\">Koncepcja pracy przedszkola &#8211; pobierz<\/a><\/li>\n<li><a href=\"http:\/\/przedszkolejenin.pl\/wp-content\/uploads\/2017\/12\/Zbi\u00f3r_procedur.docx\">Zbi\u00f3r procedur<\/a><\/li>\n<li><a href=\"http:\/\/przedszkolejenin.pl\/wp-content\/uploads\/2017\/12\/PRAWA-DZIECKA.docx\">PRAWA DZIECKA<\/a><\/li>\n<li><a href=\"http:\/\/przedszkolejenin.pl\/wp-content\/uploads\/2024\/02\/Standardy-ochrony-maloletnich-przed-krzywdzeniem-wersja-skrocona.docx\">Standardy ochrony ma\u0142oletnich przed krzywdzeniem &#8211; wersja skr\u00f3cona<\/a><\/li>\n<\/ol>\n<p>Dokumenty RODO<\/p>\n<ol>\n<li><a href=\"http:\/\/przedszkolejenin.pl\/wp-content\/uploads\/2017\/12\/Klauzula-informacyjna-przes\u0142anka-przepis-prawa.docx\">Klauzula informacyjna -przes\u0142anka przepis prawa<\/a><\/li>\n<li><a href=\"http:\/\/przedszkolejenin.pl\/wp-content\/uploads\/2017\/12\/Klauzula-informacyjna-przes\u0142anka-umowy.docx\">Klauzula informacyjna -przes\u0142anka umowy<\/a><\/li>\n<li><a href=\"http:\/\/przedszkolejenin.pl\/wp-content\/uploads\/2017\/12\/Klauzula-informacyjna-przes\u0142anka-zgoda.docx\">Klauzula informacyjna -przes\u0142anka zgoda<\/a><\/li>\n<\/ol>","protected":false},"excerpt":{"rendered":"<p>\u00a0 Koncepcja pracy przedszkola &#8211; pobierz Zbi\u00f3r procedur PRAWA DZIECKA Standardy ochrony ma\u0142oletnich przed krzywdzeniem &#8211; wersja skr\u00f3cona Dokumenty RODO Klauzula informacyjna -przes\u0142anka przepis prawa Klauzula informacyjna -przes\u0142anka umowy Klauzula informacyjna -przes\u0142anka zgoda<\/p>\n","protected":false},"author":1,"featured_media":0,"parent":0,"menu_order":1,"comment_status":"closed","ping_status":"closed","template":"","meta":[],"_links":{"self":[{"href":"https:\/\/przedszkolejenin.pl\/index.php\/wp-json\/wp\/v2\/pages\/39"}],"collection":[{"href":"https:\/\/przedszkolejenin.pl\/index.php\/wp-json\/wp\/v2\/pages"}],"about":[{"href":"https:\/\/przedszkolejenin.pl\/index.php\/wp-json\/wp\/v2\/types\/page"}],"author":[{"embeddable":true,"href":"https:\/\/przedszkolejenin.pl\/index.php\/wp-json\/wp\/v2\/users\/1"}],"replies":[{"embeddable":true,"href":"https:\/\/przedszkolejenin.pl\/index.php\/wp-json\/wp\/v2\/comments?post=39"}],"version-history":[{"count":13,"href":"https:\/\/przedszkolejenin.pl\/index.php\/wp-json\/wp\/v2\/pages\/39\/revisions"}],"predecessor-version":[{"id":15566,"href":"https:\/\/przedszkolejenin.pl\/index.php\/wp-json\/wp\/v2\/pages\/39\/revisions\/15566"}],"wp:attachment":[{"href":"https:\/\/przedszkolejenin.pl\/index.php\/wp-json\/wp\/v2\/media?parent=39"}],"curies":[{"name":"wp","href":"https:\/\/api.w.org\/{rel}","templated":true}]}}