{"id":2313,"date":"2019-09-04T11:48:38","date_gmt":"2019-09-04T09:48:38","guid":{"rendered":"http:\/\/przedszkolejenin.pl\/?page_id=2313"},"modified":"2025-09-15T19:52:04","modified_gmt":"2025-09-15T17:52:04","slug":"20192020-2","status":"publish","type":"page","link":"https:\/\/przedszkolejenin.pl\/index.php\/galeria\/20192020-2\/","title":{"rendered":"2019\/2020"},"content":{"rendered":"<p><a href=\"http:\/\/przedszkolejenin.pl\/index.php\/2019\/09\/16\/spotkanie-z-policjantami-3\/\">Spotkanie z policjantami<\/a><\/p>\n<p><a href=\"http:\/\/przedszkolejenin.pl\/index.php\/2019\/09\/17\/sadzenie-jesiennych-kwiatow\/\">Sadzenie jesiennych kwiat\u00f3w<\/a><\/p>\n<p><a href=\"http:\/\/przedszkolejenin.pl\/index.php\/2019\/09\/29\/dzien-przedszkolaka-2019-2\/\">Dzie\u0144 Przedszkolaka 2019<\/a><\/p>\n<p><a href=\"http:\/\/przedszkolejenin.pl\/index.php\/2019\/10\/10\/zasady-ruchu-drogowego\/\">Zasady ruchu drogowego<\/a><\/p>\n<p><a href=\"http:\/\/przedszkolejenin.pl\/index.php\/2019\/10\/10\/wycieczka-do-sklepu-poznajemy-warzywa-i-owoce\/\">Wycieczka do sklepu \u2013 poznajemy warzywa i owoce<\/a><\/p>\n<p><a href=\"http:\/\/przedszkolejenin.pl\/index.php\/2019\/10\/10\/dzien-chlopaka\/\">Dzie\u0144 Ch\u0142opaka<\/a><\/p>\n<p><a href=\"http:\/\/przedszkolejenin.pl\/index.php\/2019\/10\/06\/od-przedszkola-do-seniora\/\">&#8222;Od przedszkola do seniora&#8221;<\/a><\/p>\n<p><a href=\"http:\/\/przedszkolejenin.pl\/index.php\/2019\/10\/06\/spotkanie-z-jezykami\/\">Spotkanie z je\u017cykami<\/a><\/p>\n<p><a href=\"http:\/\/przedszkolejenin.pl\/index.php\/2019\/10\/09\/edukacja-muzyczna-calineczka\/\">Edukacja muzyczna Calineczka<\/a><\/p>\n<p><a href=\"http:\/\/przedszkolejenin.pl\/index.php\/2019\/10\/10\/sadzenie-zonkili\/\">Sadzenie \u017conkili<\/a><\/p>\n<p><a href=\"http:\/\/przedszkolejenin.pl\/index.php\/2019\/10\/19\/wyprawa-magellana\/\">Wyjazd do Kina Helios na bajk\u0119 pt. &#8222;Wyprawa Magellana&#8221;<\/a><\/p>\n<p><a href=\"http:\/\/przedszkolejenin.pl\/index.php\/2019\/10\/23\/spotkanie-z-wolontariuszami-z-fundacji-anaconda\/\">Spotkanie z wolontariuszami z Fundacji &#8222;Anaconda&#8221;<\/a><\/p>\n<p><a href=\"http:\/\/przedszkolejenin.pl\/index.php\/2019\/10\/30\/bal-jesieni-3\/\">Bal Jesieni<\/a><\/p>\n<p>Przedstawienie grupy &#8222;Wiewi\u00f3rki&#8221; pt.&#8221;Dary Pani Jesieni&#8221; z okazji Balu Jesieni<\/p>\n<div style=\"width: 368px;\" class=\"wp-video\"><!--[if lt IE 9]><script>document.createElement('video');<\/script><![endif]-->\n<video class=\"wp-video-shortcode\" id=\"video-2313-1\" width=\"368\" height=\"656\" preload=\"metadata\" controls=\"controls\"><source type=\"video\/mp4\" src=\"http:\/\/przedszkolejenin.pl\/wp-content\/uploads\/2019\/09\/video-1572343187.mp4?_=1\" \/><a href=\"http:\/\/przedszkolejenin.pl\/wp-content\/uploads\/2019\/09\/video-1572343187.mp4\">http:\/\/przedszkolejenin.pl\/wp-content\/uploads\/2019\/09\/video-1572343187.mp4<\/a><\/video><\/div>\n<p><a href=\"http:\/\/przedszkolejenin.pl\/index.php\/2019\/11\/04\/edukacja-muzyczna-na-indianskim-szlaku\/\">Edukacja muzyczna \u201eNa india\u0144skim szlaku\u201d<\/a><\/p>\n<p><a href=\"http:\/\/przedszkolejenin.pl\/index.php\/2019\/11\/05\/czytanie-na-drugie-sniadanie\/\">Czytanie bajek przez zaproszonych go\u015bci w ramach programu &#8222;Czytanie na drugie \u015bniadanie&#8221;<\/a><\/p>\n<p>Obchody 101 Rocznicy Odzyskania Niepodleg\u0142o\u015bci<\/p>\n<p><a href=\"http:\/\/przedszkolejenin.pl\/index.php\/2019\/11\/08\/dzien-niepodleglosci\/\">Obchody \u015awi\u0119ta Niepodleg\u0142o\u015bci &#8211; zdj\u0119cia<\/a><\/p>\n<div style=\"width: 604px;\" class=\"wp-video\"><video class=\"wp-video-shortcode\" id=\"video-2313-2\" width=\"604\" height=\"332\" preload=\"metadata\" controls=\"controls\"><source type=\"video\/mp4\" src=\"http:\/\/przedszkolejenin.pl\/wp-content\/uploads\/2019\/09\/VID-20191108-WA0002.mp4?_=2\" \/><a href=\"http:\/\/przedszkolejenin.pl\/wp-content\/uploads\/2019\/09\/VID-20191108-WA0002.mp4\">http:\/\/przedszkolejenin.pl\/wp-content\/uploads\/2019\/09\/VID-20191108-WA0002.mp4<\/a><\/video><\/div>\n<div style=\"width: 604px;\" class=\"wp-video\"><video class=\"wp-video-shortcode\" id=\"video-2313-3\" width=\"604\" height=\"342\" preload=\"metadata\" controls=\"controls\"><source type=\"video\/mp4\" src=\"http:\/\/przedszkolejenin.pl\/wp-content\/uploads\/2019\/09\/VID-20191108-WA0016.mp4?_=3\" \/><a href=\"http:\/\/przedszkolejenin.pl\/wp-content\/uploads\/2019\/09\/VID-20191108-WA0016.mp4\">http:\/\/przedszkolejenin.pl\/wp-content\/uploads\/2019\/09\/VID-20191108-WA0016.mp4<\/a><\/video><\/div>\n<div style=\"width: 604px;\" class=\"wp-video\"><video class=\"wp-video-shortcode\" id=\"video-2313-4\" width=\"604\" height=\"342\" preload=\"metadata\" controls=\"controls\"><source type=\"video\/mp4\" src=\"http:\/\/przedszkolejenin.pl\/wp-content\/uploads\/2019\/09\/VID-20191108-WA0017.mp4?_=4\" \/><a href=\"http:\/\/przedszkolejenin.pl\/wp-content\/uploads\/2019\/09\/VID-20191108-WA0017.mp4\">http:\/\/przedszkolejenin.pl\/wp-content\/uploads\/2019\/09\/VID-20191108-WA0017.mp4<\/a><\/video><\/div>\n<div style=\"width: 604px;\" class=\"wp-video\"><video class=\"wp-video-shortcode\" id=\"video-2313-5\" width=\"604\" height=\"342\" preload=\"metadata\" controls=\"controls\"><source type=\"video\/mp4\" src=\"http:\/\/przedszkolejenin.pl\/wp-content\/uploads\/2019\/09\/VID-20191108-WA0021.mp4?_=5\" \/><a href=\"http:\/\/przedszkolejenin.pl\/wp-content\/uploads\/2019\/09\/VID-20191108-WA0021.mp4\">http:\/\/przedszkolejenin.pl\/wp-content\/uploads\/2019\/09\/VID-20191108-WA0021.mp4<\/a><\/video><\/div>\n<div style=\"width: 604px;\" class=\"wp-video\"><video class=\"wp-video-shortcode\" id=\"video-2313-6\" width=\"604\" height=\"342\" preload=\"metadata\" controls=\"controls\"><source type=\"video\/mp4\" src=\"http:\/\/przedszkolejenin.pl\/wp-content\/uploads\/2019\/09\/VID-20191108-WA0022.mp4?_=6\" \/><a href=\"http:\/\/przedszkolejenin.pl\/wp-content\/uploads\/2019\/09\/VID-20191108-WA0022.mp4\">http:\/\/przedszkolejenin.pl\/wp-content\/uploads\/2019\/09\/VID-20191108-WA0022.mp4<\/a><\/video><\/div>\n<p><a href=\"http:\/\/przedszkolejenin.pl\/index.php\/2019\/11\/16\/spotkanie-z-funkcjonariuszem-sluzby-wieziennej-oraz-policjantem\/\">Spotkanie z funkcjonariuszem s\u0142u\u017cby wi\u0119ziennej oraz emerytowanym policjantem<\/a><\/p>\n<p><a href=\"http:\/\/przedszkolejenin.pl\/index.php\/2019\/11\/24\/jesienna-spartakiada\/\">Jesienna spartakiada<\/a><\/p>\n<p><a href=\"http:\/\/przedszkolejenin.pl\/index.php\/2019\/12\/03\/dzieci-ucza-rodzicow\/\">Dzieci ucz\u0105 rodzic\u00f3w<\/a><\/p>\n<p><a href=\"http:\/\/przedszkolejenin.pl\/index.php\/2020\/02\/12\/dzieci-ucza-rodzicow-recykling\/\">Dzieci ucz\u0105 rodzic\u00f3w \u2013 recykling<\/a><\/p>\n<p><a href=\"http:\/\/przedszkolejenin.pl\/index.php\/2019\/11\/25\/dzien-pluszowego-misia\/\">Dzie\u0144 Pluszowego Misia<\/a><\/p>\n<p><a href=\"http:\/\/przedszkolejenin.pl\/index.php\/2019\/12\/03\/piekna-i-bestia\/\">Edukacja teatralna &#8222;Pi\u0119kna i Bestia&#8221;<\/a><\/p>\n<p><a href=\"http:\/\/przedszkolejenin.pl\/index.php\/2019\/12\/03\/swiateczna-goraczka-olafa\/\">Edukacja teatralna &#8222;\u015awi\u0105teczna gor\u0105czka Olafa&#8221;<\/a><\/p>\n<p><a href=\"http:\/\/przedszkolejenin.pl\/index.php\/2019\/12\/03\/dyzurni\/\">Dy\u017curni &#8211; grupa Je\u017cyki i grupa Wiewi\u00f3rki<\/a><\/p>\n<p><a href=\"http:\/\/przedszkolejenin.pl\/index.php\/2019\/12\/04\/ratownictwo-medyczne\/\">Zaj\u0119cia z ratownictwa medycznego<\/a><\/p>\n<p><a href=\"http:\/\/przedszkolejenin.pl\/index.php\/2019\/12\/05\/samodzielne-sniadanie\/\">Samodzielne \u015bniadanie<\/a><\/p>\n<p><a href=\"http:\/\/przedszkolejenin.pl\/index.php\/2019\/12\/07\/przedstawienie-teatralne-legenda-o-jeninie\/\">Przedstawienie teatralne \u201eLegenda o Jeninie\u201d<\/a><\/p>\n<p><a href=\"http:\/\/przedszkolejenin.pl\/index.php\/2019\/12\/07\/mikolajki-2019\/\">Miko\u0142ajki 2019<\/a><\/p>\n<p><a href=\"http:\/\/przedszkolejenin.pl\/index.php\/2019\/12\/12\/zajecia-kulinarne\/\">Zaj\u0119cia kulinarne<\/a><\/p>\n<p><a href=\"http:\/\/przedszkolejenin.pl\/index.php\/2019\/12\/12\/spotkanie-z-krawcowa\/\">Spotkanie z krawcow\u0105 w ramach programu &#8222;Poznajemy zawody naszych najbli\u017cszych&#8221;<\/a><\/p>\n<p><a href=\"http:\/\/przedszkolejenin.pl\/index.php\/2019\/12\/18\/roztanczona-lampa-aladyna\/\">Rozta\u0144czona lampa Aladyna<\/a><\/p>\n<p><a href=\"http:\/\/przedszkolejenin.pl\/index.php\/2019\/12\/18\/warsztaty2019\/\">Warsztaty<\/a><\/p>\n<p><a href=\"http:\/\/przedszkolejenin.pl\/index.php\/2019\/12\/22\/ubieranie-choinki\/\">Ubieranie choinki<\/a><\/p>\n<p><a href=\"http:\/\/przedszkolejenin.pl\/index.php\/2019\/12\/22\/warsztaty-swiateczne-w-muzeum\/\">Warsztaty \u015bwi\u0105teczne w muzeum w Gorzowie Wlkp.<\/a><\/p>\n<p><a href=\"http:\/\/przedszkolejenin.pl\/index.php\/2019\/12\/22\/dziewczynka-z-zapalkami\/\">Dziewczynka z zapa\u0142kami w wykonaniu aktor\u00f3w z SP w Jeninie<\/a><\/p>\n<p><a href=\"http:\/\/przedszkolejenin.pl\/index.php\/2019\/12\/27\/kodowanie-na-dywanie\/\">Kodowanie na dywanie<\/a><\/p>\n<p><a href=\"http:\/\/przedszkolejenin.pl\/index.php\/2020\/01\/13\/innowacja-badawcza-co-sie-rozpusci\/\">Innowacja badawcza \u201eCo si\u0119 rozpu\u015bci?\u201d<\/a><\/p>\n<p><a href=\"http:\/\/przedszkolejenin.pl\/index.php\/2020\/01\/14\/przeglad-koled-i-pastoralek\/\">Przegl\u0105d kol\u0119d i pastora\u0142ek<\/a><\/p>\n<p><a href=\"http:\/\/przedszkolejenin.pl\/index.php\/2020\/01\/20\/witajcie-w-naszej-bajce-czyli-pan-kleks-w-muzycznym-palacu\/\">Edukacja muzyczna \u201eWitajcie w naszej bajce \u2013 czyli Pan Kleks w muzycznym pa\u0142acu\u201d<\/a><\/p>\n<p><a href=\"http:\/\/przedszkolejenin.pl\/index.php\/2020\/01\/20\/sala-zabaw-yabadabadoo\/\">Wyjazd do sali zabaw YABADABADOO<\/a><\/p>\n<p><a href=\"http:\/\/przedszkolejenin.pl\/index.php\/2020\/01\/23\/zajecia-z-globalnego-czytania\/\">Zaj\u0119cia z globalnego czytania<\/a><\/p>\n<p><a href=\"http:\/\/przedszkolejenin.pl\/index.php\/2020\/01\/23\/pieczenie-ciasteczek-dla-dziadkow\/\">Pieczenie ciasteczek dla dziadk\u00f3w<\/a><\/p>\n<p><a href=\"http:\/\/przedszkolejenin.pl\/index.php\/2020\/01\/27\/dzien-babci-i-dziadka-2020\/\">Dzie\u0144 Babci i Dziadka 2020<\/a><\/p>\n<p><a href=\"http:\/\/przedszkolejenin.pl\/index.php\/2020\/01\/27\/dokarmiamy-ptaki\/\">Dokarmiamy ptaki<\/a><\/p>\n<p><a href=\"http:\/\/przedszkolejenin.pl\/index.php\/2020\/02\/12\/edukacja-teatralna-calineczka\/\">Edukacja teatralna \u201eCalineczka\u201d<\/a><\/p>\n<p><a href=\"http:\/\/przedszkolejenin.pl\/index.php\/2020\/02\/19\/kodowanie-cyfry\/\">Kodowanie &#8211; cyfry<\/a><\/p>\n<p><a href=\"http:\/\/przedszkolejenin.pl\/index.php\/2020\/02\/19\/bal-karnawalowy-2020\/\">Bal karnawa\u0142owy 2020<\/a><\/p>\n<p><a href=\"http:\/\/przedszkolejenin.pl\/index.php\/2020\/02\/19\/zeglarze-i-piraci-na-morzu-pelnym-dzwiekow\/\">\u017beglarze i piraci na morzu pe\u0142nym d\u017awi\u0119k\u00f3w<\/a><\/p>\n<p><a href=\"http:\/\/przedszkolejenin.pl\/index.php\/2020\/03\/02\/album-zwierzeta-lesne\/\">Album zwierz\u0119ta le\u015bne<\/a><\/p>\n<p><a href=\"http:\/\/przedszkolejenin.pl\/index.php\/2020\/03\/02\/kodowanie-rownania\/\">Kodowanie &#8211; wprowadzenie cyfry 9<\/a><\/p>\n<p><a href=\"http:\/\/przedszkolejenin.pl\/index.php\/2020\/03\/08\/zajecia-taneczne-z-pania-ania\/\">Zaj\u0119cia taneczne z Pani\u0105 Ani\u0105<\/a><\/p>\n<p><a href=\"http:\/\/przedszkolejenin.pl\/index.php\/2020\/03\/08\/czytanie-bajki-przez-pania-beate-t\/\">Czytanie bajki przez radn\u0105 Pani\u0105 Beat\u0119 T.<\/a><\/p>\n<p><a href=\"http:\/\/przedszkolejenin.pl\/index.php\/2020\/03\/19\/czytanie-bajki-przez-radna-pania-beate-w\/\">Czytanie bajki przez radn\u0105 Pani\u0105 Beat\u0119 W.<\/a><\/p>\n<p><a href=\"http:\/\/przedszkolejenin.pl\/index.php\/2020\/03\/19\/dzien-kobiet\/\">Dzie\u0144 Kobiet<\/a><\/p>\n<p><a href=\"http:\/\/przedszkolejenin.pl\/index.php\/2020\/06\/29\/dzien-dziecka-2020\/\">Dzie\u0144 Dziecka 2020<\/a><\/p>\n<p><a href=\"http:\/\/przedszkolejenin.pl\/index.php\/2020\/06\/29\/zakonczenie-6-latkow-2020\/\">Zako\u0144czenie 6-latk\u00f3w 2020<\/a><\/p>\n","protected":false},"excerpt":{"rendered":"<p>Spotkanie z policjantami Sadzenie jesiennych kwiat\u00f3w Dzie\u0144 Przedszkolaka 2019 Zasady ruchu drogowego Wycieczka do sklepu \u2013 poznajemy warzywa i owoce Dzie\u0144 Ch\u0142opaka &#8222;Od przedszkola do seniora&#8221; Spotkanie z je\u017cykami Edukacja muzyczna Calineczka Sadzenie \u017conkili Wyjazd do Kina Helios na bajk\u0119 pt. &#8222;Wyprawa Magellana&#8221; Spotkanie z wolontariuszami z Fundacji &#8222;Anaconda&#8221; Bal Jesieni Przedstawienie grupy &#8222;Wiewi\u00f3rki&#8221; pt.&#8221;Dary &hellip; <a href=\"https:\/\/przedszkolejenin.pl\/index.php\/galeria\/20192020-2\/\" class=\"more-link\">Czytaj dalej <span class=\"screen-reader-text\">2019\/2020<\/span> <span class=\"meta-nav\">&rarr;<\/span><\/a><\/p>\n","protected":false},"author":1,"featured_media":0,"parent":41,"menu_order":7,"comment_status":"closed","ping_status":"closed","template":"","meta":[],"_links":{"self":[{"href":"https:\/\/przedszkolejenin.pl\/index.php\/wp-json\/wp\/v2\/pages\/2313"}],"collection":[{"href":"https:\/\/przedszkolejenin.pl\/index.php\/wp-json\/wp\/v2\/pages"}],"about":[{"href":"https:\/\/przedszkolejenin.pl\/index.php\/wp-json\/wp\/v2\/types\/page"}],"author":[{"embeddable":true,"href":"https:\/\/przedszkolejenin.pl\/index.php\/wp-json\/wp\/v2\/users\/1"}],"replies":[{"embeddable":true,"href":"https:\/\/przedszkolejenin.pl\/index.php\/wp-json\/wp\/v2\/comments?post=2313"}],"version-history":[{"count":50,"href":"https:\/\/przedszkolejenin.pl\/index.php\/wp-json\/wp\/v2\/pages\/2313\/revisions"}],"predecessor-version":[{"id":15101,"href":"https:\/\/przedszkolejenin.pl\/index.php\/wp-json\/wp\/v2\/pages\/2313\/revisions\/15101"}],"up":[{"embeddable":true,"href":"https:\/\/przedszkolejenin.pl\/index.php\/wp-json\/wp\/v2\/pages\/41"}],"wp:attachment":[{"href":"https:\/\/przedszkolejenin.pl\/index.php\/wp-json\/wp\/v2\/media?parent=2313"}],"curies":[{"name":"wp","href":"https:\/\/api.w.org\/{rel}","templated":true}]}}