{"id":231,"date":"2018-01-06T19:02:39","date_gmt":"2018-01-06T18:02:39","guid":{"rendered":"http:\/\/przedszkolejenin.pl\/?page_id=231"},"modified":"2025-11-12T16:56:46","modified_gmt":"2025-11-12T15:56:46","slug":"zajecia-dodatkowe","status":"publish","type":"page","link":"https:\/\/przedszkolejenin.pl\/index.php\/strona-glowna\/zajecia-dodatkowe\/","title":{"rendered":"Zaj\u0119cia dodatkowe"},"content":{"rendered":"<p class=\"font_8\"><strong>Bezp\u0142atne zaj\u0119cia dodatkowe rozwijaj\u0105ce zainteresowania dzieci realizowane w formie innowacji pedagogicznej <\/strong><strong>w Gminnym Przedszkolu Publicznym w Jeninie<\/strong><\/p>\n<p class=\"font_8\">\n<p class=\"font_8\"><strong>Kodowanie na dywanie<\/strong>\u00a0&#8211; Pani Zofia Fr\u0105czek<\/p>\n<p class=\"font_8\"><strong>Grupa \u201eWiewi\u00f3rki\u201d<\/strong> \u2013 czwartek 11.30-12.00<\/p>\n<p class=\"font_8\"><strong>Zaj\u0119cia przyrodniczo \u2013 badawcze<\/strong> &#8211; Pani Agnieszka Kaiser<\/p>\n<p class=\"font_8\"><strong>Grupa\u00a0 \u201eJe\u017cyki\u201d<\/strong> \u2013 \u015broda\u00a0 11.30-12.00<\/p>\n<p><strong>Grupa &#8222;Wiewi\u00f3rki&#8221;<\/strong> &#8211; czwartek 9.30-10.00<\/p>\n<p><strong>Zaj\u0119cia taneczne<\/strong> &#8211; Pani Marlena Ostapowicz<\/p>\n<p><strong>Grupa &#8222;Wiewi\u00f3rki&#8221;<\/strong> &#8211; \u015broda 11.30 &#8211; 12.00<\/p>\n<p><strong>J\u0119zyk niemiecki<\/strong> &#8211; Pani Edyta Kie\u0142pi\u0144ska<\/p>\n<p><strong>&#8222;Je\u017cyki&#8221; i &#8222;Wiewi\u00f3rki&#8221;<\/strong> &#8211; czwartek<\/p>\n","protected":false},"excerpt":{"rendered":"<p>Bezp\u0142atne zaj\u0119cia dodatkowe rozwijaj\u0105ce zainteresowania dzieci realizowane w formie innowacji pedagogicznej w Gminnym Przedszkolu Publicznym w Jeninie Kodowanie na dywanie\u00a0&#8211; Pani Zofia Fr\u0105czek Grupa \u201eWiewi\u00f3rki\u201d \u2013 czwartek 11.30-12.00 Zaj\u0119cia przyrodniczo \u2013 badawcze &#8211; Pani Agnieszka Kaiser Grupa\u00a0 \u201eJe\u017cyki\u201d \u2013 \u015broda\u00a0 11.30-12.00 Grupa &#8222;Wiewi\u00f3rki&#8221; &#8211; czwartek 9.30-10.00 Zaj\u0119cia taneczne &#8211; Pani Marlena Ostapowicz Grupa &#8222;Wiewi\u00f3rki&#8221; &#8211; &hellip; <a href=\"https:\/\/przedszkolejenin.pl\/index.php\/strona-glowna\/zajecia-dodatkowe\/\" class=\"more-link\">Czytaj dalej <span class=\"screen-reader-text\">Zaj\u0119cia dodatkowe<\/span> <span class=\"meta-nav\">&rarr;<\/span><\/a><\/p>\n","protected":false},"author":1,"featured_media":0,"parent":27,"menu_order":4,"comment_status":"closed","ping_status":"closed","template":"","meta":[],"_links":{"self":[{"href":"https:\/\/przedszkolejenin.pl\/index.php\/wp-json\/wp\/v2\/pages\/231"}],"collection":[{"href":"https:\/\/przedszkolejenin.pl\/index.php\/wp-json\/wp\/v2\/pages"}],"about":[{"href":"https:\/\/przedszkolejenin.pl\/index.php\/wp-json\/wp\/v2\/types\/page"}],"author":[{"embeddable":true,"href":"https:\/\/przedszkolejenin.pl\/index.php\/wp-json\/wp\/v2\/users\/1"}],"replies":[{"embeddable":true,"href":"https:\/\/przedszkolejenin.pl\/index.php\/wp-json\/wp\/v2\/comments?post=231"}],"version-history":[{"count":10,"href":"https:\/\/przedszkolejenin.pl\/index.php\/wp-json\/wp\/v2\/pages\/231\/revisions"}],"predecessor-version":[{"id":15674,"href":"https:\/\/przedszkolejenin.pl\/index.php\/wp-json\/wp\/v2\/pages\/231\/revisions\/15674"}],"up":[{"embeddable":true,"href":"https:\/\/przedszkolejenin.pl\/index.php\/wp-json\/wp\/v2\/pages\/27"}],"wp:attachment":[{"href":"https:\/\/przedszkolejenin.pl\/index.php\/wp-json\/wp\/v2\/media?parent=231"}],"curies":[{"name":"wp","href":"https:\/\/api.w.org\/{rel}","templated":true}]}}