{"id":220,"date":"2018-01-06T18:52:30","date_gmt":"2018-01-06T17:52:30","guid":{"rendered":"http:\/\/przedszkolejenin.pl\/?page_id=220"},"modified":"2025-11-12T16:55:38","modified_gmt":"2025-11-12T15:55:38","slug":"kadra","status":"publish","type":"page","link":"https:\/\/przedszkolejenin.pl\/index.php\/strona-glowna\/kadra\/","title":{"rendered":"RODO"},"content":{"rendered":"<div style=\"float: left; padding-right: 20px; border: 0px solid red;\">\n<a href=\"http:\/\/przedszkolejenin.pl\/wp-content\/uploads\/2018\/01\/IOD.docx\">Kontakt do IOD.<\/a><\/div>\n<div><\/div>\n<p>&nbsp;<\/p>\n<p><a href=\"http:\/\/przedszkolejenin.pl\/wp-content\/uploads\/2018\/01\/za\u0142.-nr-1-Klauzula-inf.-dla-rodzic\u00f3w-opiekun\u00f3w-prawnych..docx\">Klauzura informacyjna skierowana do rodzic\u00f3w.<\/a><\/p>\n<p><a href=\"http:\/\/przedszkolejenin.pl\/wp-content\/uploads\/2018\/01\/za\u0142.-nr-2-Klauzula-inf.-kontrahent.docx\">Klauzula informacyjna skierowana do os\u00f3b z kt\u00f3rymi zawierane s\u0105 umowy.<\/a><\/p>\n","protected":false},"excerpt":{"rendered":"<p>Kontakt do IOD. &nbsp; Klauzura informacyjna skierowana do rodzic\u00f3w. Klauzula informacyjna skierowana do os\u00f3b z kt\u00f3rymi zawierane s\u0105 umowy.<\/p>\n","protected":false},"author":1,"featured_media":0,"parent":27,"menu_order":3,"comment_status":"closed","ping_status":"closed","template":"","meta":[],"_links":{"self":[{"href":"https:\/\/przedszkolejenin.pl\/index.php\/wp-json\/wp\/v2\/pages\/220"}],"collection":[{"href":"https:\/\/przedszkolejenin.pl\/index.php\/wp-json\/wp\/v2\/pages"}],"about":[{"href":"https:\/\/przedszkolejenin.pl\/index.php\/wp-json\/wp\/v2\/types\/page"}],"author":[{"embeddable":true,"href":"https:\/\/przedszkolejenin.pl\/index.php\/wp-json\/wp\/v2\/users\/1"}],"replies":[{"embeddable":true,"href":"https:\/\/przedszkolejenin.pl\/index.php\/wp-json\/wp\/v2\/comments?post=220"}],"version-history":[{"count":21,"href":"https:\/\/przedszkolejenin.pl\/index.php\/wp-json\/wp\/v2\/pages\/220\/revisions"}],"predecessor-version":[{"id":5699,"href":"https:\/\/przedszkolejenin.pl\/index.php\/wp-json\/wp\/v2\/pages\/220\/revisions\/5699"}],"up":[{"embeddable":true,"href":"https:\/\/przedszkolejenin.pl\/index.php\/wp-json\/wp\/v2\/pages\/27"}],"wp:attachment":[{"href":"https:\/\/przedszkolejenin.pl\/index.php\/wp-json\/wp\/v2\/media?parent=220"}],"curies":[{"name":"wp","href":"https:\/\/api.w.org\/{rel}","templated":true}]}}