{"id":1541,"date":"2019-01-08T13:09:05","date_gmt":"2019-01-08T12:09:05","guid":{"rendered":"http:\/\/przedszkolejenin.pl\/?page_id=1541"},"modified":"2025-09-15T19:53:08","modified_gmt":"2025-09-15T17:53:08","slug":"2018-2","status":"publish","type":"page","link":"https:\/\/przedszkolejenin.pl\/index.php\/galeria\/2018-2\/","title":{"rendered":"2017\/2018"},"content":{"rendered":"<p><a href=\"http:\/\/przedszkolejenin.pl\/index.php\/2018\/10\/30\/bal-jesieni-2\/\">Bal Jesieni<\/a><\/p>\n<p><a href=\"http:\/\/przedszkolejenin.pl\/index.php\/2017\/12\/21\/dzien-przedszkolaka\/\">Dzie\u0144 przedszkolaka<\/a><\/p>\n<p><a href=\"http:\/\/przedszkolejenin.pl\/index.php\/2018\/01\/09\/przedszkolne-pole-nadziei\/\">Przedszkolne pole nadziei<\/a><\/p>\n<p><a href=\"http:\/\/przedszkolejenin.pl\/index.php\/2018\/01\/09\/bajka-nie-ma-jak-w-domu\/\">Bajka &#8222;Nie ma jak w domu&#8221;<\/a><\/p>\n<p><a href=\"http:\/\/przedszkolejenin.pl\/index.php\/2018\/01\/09\/edukacja-muzyczna-dzwony-dzwonki-dzwoneczki\/\">Edukacja muzyczna &#8222;Dzwony, dzwonki, dzwoneczki&#8221;<\/a><\/p>\n<p><a href=\"http:\/\/przedszkolejenin.pl\/index.php\/2018\/01\/09\/fikoland\/\">Fikoland<\/a><\/p>\n<p><a href=\"http:\/\/przedszkolejenin.pl\/index.php\/2018\/01\/09\/bal-jesieni\/\">Bal Jesieni<\/a><\/p>\n<p><a href=\"http:\/\/przedszkolejenin.pl\/index.php\/2018\/01\/09\/swieto-niepodleglosci\/\">\u015awi\u0119to Niepodleg\u0142o\u015bci<\/a><\/p>\n<p><a href=\"http:\/\/przedszkolejenin.pl\/index.php\/2018\/01\/09\/spotkanie-z-policjantami\/\">Spotkanie z policjantami<\/a><\/p>\n<p><a href=\"http:\/\/przedszkolejenin.pl\/index.php\/2018\/01\/09\/wizyta-kucharza\/\">Wizyta Kucharza<\/a><\/p>\n<p><a href=\"http:\/\/przedszkolejenin.pl\/index.php\/2018\/01\/09\/edukacja-muzyczna-muzyczne-opowiesci\/\">Edukacja muzyczna &#8222;Muzyczne opowie\u015bci&#8221;<\/a><\/p>\n<p><a href=\"http:\/\/przedszkolejenin.pl\/index.php\/2018\/01\/09\/bajka-zima-u-kubusia-puchatka\/\">Bajka &#8222;Zima u Kubusia Puchatka&#8221;<\/a><\/p>\n<p><a href=\"http:\/\/przedszkolejenin.pl\/index.php\/2018\/01\/09\/czytanie-bajek-przez-zaproszonych-gosci\/\">Czytanie bajek przez zaproszonych go\u015bci<\/a><\/p>\n<p><a href=\"http:\/\/przedszkolejenin.pl\/index.php\/2018\/01\/09\/mikolajki\/\">Miko\u0142ajki<\/a><\/p>\n<p><a href=\"http:\/\/przedszkolejenin.pl\/index.php\/2018\/01\/18\/warsztaty-swiateczne\/\">Warsztaty \u015bwi\u0105teczne<\/a><\/p>\n<p><a href=\"http:\/\/przedszkolejenin.pl\/index.php\/2018\/01\/14\/bajka-kot-w-butach\/\">Bajka &#8222;Kot w butach&#8221;<\/a><\/p>\n<p><a href=\"http:\/\/przedszkolejenin.pl\/index.php\/2018\/01\/14\/warsztaty-w-bibliotece-w-sp-w-jeninie-grupa-jezyki\/\">Warsztaty w bibliotece w SP w Jeninie grupa &#8222;Je\u017cyki&#8221;<\/a><\/p>\n<p><a href=\"http:\/\/przedszkolejenin.pl\/index.php\/2018\/01\/14\/wielka-draka-w-gitarowej-rodzinie\/\">Edukacja muzyczna &#8222;Wielka draka w gitarowej rodzinie&#8221;<\/a><\/p>\n<p><a href=\"http:\/\/przedszkolejenin.pl\/index.php\/2018\/01\/14\/bajka-smocza-legenda\/\">Bajka &#8222;Smocza legenda&#8221;<\/a><\/p>\n<p><a href=\"http:\/\/przedszkolejenin.pl\/index.php\/2018\/01\/24\/poznajemy-zawody-naszych-najblizszych\/\">Poznajemy zawody naszych najbli\u017cszych<\/a><\/p>\n<p><a href=\"http:\/\/przedszkolejenin.pl\/index.php\/2018\/01\/26\/edukacja-muzyczna-cymbaly-ukulele-i-drewniane-lyzki\/\">Edukacja muzyczna &#8222;Cymba\u0142y, ukulele i drewniane \u0142y\u017cki&#8221;<\/a><\/p>\n<p><a href=\"http:\/\/przedszkolejenin.pl\/index.php\/2018\/01\/26\/dzien-babci-i-dziadka\/\">Dzie\u0144 Babci i Dziadka<\/a><\/p>\n<p><a href=\"http:\/\/przedszkolejenin.pl\/index.php\/2018\/02\/07\/wyjazd-do-teatru-baju-baju-moj-naj-naju\/\">Wyjazd do teatru &#8211; &#8222;Baju baju m\u00f3j naj naju&#8221;<\/a><\/p>\n<p><a href=\"http:\/\/przedszkolejenin.pl\/index.php\/2018\/02\/07\/teatr-kamishibai\/\">Teatr Kamishibai<\/a><\/p>\n<p><a href=\"http:\/\/przedszkolejenin.pl\/index.php\/2018\/02\/07\/bal-milosci\/\">Bal Mi\u0142o\u015bci<\/a><\/p>\n<p><a href=\"http:\/\/przedszkolejenin.pl\/index.php\/2018\/02\/08\/wyjazd-do-laboratorium-w-stanowicach\/\">Wyjazd do laboratorium w Stanowicach<\/a><\/p>\n<p><a href=\"http:\/\/przedszkolejenin.pl\/index.php\/2018\/03\/01\/muzyczne-opowiesci-jeziora-labedzie\/\">&#8222;Muzyczne opowie\u015bci &#8211; Jeziora \u0141ab\u0119dzie&#8221;<\/a><\/p>\n<p><a href=\"http:\/\/przedszkolejenin.pl\/index.php\/2018\/03\/18\/o-czym-szumi-las\/\">Wyjazd do kina Helios &#8211; &#8222;O czym szumi las&#8221;<\/a><\/p>\n<p><a href=\"http:\/\/przedszkolejenin.pl\/index.php\/2018\/03\/25\/o-helikonie-i-sakshornie\/\">&#8222;Tra ta ta ta, co tak g\u0142o\u015bno gra? \u2013 czyli o helikonie i sakshornie&#8221;<\/a><\/p>\n<p><a href=\"http:\/\/przedszkolejenin.pl\/index.php\/2018\/03\/27\/warsztaty-wielkanocne\/\">Warsztaty wielkanocne<\/a><\/p>\n<p><a href=\"http:\/\/przedszkolejenin.pl\/index.php\/2018\/03\/28\/pchla-kretaczka\/\">Bajka &#8222;Pch\u0142a Kr\u0119taczka&#8221;<\/a><\/p>\n<p><a href=\"http:\/\/przedszkolejenin.pl\/index.php\/2018\/04\/16\/strach-na-wroble-i-tchorzliwy-lew\/\">&#8222;Strach na wr\u00f3ble i tch\u00f3rzliwy lew &#8211; muzyczna historia ma\u0142ej Dorotki&#8221;<\/a><\/p>\n<p><a href=\"http:\/\/przedszkolejenin.pl\/index.php\/2018\/04\/16\/sadzenie-bratkow\/\">Sadzenie bratk\u00f3w<\/a><\/p>\n<p><a href=\"http:\/\/przedszkolejenin.pl\/index.php\/2018\/04\/16\/edukacja-teatralna-pinokio\/\">Edukacja teatralna &#8222;Pinokio&#8221;<\/a><\/p>\n<p><a href=\"http:\/\/przedszkolejenin.pl\/index.php\/2018\/04\/16\/kolorowy-tydzien\/\">Kolorowy tydzie\u0144<\/a><\/p>\n<p><a href=\"http:\/\/przedszkolejenin.pl\/index.php\/2018\/05\/15\/wawrow\/\">Wyjazd do Mini Zoo w Wawrowie<\/a><\/p>\n<p><a href=\"http:\/\/przedszkolejenin.pl\/index.php\/2018\/05\/16\/sp-jenin\/\">Wyst\u0119p grupy &#8222;Wiewi\u00f3rki&#8221; z okazji 3 maja w SP w Jeninie<\/a><\/p>\n<p><a href=\"http:\/\/przedszkolejenin.pl\/index.php\/2018\/05\/15\/raclaw\/\">Rac\u0142aw &#8222;Dla Bia\u0142o &#8211; Czerwonej&#8221; &#8211; wyst\u0119p grupy &#8222;Wiewi\u00f3rki&#8221;<\/a><\/p>\n<p><a href=\"http:\/\/przedszkolejenin.pl\/index.php\/2018\/05\/13\/parlament-przedszkolaka\/\">Parlament Przedszkolaka<\/a><\/p>\n<p><a href=\"http:\/\/przedszkolejenin.pl\/index.php\/2018\/05\/15\/krolewna-sniezka\/\">Bajka &#8222;Kr\u00f3lewna \u015anie\u017cka i siedmiu krasnoludk\u00f3w&#8221;<\/a><\/p>\n<p><a href=\"http:\/\/przedszkolejenin.pl\/index.php\/2018\/05\/29\/festyn-rodzinny\/\">Festyn Rodzinny<\/a><\/p>\n<p><a href=\"http:\/\/przedszkolejenin.pl\/index.php\/2018\/06\/01\/spartakiada-przedszkolakow\/\">IV Gminna Spartakiada Przedszkolak\u00f3w<\/a><\/p>\n<p><a href=\"http:\/\/przedszkolejenin.pl\/index.php\/2018\/06\/12\/spotkanie-ze-strazakami\/\">Spotkanie ze stra\u017cakami z OSP Bogdaniec<\/a><\/p>\n<p><a href=\"http:\/\/przedszkolejenin.pl\/index.php\/2018\/06\/12\/park-dinozaurow\/\">Wyjazd do Parku Dinozaur\u00f3w w Nowinach Wielkich<\/a><\/p>\n<p><a href=\"http:\/\/przedszkolejenin.pl\/index.php\/2018\/06\/18\/zabi-krol\/\">Edukacja teatralna &#8222;\u017babi kr\u00f3l&#8221;<\/a><\/p>\n<p><a href=\"http:\/\/przedszkolejenin.pl\/index.php\/2018\/06\/12\/nocka-w-przedszkolu\/\">Nocka w przedszkolu<\/a><\/p>\n","protected":false},"excerpt":{"rendered":"<p>Bal Jesieni Dzie\u0144 przedszkolaka Przedszkolne pole nadziei Bajka &#8222;Nie ma jak w domu&#8221; Edukacja muzyczna &#8222;Dzwony, dzwonki, dzwoneczki&#8221; Fikoland Bal Jesieni \u015awi\u0119to Niepodleg\u0142o\u015bci Spotkanie z policjantami Wizyta Kucharza Edukacja muzyczna &#8222;Muzyczne opowie\u015bci&#8221; Bajka &#8222;Zima u Kubusia Puchatka&#8221; Czytanie bajek przez zaproszonych go\u015bci Miko\u0142ajki Warsztaty \u015bwi\u0105teczne Bajka &#8222;Kot w butach&#8221; Warsztaty w bibliotece w SP w &hellip; <a href=\"https:\/\/przedszkolejenin.pl\/index.php\/galeria\/2018-2\/\" class=\"more-link\">Czytaj dalej <span class=\"screen-reader-text\">2017\/2018<\/span> <span class=\"meta-nav\">&rarr;<\/span><\/a><\/p>\n","protected":false},"author":1,"featured_media":0,"parent":41,"menu_order":9,"comment_status":"closed","ping_status":"closed","template":"","meta":[],"_links":{"self":[{"href":"https:\/\/przedszkolejenin.pl\/index.php\/wp-json\/wp\/v2\/pages\/1541"}],"collection":[{"href":"https:\/\/przedszkolejenin.pl\/index.php\/wp-json\/wp\/v2\/pages"}],"about":[{"href":"https:\/\/przedszkolejenin.pl\/index.php\/wp-json\/wp\/v2\/types\/page"}],"author":[{"embeddable":true,"href":"https:\/\/przedszkolejenin.pl\/index.php\/wp-json\/wp\/v2\/users\/1"}],"replies":[{"embeddable":true,"href":"https:\/\/przedszkolejenin.pl\/index.php\/wp-json\/wp\/v2\/comments?post=1541"}],"version-history":[{"count":5,"href":"https:\/\/przedszkolejenin.pl\/index.php\/wp-json\/wp\/v2\/pages\/1541\/revisions"}],"predecessor-version":[{"id":1551,"href":"https:\/\/przedszkolejenin.pl\/index.php\/wp-json\/wp\/v2\/pages\/1541\/revisions\/1551"}],"up":[{"embeddable":true,"href":"https:\/\/przedszkolejenin.pl\/index.php\/wp-json\/wp\/v2\/pages\/41"}],"wp:attachment":[{"href":"https:\/\/przedszkolejenin.pl\/index.php\/wp-json\/wp\/v2\/media?parent=1541"}],"curies":[{"name":"wp","href":"https:\/\/api.w.org\/{rel}","templated":true}]}}