{"id":15098,"date":"2025-09-15T19:45:11","date_gmt":"2025-09-15T17:45:11","guid":{"rendered":"https:\/\/przedszkolejenin.pl\/?page_id=15098"},"modified":"2026-04-12T18:38:14","modified_gmt":"2026-04-12T16:38:14","slug":"205-2026","status":"publish","type":"page","link":"https:\/\/przedszkolejenin.pl\/index.php\/galeria\/205-2026\/","title":{"rendered":"2025\/2026"},"content":{"rendered":"\n<p><a href=\"https:\/\/przedszkolejenin.pl\/index.php\/2026\/04\/12\/czytanie-na-drugie-sniadanie-przez-pracownika-gbp-w-bogdancu-4\/\" data-type=\"post\" data-id=\"16761\">Czytanie na drugie \u015bniadanie przez pracownika GBP w Bogda\u0144cu<\/a><\/p>\n\n\n\n<p><a href=\"https:\/\/przedszkolejenin.pl\/index.php\/2026\/04\/03\/wielkanoc-spotkanie-z-zajacem\/\" data-type=\"post\" data-id=\"16702\">Wielkanoc \u2013 spotkanie z zaj\u0105cem<\/a><\/p>\n\n\n\n<p><a href=\"https:\/\/przedszkolejenin.pl\/index.php\/2026\/03\/29\/wizyta-teatru-w-naszym-przedszkolu\/\" data-type=\"post\" data-id=\"16685\">Wizyta teatru w naszym przedszkolu<\/a><\/p>\n\n\n\n<p><a href=\"https:\/\/przedszkolejenin.pl\/index.php\/2026\/03\/21\/dzien-wiosny\/\" data-type=\"post\" data-id=\"16612\">Dzie\u0144 wiosny<\/a><\/p>\n\n\n\n<p><a href=\"https:\/\/przedszkolejenin.pl\/index.php\/2026\/03\/21\/spotkanie-ze-sportowcami-instruktorami-nordic-walking\/\" data-type=\"post\" data-id=\"16659\">Spotkanie ze sportowcami \u2013 instruktorami Nordic \u2013 Walking<\/a><\/p>\n\n\n\n<p><a href=\"https:\/\/przedszkolejenin.pl\/index.php\/2026\/03\/21\/sadzenie-bratkow-grupa-jezyki-2\/\" data-type=\"post\" data-id=\"16590\">Sadzenie bratk\u00f3w grupa Je\u017cyki<\/a><\/p>\n\n\n\n<p><a href=\"https:\/\/przedszkolejenin.pl\/index.php\/2026\/03\/19\/sadzenie-bratkow-grupa-wiewiorki-2\/\" data-type=\"post\" data-id=\"16577\">Sadzenie bratk\u00f3w grupa Wiewi\u00f3rki<\/a><\/p>\n\n\n\n<p><a href=\"https:\/\/przedszkolejenin.pl\/index.php\/2026\/03\/18\/czytanie-na-drugie-sniadanie-przez-pracownika-gbpwb\/\" data-type=\"post\" data-id=\"16542\">Czytanie na drugie \u015bniadanie przez pracownika GBP w Bogda\u0144cu<\/a><\/p>\n\n\n\n<p><a href=\"https:\/\/przedszkolejenin.pl\/index.php\/2026\/03\/09\/dzien-kobiet-3\/\" data-type=\"post\" data-id=\"16518\">Dzie\u0144 Kobiet<\/a><\/p>\n\n\n\n<p><a href=\"https:\/\/przedszkolejenin.pl\/index.php\/2026\/03\/19\/dzien-dinozaura\/\" data-type=\"post\" data-id=\"16558\">Dzie\u0144 Dinozaura<\/a><\/p>\n\n\n\n<p><a href=\"https:\/\/przedszkolejenin.pl\/index.php\/2026\/02\/26\/dzien-kota-2\/\" data-type=\"post\" data-id=\"16476\">Dzie\u0144 kota<\/a><\/p>\n\n\n\n<p><a href=\"https:\/\/przedszkolejenin.pl\/index.php\/2026\/02\/14\/spotkanie-z-farmaceutka-rodzicem-dziecka-z-grupy-jezyki\/\" data-type=\"post\" data-id=\"16361\">Spotkanie z farmaceutk\u0105 \u2013 rodzicem dziecka z grupy Je\u017cyki<\/a><\/p>\n\n\n\n<p><a href=\"https:\/\/przedszkolejenin.pl\/index.php\/2026\/02\/14\/walentynki-grupa-jezyki\/\" data-type=\"post\" data-id=\"16399\">Walentynki grupa Je\u017cyki<\/a><\/p>\n\n\n\n<p><a href=\"https:\/\/przedszkolejenin.pl\/index.php\/2026\/02\/14\/walentynki-grupa-wiewiorki\/\" data-type=\"post\" data-id=\"16335\">Walentynki grupa Wiewi\u00f3rki<\/a><\/p>\n\n\n\n<p><a href=\"https:\/\/przedszkolejenin.pl\/index.php\/2026\/02\/14\/tlusty-czwartek-grupa-jezyki\/\" data-type=\"post\" data-id=\"16439\">T\u0142usty czwartek grupa Je\u017cyki<\/a><\/p>\n\n\n\n<p><a href=\"https:\/\/przedszkolejenin.pl\/index.php\/2026\/02\/14\/tlusty-czwartek-grupa-wiewiorki\/\" data-type=\"post\" data-id=\"16452\">T\u0142usty czwartek grupa Wiewi\u00f3rki<\/a><\/p>\n\n\n\n<p><a href=\"https:\/\/przedszkolejenin.pl\/index.php\/2026\/02\/11\/wyjazd-do-sali-zabaw-arkadia-4\/\" data-type=\"post\" data-id=\"16316\">Wyjazd do sali zabaw Arkadia<\/a><\/p>\n\n\n\n<p><a href=\"https:\/\/przedszkolejenin.pl\/index.php\/2026\/01\/27\/34-final-wosp\/\" data-type=\"post\" data-id=\"16273\">34 Fina\u0142 WO\u015aP<\/a><\/p>\n\n\n\n<p><a href=\"https:\/\/przedszkolejenin.pl\/index.php\/2026\/01\/24\/dzien-babci-i-dziadka-polaczony-z-balem-karnawalowym-2\/\" data-type=\"post\" data-id=\"16194\">Dzie\u0144 Babci i Dziadka po\u0142\u0105czony z Balem Karnawa\u0142owym<\/a><\/p>\n\n\n\n<p><a href=\"https:\/\/przedszkolejenin.pl\/index.php\/2026\/01\/24\/czytanie-na-drugie-sniadanie-przez-pracownika-gbp-w-bogdancu-3\/\" data-type=\"post\" data-id=\"16217\">Czytanie na drugie \u015bniadanie przez pracownika GBP w Bogda\u0144cu<\/a><\/p>\n\n\n\n<p><a href=\"https:\/\/przedszkolejenin.pl\/index.php\/2026\/01\/13\/wyjazd-do-teatru-im-j-osterwy-w-gorzowie-wlkp-na-spektakl-karmelek\/\" data-type=\"post\" data-id=\"16174\">Wyjazd do teatru im. J. Osterwy w Gorzowie Wlkp. na spektakl \u201eKarmelek\u201d<\/a><\/p>\n\n\n\n<p><a href=\"https:\/\/przedszkolejenin.pl\/index.php\/2025\/12\/15\/spotkanie-ze-sportowcem-kulturysta\/\" data-type=\"post\" data-id=\"16144\">Spotkanie ze sportowcem \u2013 kulturyst\u0105<\/a><\/p>\n\n\n\n<p><a href=\"https:\/\/przedszkolejenin.pl\/index.php\/2025\/12\/14\/mikolajki-3\/\" data-type=\"post\" data-id=\"16113\">Miko\u0142ajki<\/a><\/p>\n\n\n\n<p><a href=\"https:\/\/przedszkolejenin.pl\/index.php\/2025\/12\/14\/wyjazd-do-malinowej-wioski-elfow\/\" data-type=\"post\" data-id=\"15963\">Wyjazd do Malinowej Wioski Elf\u00f3w<\/a><\/p>\n\n\n\n<p><a href=\"https:\/\/przedszkolejenin.pl\/index.php\/2025\/12\/06\/ubieramy-choinke-grupa-jezyki\/\" data-type=\"post\" data-id=\"15901\">Ubieramy choink\u0119 grupa Je\u017cyki<\/a><\/p>\n\n\n\n<p><a href=\"https:\/\/przedszkolejenin.pl\/index.php\/2025\/12\/06\/ubieramy-choinke-grupa-wiewiorki\/\" data-type=\"post\" data-id=\"15919\">Ubieramy choink\u0119 grupa Wiewi\u00f3rki<\/a><\/p>\n\n\n\n<p><a href=\"https:\/\/przedszkolejenin.pl\/index.php\/2025\/12\/06\/czytanie-na-drugie-sniadanie-przez-pracownika-gbp-w-bogdancu-2\/\" data-type=\"post\" data-id=\"15940\">Czytanie na drugie \u015bniadanie przez pracownika GBP w Bogda\u0144cu<\/a><\/p>\n\n\n\n<p><a href=\"https:\/\/przedszkolejenin.pl\/index.php\/2025\/12\/01\/zajecia-sportowe-na-sali-gimnastycznej-w-szkole-podstawowej-w-jeninie\/\" data-type=\"post\" data-id=\"15884\">Zaj\u0119cia sportowe na sali gimnastycznej w Szkole Podstawowej w Jeninie<\/a><\/p>\n\n\n\n<p><a href=\"https:\/\/przedszkolejenin.pl\/index.php\/2025\/11\/30\/andrzejki-w-grupie-jezyki\/\" data-type=\"post\" data-id=\"15838\">Andrzejki w grupie Je\u017cyki<\/a><\/p>\n\n\n\n<p><a href=\"https:\/\/przedszkolejenin.pl\/index.php\/2025\/11\/30\/andrzejki-w-grupie-wiewiorek\/\" data-type=\"post\" data-id=\"15861\">Andrzejki w grupie Wiewi\u00f3rek<\/a><\/p>\n\n\n\n<p><a href=\"https:\/\/przedszkolejenin.pl\/index.php\/2025\/11\/30\/spotkanie-ze-sportowcami-pilka-wodna\/\" data-type=\"post\" data-id=\"15822\">Spotkanie ze sportowcami \u2013 pi\u0142ka wodna<\/a><\/p>\n\n\n\n<p><a href=\"https:\/\/przedszkolejenin.pl\/index.php\/2025\/11\/25\/dzien-misia-grupa-jezyki\/\" data-type=\"post\" data-id=\"15744\">Dzie\u0144 Misia grupa Je\u017cyki<\/a><\/p>\n\n\n\n<p><a href=\"https:\/\/przedszkolejenin.pl\/index.php\/2025\/11\/25\/dzien-misia-grupa-wiewiorki\/\" data-type=\"post\" data-id=\"15784\">Dzie\u0144 Misia grupa Wiewi\u00f3rki<\/a><\/p>\n\n\n\n<p><a href=\"https:\/\/przedszkolejenin.pl\/index.php\/2025\/11\/24\/pierwszy-snieg-2\/\" data-type=\"post\" data-id=\"15732\">Pierwszy \u015bnieg \ud83d\ude42<\/a><\/p>\n\n\n\n<p><a href=\"https:\/\/przedszkolejenin.pl\/index.php\/2025\/11\/23\/iii-gminny-przeglad-tworczosci-dzieciecej\/\" data-type=\"post\" data-id=\"15708\">III Gminny Przegl\u0105d Tw\u00f3rczo\u015bci Dzieci\u0119cej<\/a><\/p>\n\n\n\n<p><a href=\"https:\/\/przedszkolejenin.pl\/index.php\/2025\/11\/16\/wyjazd-do-gminnej-biblioteki-publicznej-w-bogdancu-na-podsumowanie-projektu-grantowego-drogowskaz-oraz-rozstrzygniecie-konkursu-plastycznego-bezpieczna-droga-do-przedszkola\/\" data-type=\"post\" data-id=\"15675\">Wyjazd do Gminnej Biblioteki Publicznej w Bogda\u0144cu na Podsumowanie Projektu Grantowego Drogowskaz oraz rozstrzygni\u0119cie konkursu plastycznego \u201eBezpieczna droga do przedszkola\u201d<\/a><\/p>\n\n\n\n<p><a href=\"https:\/\/przedszkolejenin.pl\/index.php\/2025\/11\/09\/apel-z-okazji-rocznicy-odzyskania-niepodleglosci-11-listopada\/\" data-type=\"post\" data-id=\"15657\">Apel z okazji Rocznicy Odzyskania Niepodleg\u0142o\u015bci \u2013 11 listopada<\/a><\/p>\n\n\n\n<p><a href=\"https:\/\/przedszkolejenin.pl\/index.php\/2025\/11\/06\/jesienne-porzadki\/\" data-type=\"post\" data-id=\"15644\">Jesienne porz\u0105dki<\/a><\/p>\n\n\n\n<p><a href=\"https:\/\/przedszkolejenin.pl\/index.php\/2025\/11\/06\/czytanie-na-drugie-sniadanie-4\/\" data-type=\"post\" data-id=\"15634\">Czytanie na drugie \u015bniadanie<\/a><\/p>\n\n\n\n<p><a href=\"https:\/\/przedszkolejenin.pl\/index.php\/2025\/10\/30\/bal-jesieni-5\/\" data-type=\"post\" data-id=\"15594\">Bal Jesieni<\/a><\/p>\n\n\n\n<p><a href=\"https:\/\/przedszkolejenin.pl\/index.php\/2025\/10\/26\/wyjazd-do-sali-zabaw-arkadia-3\/\" data-type=\"post\" data-id=\"15534\">Wyjazd do sali zabaw Arkadia<\/a><\/p>\n\n\n\n<p><a href=\"https:\/\/przedszkolejenin.pl\/index.php\/2025\/10\/26\/codeweek\/\" data-type=\"post\" data-id=\"15522\">CodeWeek<\/a><\/p>\n\n\n\n<p><a href=\"https:\/\/przedszkolejenin.pl\/index.php\/2025\/10\/23\/wycieczka-do-lasu-grupa-jezyki\/\" data-type=\"post\" data-id=\"15500\">Wycieczka do lasu grupa Je\u017cyki<\/a><\/p>\n\n\n\n<p><a href=\"https:\/\/przedszkolejenin.pl\/index.php\/2025\/10\/23\/wycieczka-do-lasu-grupa-wiewiorki\/\" data-type=\"post\" data-id=\"15509\">Wycieczka do lasu grupa Wiewi\u00f3rki<\/a><\/p>\n\n\n\n<p><a href=\"https:\/\/przedszkolejenin.pl\/index.php\/2025\/10\/14\/dzien-edukacji-narodowej\/\" data-type=\"post\" data-id=\"15473\">Dzie\u0144 Edukacji Narodowej<\/a><\/p>\n\n\n\n<p><a href=\"https:\/\/przedszkolejenin.pl\/index.php\/2025\/10\/13\/wyjazd-grupy-jezyki-do-biblioteki-w-bogdancu\/\" data-type=\"post\" data-id=\"15456\">Wyjazd grupy Je\u017cyki do Biblioteki w Bogda\u0144cu<\/a><\/p>\n\n\n\n<p><a href=\"https:\/\/przedszkolejenin.pl\/index.php\/2025\/10\/13\/wyjazd-grupy-wiewiorki-do-piekarni-w-bogdancu\/\" data-type=\"post\" data-id=\"15446\">Wyjazd grupy Wiewi\u00f3rki do Piekarni w Bogda\u0144cu<\/a><\/p>\n\n\n\n<p><a href=\"https:\/\/przedszkolejenin.pl\/index.php\/2025\/10\/08\/czytanie-bajki-przez-pracownika-gminnej-biblioteki-publicznej-w-bogdancu\/\" data-type=\"post\" data-id=\"15410\">Czytanie bajki przez pracownika Gminnej Biblioteki Publicznej w Bogda\u0144cu<\/a><\/p>\n\n\n\n<p><a href=\"https:\/\/przedszkolejenin.pl\/index.php\/2025\/09\/30\/dzien-chlopaka-w-grupie-jezyki-i-wiewiorki\/\" data-type=\"post\" data-id=\"15371\">Dzie\u0144 ch\u0142opaka w grupie Je\u017cyki i Wiewi\u00f3rki<\/a><\/p>\n\n\n\n<p><a href=\"https:\/\/przedszkolejenin.pl\/index.php\/2025\/09\/29\/dzien-jablka-jezyki\/\" data-type=\"post\" data-id=\"15324\">Dzie\u0144 jab\u0142ka Je\u017cyki<\/a><\/p>\n\n\n\n<p><a href=\"https:\/\/przedszkolejenin.pl\/index.php\/2025\/09\/29\/dzien-jablka-wiewiorki\/\" data-type=\"post\" data-id=\"15309\">Dzie\u0144 jab\u0142ka Wiewi\u00f3rki<\/a><\/p>\n\n\n\n<p><a href=\"https:\/\/przedszkolejenin.pl\/index.php\/2025\/09\/22\/dzien-przedszkolaka-polaczony-z-realizacja-programu-drogowskaz\/\" data-type=\"post\" data-id=\"15292\">Dzie\u0144 Przedszkolaka po\u0142\u0105czony z realizacj\u0105 Programu DROGOWSKAZ<\/a><\/p>\n\n\n\n<p><a href=\"https:\/\/przedszkolejenin.pl\/index.php\/2025\/09\/21\/sadzenie-jesiennych-kwiatow-jezyki\/\" data-type=\"post\" data-id=\"15164\">Sadzenie jesiennych kwiat\u00f3w Je\u017cyki<\/a><\/p>\n\n\n\n<p><a href=\"https:\/\/przedszkolejenin.pl\/index.php\/2025\/09\/21\/sadzenie-jesiennych-kwiatow-wiewiorki\/\" data-type=\"post\" data-id=\"15199\">Sadzenie jesiennych kwiat\u00f3w Wiewi\u00f3rki<\/a><\/p>\n\n\n\n<p><a href=\"https:\/\/przedszkolejenin.pl\/index.php\/2025\/09\/15\/dzien-kropki-jezyki\/\" data-type=\"post\" data-id=\"15112\">Dzie\u0144 Kropki Je\u017cyki<\/a><\/p>\n\n\n\n<p><a href=\"https:\/\/przedszkolejenin.pl\/index.php\/2025\/09\/15\/dzien-kropki-wiewiorki\/\" data-type=\"post\" data-id=\"15133\">Dzie\u0144 Kropki Wiewi\u00f3rki<\/a><\/p>\n","protected":false},"excerpt":{"rendered":"<p>Czytanie na drugie \u015bniadanie przez pracownika GBP w Bogda\u0144cu Wielkanoc \u2013 spotkanie z zaj\u0105cem Wizyta teatru w naszym przedszkolu Dzie\u0144 wiosny Spotkanie ze sportowcami \u2013 instruktorami Nordic \u2013 Walking Sadzenie bratk\u00f3w grupa Je\u017cyki Sadzenie bratk\u00f3w grupa Wiewi\u00f3rki Czytanie na drugie \u015bniadanie przez pracownika GBP w Bogda\u0144cu Dzie\u0144 Kobiet Dzie\u0144 Dinozaura Dzie\u0144 kota Spotkanie z farmaceutk\u0105 &hellip; <a href=\"https:\/\/przedszkolejenin.pl\/index.php\/galeria\/205-2026\/\" class=\"more-link\">Czytaj dalej <span class=\"screen-reader-text\">2025\/2026<\/span> <span class=\"meta-nav\">&rarr;<\/span><\/a><\/p>\n","protected":false},"author":1,"featured_media":0,"parent":41,"menu_order":0,"comment_status":"closed","ping_status":"closed","template":"","meta":[],"_links":{"self":[{"href":"https:\/\/przedszkolejenin.pl\/index.php\/wp-json\/wp\/v2\/pages\/15098"}],"collection":[{"href":"https:\/\/przedszkolejenin.pl\/index.php\/wp-json\/wp\/v2\/pages"}],"about":[{"href":"https:\/\/przedszkolejenin.pl\/index.php\/wp-json\/wp\/v2\/types\/page"}],"author":[{"embeddable":true,"href":"https:\/\/przedszkolejenin.pl\/index.php\/wp-json\/wp\/v2\/users\/1"}],"replies":[{"embeddable":true,"href":"https:\/\/przedszkolejenin.pl\/index.php\/wp-json\/wp\/v2\/comments?post=15098"}],"version-history":[{"count":40,"href":"https:\/\/przedszkolejenin.pl\/index.php\/wp-json\/wp\/v2\/pages\/15098\/revisions"}],"predecessor-version":[{"id":16772,"href":"https:\/\/przedszkolejenin.pl\/index.php\/wp-json\/wp\/v2\/pages\/15098\/revisions\/16772"}],"up":[{"embeddable":true,"href":"https:\/\/przedszkolejenin.pl\/index.php\/wp-json\/wp\/v2\/pages\/41"}],"wp:attachment":[{"href":"https:\/\/przedszkolejenin.pl\/index.php\/wp-json\/wp\/v2\/media?parent=15098"}],"curies":[{"name":"wp","href":"https:\/\/api.w.org\/{rel}","templated":true}]}}