{"id":12455,"date":"2024-10-02T21:33:04","date_gmt":"2024-10-02T19:33:04","guid":{"rendered":"http:\/\/przedszkolejenin.pl\/?page_id=12455"},"modified":"2026-04-01T20:31:10","modified_gmt":"2026-04-01T18:31:10","slug":"nasze-plany-na","status":"publish","type":"page","link":"https:\/\/przedszkolejenin.pl\/index.php\/nasze-plany-na\/","title":{"rendered":"Nasze plany na&#8230;"},"content":{"rendered":"\n<h2 class=\"has-text-align-center\"><strong><em><u>NASZE PLANY NA KWIECIE\u0143 \u2013 GRUPA JE\u017bYKI<\/u><\/em><\/strong><\/h2>\n\n\n\n<ol>\n<li><strong>\u201eJakie wzory i kolory maj\u0105 pisanki?<\/strong>\u201d \u2013 rozumienie s\u0142\u00f3w pisanki kraszanki, koszyczek wielkanocny, \u015bmigus \u2013 dyngus, co wk\u0142adamy do koszyczka wielkanocnego?<\/li>\n\n\n\n<li><strong>\u201eWiosna na wsi\u201d<\/strong> &#8211; poznawanie wygl\u0105du i nazw zwierz\u0105t, kt\u00f3re spotkamy w gospodarstwie.<\/li>\n\n\n\n<li><strong>Realizacja programu \u201eZdrowo jemy, zdrowo ro\u015bniemy &#8211; kolorowy tydzie\u0144\u201d<\/strong> &#8211; utrwalenie charakterystycznych cech warzyw i owoc\u00f3w oraz ich w\u0142a\u015bciwo\u015bci od\u017cywczych,<br>zapoznanie z piramid\u0105 zdrowego od\u017cywiania \u2013 <strong>13 kwietnia &#8211; 17 kwietnia.<\/strong><\/li>\n\n\n\n<li><strong>Realizacja programu \u201eCzytanie na drugie \u015bniadanie\u201d<\/strong> &#8211; czytanie bajki przez pracownika Gminnej Biblioteki Publicznej w Bogda\u0144cu \u2013<strong> 14 kwietnia.<\/strong><\/li>\n\n\n\n<li>W<strong>izyta \u201eDentobusa\u201d Mobilnego Gabinetu Stomatologicznego<\/strong> \u2013 badania kontrolne dzieci \u2013 <strong>16 kwietnia<\/strong><\/li>\n\n\n\n<li><strong>Wyjazd do sali zabaw Arkadia w Gorzowie Wlkp<\/strong>. \u2013 zaspokajanie potrzeby zabawy &#8211; <strong>20 kwietnia<\/strong><\/li>\n\n\n\n<li><strong>\u201eJak dbam o nasz\u0105 planet\u0119?\u201d &#8211; obchody Dnia Ziemi <\/strong>&#8211; <strong>22 kwietnia,<\/strong> stworzenie \u201eKodeksu Ma\u0142ego Ekologa\u201d.<\/li>\n\n\n\n<li><strong>Spotkanie z pracownikiem MG6<\/strong> &#8211; realizacja programu <strong>\u201ePoznajemy zawody naszych najbli\u017cszych\u201d<\/strong> \u2013 prelekcja z na temat ochrony \u015brodowiska oraz segregacji odpad\u00f3w.<\/li>\n\n\n\n<li><strong>Spotkanie ze sportowcem <\/strong>&#8211; wdra\u017canie do aktywno\u015bci ruchowej, zach\u0119canie do uprawiania sportu.<\/li>\n\n\n\n<li><strong>\u201eW jakim kraju mieszkam?<\/strong> &#8211; budzenie u dzieci przywi\u0105zania do swojego regionu i kraju, wyja\u015bnienie czym jest patriotyzm.<\/li>\n<\/ol>\n\n\n\n<p><strong><u>W ramach realizacji zada\u0144 wynikaj\u0105cych z podstawy programowej dzieci nab\u0119d\u0105 wiadomo\u015bci i umiej\u0119tno\u015bci w zakresie:<\/u><\/strong><\/p>\n\n\n\n<p>&#8211;&nbsp; poznawanie tradycji \u015awi\u0105t Wielkanocnych, poznawanie ro\u015blin, kt\u00f3re s\u0105 symbolami \u015bwi\u0105t Wielkanocnych,<\/p>\n\n\n\n<p>&#8211; poznawania wygl\u0105du zwierz\u0105t doros\u0142ych i m\u0142odych, ich zwyczaj\u00f3w i korzy\u015bci, jakie przynosi hodowla zwierz\u0105t z wiejskiego podw\u00f3rka,<\/p>\n\n\n\n<p>&#8211; rozumienia konieczno\u015bci spo\u017cywania owoc\u00f3w i warzyw dla zachowania dobrego zdrowia, znajomo\u015bci piramidy zdrowego od\u017cywiania &#8211; nabywania \u015bwiadomo\u015bci,<br>&nbsp; zdrowego i racjonalnego od\u017cywiania si\u0119,<\/p>\n\n\n\n<p>&#8211; dostrzegania emocjonalnej warto\u015bci otoczenia przyrodniczego jako \u017ar\u00f3d\u0142a satysfakcji estetycznej, kszta\u0142towania wra\u017cliwo\u015bci na pi\u0119kno otaczaj\u0105cej je rzeczywisto\u015bci,<\/p>\n\n\n\n<p>&#8211; wymieniania g\u0142\u00f3wnych zagro\u017ce\u0144 dla \u015brodowiska przyrodniczego, wyrabiania postaw proekologicznych &#8211; znajomo\u015b\u0107 sposobu segregowania \u015bmieci oraz rozumienie<\/p>\n\n\n\n<p>&nbsp; znaczenia recyklingu dla \u015brodowiska przyrodniczego,<\/p>\n\n\n\n<p>&#8211; odczuwania i wyja\u015bniania swojej przynale\u017cno\u015bci do narodu, nazywania swojego kraju, jego stolicy, symboli narodowych, wzbogacania wiedzy o niekt\u00f3rych miastach<br>&nbsp; i regionach naszego kraju.<\/p>\n\n\n\n<h2 class=\"has-text-align-center\"><strong><em><strong><em><u>NASZE PLANY NA KWIECIE\u0143 &#8211; GRUPA WIEWI\u00d3RKI<\/u><\/em><\/strong><\/em><\/strong><\/h2>\n\n\n\n<ol>\n<li><strong>\u201ePoznawanie tradycji \u015awi\u0105t Wielkanocnych\u201d <\/strong>&#8211; pisanki, kraszanki, koszyczek wielkanocny, \u015bmigus &#8211; dyngus.<\/li>\n\n\n\n<li><strong>\u201eWiosna na wsi\u201d<\/strong>&#8211; poznawanie wygl\u0105du i nazw zwierz\u0105t, kt\u00f3re spotkamy w gospodarstwie.<\/li>\n\n\n\n<li>R<strong>ealizacja programu \u201eZdrowo jemy, zdrowo ro\u015bniemy &#8211; kolorowy tydzie\u0144\u201d <\/strong>&#8211; utrwalenie charakterystycznych cech warzyw i owoc\u00f3w oraz ich w\u0142a\u015bciwo\u015bci od\u017cywczych,<br>zapoznanie z piramid\u0105 zdrowego od\u017cywiania \u2013<strong> 13 kwietnia &#8211; 17 kwietnia.<\/strong><\/li>\n\n\n\n<li><strong>Realizacja programu \u201eCzytanie na drugie \u015bniadanie\u201d<\/strong> &#8211; czytanie bajki przez pracownika Gminnej Biblioteki Publicznej w Bogda\u0144cu \u2013 14 kwietnia.<\/li>\n\n\n\n<li><strong>Spotkanie z pracownikiem MG6<\/strong> &#8211; realizacja programu <strong>\u201ePoznajemy zawody naszych najbli\u017cszych<\/strong>\u201d.<\/li>\n\n\n\n<li><strong>Wizyta \u201eDentobusa\u201d Mobilnego Gabinetu Stomatologicznego<\/strong> \u2013 badania kontrolne dzieci \u2013 16 kwietnia<\/li>\n\n\n\n<li><strong>Wyjazd do Szczecina na Wystaw\u0119 Budowli z Klock\u00f3w Lego &#8211; 20 kwietnia <\/strong>\u2013po\u0142\u0105czenie edukacji z zabaw\u0105.<\/li>\n\n\n\n<li><strong>\u201eMali stra\u017cnicy przyrody\u201d &#8211; obchody Dnia Ziemi &#8211; 22 kwietnia<\/strong>, stworzenie \u201eKodeksu Ma\u0142ego Ekologa\u201d.<\/li>\n\n\n\n<li><strong>Spotkanie ze sportowcem<\/strong> &#8211; wdra\u017canie do aktywno\u015bci ruchowej, zach\u0119canie do uprawiania sportu.<\/li>\n\n\n\n<li><strong>\u201eJeste\u015bmy Polakami, mieszkamy w Polsce, m\u00f3wimy po polsku\u201d<\/strong> &#8211; budzenie u dzieci przywi\u0105zania do swojego regionu i kraju, wyja\u015bnienie czym jest patriotyzm.<\/li>\n<\/ol>\n\n\n\n<p><strong><u>W ramach realizacji zada\u0144 wynikaj\u0105cych z podstawy programowej dzieci nab\u0119d\u0105 wiadomo\u015bci i umiej\u0119tno\u015bci w zakresie:<\/u><\/strong><\/p>\n\n\n\n<p>&#8211; rozumienia konieczno\u015bci spo\u017cywania owoc\u00f3w i warzyw dla zachowania dobrego zdrowia, znajomo\u015bci piramidy zdrowego od\u017cywiania &#8211; nabywania \u015bwiadomo\u015bci,<br>zdrowego i racjonalnego od\u017cywiania si\u0119,<\/p>\n\n\n\n<p>&#8211; poznawania wygl\u0105du zwierz\u0105t doros\u0142ych i m\u0142odych, ich zwyczaj\u00f3w i korzy\u015bci, jakie przynosi hodowla zwierz\u0105t z wiejskiego podw\u00f3rka,<\/p>\n\n\n\n<p>&#8211; poznawania tradycji \u015awi\u0105t Wielkanocnych w r\u00f3\u017cnych krajach Europy,<\/p>\n\n\n\n<p>&#8211; wspierania wyobra\u017ani i kreatywno\u015bci, nabywania w\u0142a\u015bciwych nawyk\u00f3w zachowania si\u0119 w miejscach publicznych,<\/p>\n\n\n\n<p>&#8211; dostrzegania emocjonalnej warto\u015bci otoczenia przyrodniczego jako \u017ar\u00f3d\u0142a satysfakcji estetycznej, kszta\u0142towania wra\u017cliwo\u015bci na pi\u0119kno otaczaj\u0105cej je rzeczywisto\u015bci,<\/p>\n\n\n\n<p>&#8211; wymieniania g\u0142\u00f3wnych zagro\u017ce\u0144 dla \u015brodowiska przyrodniczego, wyrabiania postaw proekologicznych &#8211; znajomo\u015b\u0107 sposobu segregowania \u015bmieci oraz rozumienie znaczenia recyklingu dla \u015brodowiska przyrodniczego,<\/p>\n\n\n\n<p>&#8211; rozpoznawania i nazywania poznanych liter, okre\u015blania samog\u0142osek i sp\u00f3\u0142g\u0142osek, g\u0142oskowania i odczytywania prostych wyraz\u00f3w, poznawania liter r, R, \u0142, \u0141, f, F,<\/p>\n\n\n\n<p>&#8211; przeliczania w dost\u0119pnym zakresie, znajomo\u015bci cyfr, wykonywania dzia\u0142a\u0144 matematycznych &#8211; dodawania i odejmowania, por\u00f3wnywania liczb, stosowania znak\u00f3w &lt;, &gt;, =,<\/p>\n\n\n\n<p>&#8211; odczuwania i wyja\u015bniania swojej przynale\u017cno\u015bci do narodu, nazywania swojego kraju, jego stolicy, symboli narodowych, wzbogacania wiedzy o niekt\u00f3rych miastach<br>i regionach naszego kraju.<\/p>\n","protected":false},"excerpt":{"rendered":"<p>NASZE PLANY NA KWIECIE\u0143 \u2013 GRUPA JE\u017bYKI W ramach realizacji zada\u0144 wynikaj\u0105cych z podstawy programowej dzieci nab\u0119d\u0105 wiadomo\u015bci i umiej\u0119tno\u015bci w zakresie: &#8211;&nbsp; poznawanie tradycji \u015awi\u0105t Wielkanocnych, poznawanie ro\u015blin, kt\u00f3re s\u0105 symbolami \u015bwi\u0105t Wielkanocnych, &#8211; poznawania wygl\u0105du zwierz\u0105t doros\u0142ych i m\u0142odych, ich zwyczaj\u00f3w i korzy\u015bci, jakie przynosi hodowla zwierz\u0105t z wiejskiego podw\u00f3rka, &#8211; rozumienia konieczno\u015bci &hellip; <a href=\"https:\/\/przedszkolejenin.pl\/index.php\/nasze-plany-na\/\" class=\"more-link\">Czytaj dalej <span class=\"screen-reader-text\">Nasze plany na&#8230;<\/span> <span class=\"meta-nav\">&rarr;<\/span><\/a><\/p>\n","protected":false},"author":1,"featured_media":0,"parent":0,"menu_order":2,"comment_status":"closed","ping_status":"closed","template":"","meta":[],"_links":{"self":[{"href":"https:\/\/przedszkolejenin.pl\/index.php\/wp-json\/wp\/v2\/pages\/12455"}],"collection":[{"href":"https:\/\/przedszkolejenin.pl\/index.php\/wp-json\/wp\/v2\/pages"}],"about":[{"href":"https:\/\/przedszkolejenin.pl\/index.php\/wp-json\/wp\/v2\/types\/page"}],"author":[{"embeddable":true,"href":"https:\/\/przedszkolejenin.pl\/index.php\/wp-json\/wp\/v2\/users\/1"}],"replies":[{"embeddable":true,"href":"https:\/\/przedszkolejenin.pl\/index.php\/wp-json\/wp\/v2\/comments?post=12455"}],"version-history":[{"count":38,"href":"https:\/\/przedszkolejenin.pl\/index.php\/wp-json\/wp\/v2\/pages\/12455\/revisions"}],"predecessor-version":[{"id":16701,"href":"https:\/\/przedszkolejenin.pl\/index.php\/wp-json\/wp\/v2\/pages\/12455\/revisions\/16701"}],"wp:attachment":[{"href":"https:\/\/przedszkolejenin.pl\/index.php\/wp-json\/wp\/v2\/media?parent=12455"}],"curies":[{"name":"wp","href":"https:\/\/api.w.org\/{rel}","templated":true}]}}