{"id":10110,"date":"2023-09-24T21:51:26","date_gmt":"2023-09-24T19:51:26","guid":{"rendered":"https:\/\/przedszkolejenin.pl\/?page_id=10110"},"modified":"2025-09-15T19:49:34","modified_gmt":"2025-09-15T17:49:34","slug":"2023-2024","status":"publish","type":"page","link":"https:\/\/przedszkolejenin.pl\/index.php\/galeria\/2023-2024\/","title":{"rendered":"2023\/2024"},"content":{"rendered":"\n<ul>\n<li><a href=\"http:\/\/przedszkolejenin.pl\/index.php\/2024\/09\/04\/nasze-przedszkole-przed-i-po-remoncie\/\" data-type=\"post\" data-id=\"12014\">Nasze przedszkole przed i po remoncie<\/a><\/li>\n\n\n\n<li><a href=\"http:\/\/przedszkolejenin.pl\/index.php\/2024\/06\/17\/dzien-rodziny\/\" data-type=\"post\" data-id=\"11984\">Dzie\u0144 Rodziny<\/a><\/li>\n\n\n\n<li><a href=\"http:\/\/przedszkolejenin.pl\/index.php\/2024\/06\/17\/nocka-w-przedszkolu-2\/\" data-type=\"post\" data-id=\"11935\">Nocka w przedszkolu<\/a><\/li>\n\n\n\n<li><a href=\"http:\/\/przedszkolejenin.pl\/index.php\/2024\/06\/02\/dzien-dziecka-na-sali-zabaw-arkadia\/\" data-type=\"post\" data-id=\"11851\">Dzie\u0144 dziecka na Sali Zabaw Arkadia<\/a><\/li>\n\n\n\n<li><a href=\"http:\/\/przedszkolejenin.pl\/index.php\/2024\/06\/02\/gry-i-zabawy-na-sali-wiejskiej-w-lupowie\/\" data-type=\"post\" data-id=\"11875\">Gry i zabawy na Sali wiejskiej w \u0141upowie<\/a><\/li>\n\n\n\n<li><a href=\"http:\/\/przedszkolejenin.pl\/index.php\/2024\/06\/02\/wiejskie-podworko\/\" data-type=\"post\" data-id=\"11896\">Wiejskie podw\u00f3rko<\/a><\/li>\n\n\n\n<li><a href=\"http:\/\/przedszkolejenin.pl\/index.php\/2024\/04\/29\/dzien-ziemi\/\" data-type=\"post\" data-id=\"11799\">Dzie\u0144 Ziemi<\/a><\/li>\n\n\n\n<li><a href=\"http:\/\/przedszkolejenin.pl\/index.php\/2024\/04\/15\/kolorowy-tydzien-zolty\/\" data-type=\"post\" data-id=\"11712\">Kolorowy tydzie\u0144 \u2013 \u017c\u00f3\u0142ty<\/a><\/li>\n\n\n\n<li><a href=\"http:\/\/przedszkolejenin.pl\/index.php\/2024\/04\/15\/kolorowy-tydzien-pomaranczowy\/\" data-type=\"post\" data-id=\"11661\">Kolorowy tydzie\u0144 \u2013 pomara\u0144czowy<\/a><\/li>\n\n\n\n<li><a href=\"http:\/\/przedszkolejenin.pl\/index.php\/2024\/04\/15\/kolorowy-tydzien-fioletowy\/\" data-type=\"post\" data-id=\"11625\">Kolorowy tydzie\u0144 \u2013 fioletowy<\/a><\/li>\n\n\n\n<li><a href=\"http:\/\/przedszkolejenin.pl\/index.php\/2024\/04\/10\/kolorowy-tydzien-czerwony\/\" data-type=\"post\" data-id=\"11607\">Kolorowy tydzie\u0144 \u2013 czerwony<\/a><\/li>\n\n\n\n<li><a href=\"http:\/\/przedszkolejenin.pl\/index.php\/2024\/04\/09\/kolorowy-tydzien-zielony\/\" data-type=\"post\" data-id=\"11587\">Kolorowy tydzie\u0144 \u2013 zielony<\/a><\/li>\n\n\n\n<li><a href=\"http:\/\/przedszkolejenin.pl\/index.php\/2024\/04\/09\/dzien-z-bratkiem\/\" data-type=\"post\" data-id=\"11557\">Dzie\u0144 z bratkiem<\/a><\/li>\n\n\n\n<li><a href=\"http:\/\/przedszkolejenin.pl\/index.php\/2024\/04\/04\/wyjazd-do-owczogrodu\/\" data-type=\"post\" data-id=\"11515\">Wyjazd do Owczogrodu<\/a><\/li>\n\n\n\n<li><a href=\"http:\/\/przedszkolejenin.pl\/index.php\/2024\/04\/02\/pieczenie-babeczek-i-ciasteczek\/\" data-type=\"post\" data-id=\"11456\">Pieczenie babeczek i ciasteczek<\/a><\/li>\n\n\n\n<li><a href=\"http:\/\/przedszkolejenin.pl\/index.php\/2024\/04\/02\/poznajemy-zawody-naszych-najblizszych-farmaceuta\/\" data-type=\"post\" data-id=\"11443\">Poznajemy zawody naszych najbli\u017cszych Farmaceuta<\/a><\/li>\n\n\n\n<li><a href=\"https:\/\/przedszkolejenin.pl\/index.php\/2024\/03\/25\/dzien-wiosny-2024\/\" data-type=\"post\" data-id=\"11419\">Dzie\u0144 Wiosny 2024<\/a><\/li>\n\n\n\n<li><a href=\"https:\/\/przedszkolejenin.pl\/index.php\/2024\/03\/25\/przedszkolne-pole-nadziei-2024\/\" data-type=\"post\" data-id=\"11395\">Przedszkolne Pole Nadziei 2024<\/a><\/li>\n\n\n\n<li><a href=\"https:\/\/przedszkolejenin.pl\/index.php\/2024\/03\/25\/wspolne-tworzenie-palmy-wielkanocnej-na-konkurs\/\" data-type=\"post\" data-id=\"11385\">Wsp\u00f3lne tworzenie Palmy Wielkanocnej na konkurs<\/a><\/li>\n\n\n\n<li><a href=\"https:\/\/przedszkolejenin.pl\/index.php\/2024\/03\/17\/przygotowania-do-kiermaszu-wielkanocnego\/\" data-type=\"post\" data-id=\"11354\">Przygotowania do Kiermaszu Wielkanocnego<\/a><\/li>\n\n\n\n<li><a href=\"https:\/\/przedszkolejenin.pl\/index.php\/2024\/03\/13\/wyjazd-do-kina-i-sali-zabaw\/\" data-type=\"post\" data-id=\"11324\">Wyjazd do Kina i Sali Zabaw<\/a><\/li>\n\n\n\n<li><a href=\"https:\/\/przedszkolejenin.pl\/index.php\/2024\/03\/11\/dzien-kobiet-2024\/\" data-type=\"post\" data-id=\"11291\">Dzie\u0144 Kobiet 2024<\/a><\/li>\n\n\n\n<li><a href=\"http:\/\/przedszkolejenin.pl\/index.php\/2024\/02\/12\/wycieczka-do-referatu-oswiaty-i-gminnej-biblioteki-publicznej-w-bogdancu\/\" data-type=\"post\" data-id=\"11249\">Wycieczka do Referatu O\u015bwiaty i Gminnej Biblioteki Publicznej w Bogda\u0144cu<\/a><\/li>\n\n\n\n<li><a href=\"http:\/\/przedszkolejenin.pl\/index.php\/2024\/01\/31\/wosp-bogdaniec\/\" data-type=\"post\" data-id=\"11194\">WO\u015aP Bogdaniec<\/a><\/li>\n\n\n\n<li><a href=\"https:\/\/przedszkolejenin.pl\/index.php\/2024\/01\/25\/wizyta-w-teatrze-na-spektaklu-tajemniczy-turban\/\" data-type=\"post\" data-id=\"11181\">Wizyta w Teatrze na spektaklu \u201eTajemniczy turban\u201d<\/a><\/li>\n\n\n\n<li><a href=\"https:\/\/przedszkolejenin.pl\/index.php\/2024\/01\/25\/bal-karnawalowy-z-babciami-i-dziadkami\/\" data-type=\"post\" data-id=\"11162\">Bal karnawa\u0142owy z babciami i dziadkami<\/a><\/li>\n\n\n\n<li><a href=\"https:\/\/przedszkolejenin.pl\/index.php\/2024\/01\/25\/poznajemy-zawody-naszych-najblizszych-kucharz\/\" data-type=\"post\" data-id=\"11136\">Poznajemy zawody naszych najbli\u017cszych \u2013 kucharz<\/a><\/li>\n\n\n\n<li><a href=\"https:\/\/przedszkolejenin.pl\/index.php\/2024\/01\/25\/xiv-konkurs-koled-i-pastoralek-nad-swiatem-cicha-noc\/\" data-type=\"post\" data-id=\"11115\">XIV Konkurs kol\u0119d i pastora\u0142ek \u201eNad \u015bwiatem cicha noc\u201d<\/a><\/li>\n\n\n\n<li><a href=\"http:\/\/przedszkolejenin.pl\/index.php\/2024\/01\/15\/czytanie-na-drugie-sniadanie-krasnal-w-krzywej-czapce\/\" data-type=\"post\" data-id=\"10977\">Czytanie na drugie \u015bniadanie \u201eKrasnal w krzywej czapce\u201d<\/a><\/li>\n\n\n\n<li><a href=\"https:\/\/przedszkolejenin.pl\/index.php\/2024\/01\/07\/niespodzianka-noworoczna\/\" data-type=\"post\" data-id=\"10948\">Niespodzianka noworoczna<\/a><\/li>\n\n\n\n<li><a href=\"https:\/\/przedszkolejenin.pl\/index.php\/2024\/01\/07\/pieczenie-i-dekorowanie-piernikow\/\" data-type=\"post\" data-id=\"10934\">Pieczenie i dekorowanie piernik\u00f3w<\/a><\/li>\n\n\n\n<li><a href=\"http:\/\/przedszkolejenin.pl\/index.php\/2023\/12\/08\/wyjazd-do-filharmonii-i-mini-zoo-w-wawrowie\/\" data-type=\"post\" data-id=\"10877\">Wyjazd do Filharmonii i Mini ZOO w Wawrowie<\/a><\/li>\n\n\n\n<li><a href=\"http:\/\/przedszkolejenin.pl\/index.php\/2023\/12\/08\/mikolajki-2023\/\" data-type=\"post\" data-id=\"10829\">Miko\u0142ajki 2023<\/a><\/li>\n\n\n\n<li><a href=\"http:\/\/przedszkolejenin.pl\/index.php\/2023\/12\/08\/ubieramy-choinki\/\" data-type=\"post\" data-id=\"10806\">Ubieramy choinki<\/a><\/li>\n\n\n\n<li><a href=\"http:\/\/przedszkolejenin.pl\/index.php\/2023\/12\/08\/spotkanie-z-policjantami-i-pracownikami-sanepidu\/\" data-type=\"post\" data-id=\"10803\">Spotkanie z policjantami i pracownikami Sanepidu<\/a><\/li>\n\n\n\n<li><a href=\"http:\/\/przedszkolejenin.pl\/index.php\/2023\/12\/08\/czytanie-na-drugie-sniadanie-jadzia-petelka-piecze-pierniki\/\" data-type=\"post\" data-id=\"10763\">Czytanie na drugie \u015bniadanie \u201eJadzia P\u0119telka piecze pierniki\u201d.<\/a><\/li>\n\n\n\n<li><a href=\"http:\/\/przedszkolejenin.pl\/index.php\/2023\/12\/04\/poznajemy-zawody-naszych-najblizszych-krawcowa\/\" data-type=\"post\" data-id=\"10739\">Poznajemy zawody naszych najbli\u017cszych-krawcowa<\/a><\/li>\n\n\n\n<li><a href=\"http:\/\/przedszkolejenin.pl\/index.php\/2023\/12\/03\/andrzejki-2023\/\" data-type=\"post\" data-id=\"10697\">Andrzejki 2023<\/a><\/li>\n\n\n\n<li><a href=\"http:\/\/przedszkolejenin.pl\/index.php\/2023\/12\/03\/gimnastyka-na-sali-gimnastycznej-w-szkole-podstawowej-w-jeninie\/\" data-type=\"post\" data-id=\"10657\">Gimnastyka na sali gimnastycznej w Szkole Podstawowej w Jeninie<\/a><\/li>\n\n\n\n<li><a href=\"http:\/\/przedszkolejenin.pl\/index.php\/2023\/12\/03\/dzien-pluszowego-misia-2023\/\" data-type=\"post\" data-id=\"10632\">Dzie\u0144 Pluszowego Misia 2023<\/a><\/li>\n\n\n\n<li><a href=\"http:\/\/przedszkolejenin.pl\/index.php\/2023\/11\/21\/gminny-przeglad-tworczosci-dzieciecej\/\" data-type=\"post\" data-id=\"10582\">Gminny Przegl\u0105d Tw\u00f3rczo\u015bci Dzieci\u0119cej<\/a><\/li>\n\n\n\n<li><a href=\"https:\/\/przedszkolejenin.pl\/index.php\/2023\/11\/13\/dzien-niepodleglosci-2023\/\" data-type=\"post\" data-id=\"10528\">Dzie\u0144 Niepodleg\u0142o\u015bci 2023<\/a><\/li>\n\n\n\n<li><a href=\"https:\/\/przedszkolejenin.pl\/index.php\/2023\/11\/13\/bal-jesieni-2023\/\" data-type=\"post\" data-id=\"10522\">Bal Jesieni 2023<\/a><\/li>\n\n\n\n<li><a href=\"https:\/\/przedszkolejenin.pl\/index.php\/2023\/11\/13\/pole-nadziei-2023\/\" data-type=\"post\" data-id=\"10486\">Pole Nadziei 2023<\/a><\/li>\n\n\n\n<li><a href=\"https:\/\/przedszkolejenin.pl\/index.php\/2023\/10\/22\/wycieczka-do-strazy-pozarnej-w-gorzowie-wlkp\/\" data-type=\"post\" data-id=\"10449\">Wycieczka do Stra\u017cy Po\u017carnej w Gorzowie Wlkp.<\/a><\/li>\n\n\n\n<li><a href=\"https:\/\/przedszkolejenin.pl\/index.php\/2023\/10\/22\/wycieczka-do-starostwa-powiatowego-w-gorzowie-wlkp\/\" data-type=\"post\" data-id=\"10393\">Wycieczka do Starostwa Powiatowego w Gorzowie Wlkp.<\/a><\/li>\n\n\n\n<li><a href=\"https:\/\/przedszkolejenin.pl\/index.php\/2023\/10\/22\/europejski-tydzien-kodowania-2023\/\" data-type=\"post\" data-id=\"10313\">Europejski Tydzie\u0144 Kodowania 2023<\/a><\/li>\n\n\n\n<li><a href=\"https:\/\/przedszkolejenin.pl\/index.php\/2023\/10\/22\/dzien-chlopaka-2023\/\" data-type=\"post\" data-id=\"10285\">Dzie\u0144 ch\u0142opaka 2023<\/a><\/li>\n\n\n\n<li><a href=\"https:\/\/przedszkolejenin.pl\/index.php\/2023\/10\/22\/czytanie-na-drugie-sniadanie-2\/\" data-type=\"post\" data-id=\"10256\">Czytanie na drugie \u015bniadanie<\/a><\/li>\n\n\n\n<li><a href=\"https:\/\/przedszkolejenin.pl\/index.php\/2023\/10\/22\/dzien-jablka-2023\/\" data-type=\"post\" data-id=\"10244\">Dzie\u0144 jab\u0142ka 2023<\/a><\/li>\n\n\n\n<li><a href=\"https:\/\/przedszkolejenin.pl\/index.php\/2023\/10\/22\/dzien-z-jesiennym-kwiatkiem-2023\/\" data-type=\"post\" data-id=\"10207\">Dzie\u0144 z jesiennym kwiatkiem 2023<\/a><\/li>\n\n\n\n<li><a href=\"https:\/\/przedszkolejenin.pl\/index.php\/2023\/09\/25\/wiewiorki-poznaja-przepisy-i-znaki-drogowe\/\" data-type=\"post\" data-id=\"10126\">Wiewi\u00f3rki poznaj\u0105 przepisy i znaki drogowe<\/a><\/li>\n\n\n\n<li><a href=\"https:\/\/przedszkolejenin.pl\/index.php\/2023\/09\/24\/dzien-przedszkolaka-2023\/\" data-type=\"post\" data-id=\"10115\">Dzie\u0144 Przedszkolaka 2023<\/a><\/li>\n\n\n\n<li><a href=\"http:\/\/przedszkolejenin.pl\/index.php\/2023\/09\/25\/dzien-kropki-2023\/\" data-type=\"post\" data-id=\"10119\">Dzie\u0144 kropki 2023<\/a><\/li>\n<\/ul>\n","protected":false},"excerpt":{"rendered":"","protected":false},"author":1,"featured_media":0,"parent":41,"menu_order":2,"comment_status":"closed","ping_status":"closed","template":"","meta":[],"_links":{"self":[{"href":"https:\/\/przedszkolejenin.pl\/index.php\/wp-json\/wp\/v2\/pages\/10110"}],"collection":[{"href":"https:\/\/przedszkolejenin.pl\/index.php\/wp-json\/wp\/v2\/pages"}],"about":[{"href":"https:\/\/przedszkolejenin.pl\/index.php\/wp-json\/wp\/v2\/types\/page"}],"author":[{"embeddable":true,"href":"https:\/\/przedszkolejenin.pl\/index.php\/wp-json\/wp\/v2\/users\/1"}],"replies":[{"embeddable":true,"href":"https:\/\/przedszkolejenin.pl\/index.php\/wp-json\/wp\/v2\/comments?post=10110"}],"version-history":[{"count":58,"href":"https:\/\/przedszkolejenin.pl\/index.php\/wp-json\/wp\/v2\/pages\/10110\/revisions"}],"predecessor-version":[{"id":12019,"href":"https:\/\/przedszkolejenin.pl\/index.php\/wp-json\/wp\/v2\/pages\/10110\/revisions\/12019"}],"up":[{"embeddable":true,"href":"https:\/\/przedszkolejenin.pl\/index.php\/wp-json\/wp\/v2\/pages\/41"}],"wp:attachment":[{"href":"https:\/\/przedszkolejenin.pl\/index.php\/wp-json\/wp\/v2\/media?parent=10110"}],"curies":[{"name":"wp","href":"https:\/\/api.w.org\/{rel}","templated":true}]}}